{"id":2533,"date":"2026-04-27T10:40:01","date_gmt":"2026-04-27T02:40:01","guid":{"rendered":"https:\/\/jtlcnc.com\/?post_type=product&#038;p=2533"},"modified":"2026-04-27T10:40:01","modified_gmt":"2026-04-27T02:40:01","slug":"granite-gantry-frame","status":"publish","type":"product","link":"https:\/\/jtlcnc.com\/fr\/produit\/granite-gantry-frame\/","title":{"rendered":"Portique en granit"},"content":{"rendered":"<p>The granite gantry structure simplifies complexity, reduces vibration, improves precision, and delivers superior performance. Our advanced granite technology will help you elevate your manufacturin.<\/p>\n<p>1. Semiconductor and Wafer Manufacturing: As ultra-stable bases for lithography machines, wafer inspection equipment, and wafer thinning 2. Precision Metrology: Support frames for Coordinate Measuring Machines (CMM), Video Measuring Machines (VMM), and laser interferometers. 3. Motion Control Systems: Tng platforms of air-bearing stages utilize the extremely high surface flatness of granite to achieve frictionless motion. 4. Aerospace and Optics: Large-scale aerospace component inspection platfoand high-end optical platforms (optical tables).<\/p>\n<p>1. Excellent dimensional stability: After billions of years of natural aging, internal stresses are fully released, ensuring stability and preventing deformation during long-term use.<br \/>\n2. High vibration damping: Its natural damping performance is over 10 times faster than cast iron, enabling rapid absorption of micro-vibrations generated by mechanical motion.<br \/>\n3. Low cot of thermal expansion: It is extremely insensitive to temperature fluctuations, ensuring consistent geometric precision across different environments.<br \/>\n4. Advanced customization:<br \/>\nQ Search<br \/>\n(1) Multi-position pre-instaThe numerous high-strength threaded inserts shown in the diagram are precisely arranged with micron-level tolerances, facilitating direct installation of the guide rail.<br \/>\n(2) Corrosion-resisNon-magnetic: It does not rust or conduct electricity, making it ideal for cleanroom environments.<\/p>","protected":false},"excerpt":{"rendered":"<p>&nbsp;<\/p>\n<p><strong><b>Catalogue des sp\u00e9cifications des produits pour les plaques et bases de surface en granit de pr\u00e9cision<\/b><\/strong><\/p>\n<ol>\n<li><b><\/b><strong><b>Introduction et caract\u00e9ristiques<\/b><\/strong><\/li>\n<\/ol>\n<p>Shandong JinteLai Precision Machinery Co. est sp\u00e9cialis\u00e9e dans la fabrication de plaques de surface en granit de haute pr\u00e9cision, de bases et de composants de machines \u00e0 partir de granit naturel s\u00e9lectionn\u00e9. Nos produits sont la r\u00e9f\u00e9rence en mati\u00e8re de stabilit\u00e9, de pr\u00e9cision et de long\u00e9vit\u00e9 dans le domaine des mesures de pr\u00e9cision, du contr\u00f4le de la qualit\u00e9 et de la fabrication de pointe.<\/p>\n<p>L'entreprise dispose de conditions de traitement et d'inspection \u00e0 temp\u00e9rature constante et est \u00e9quip\u00e9e d'instruments d'inspection \u00e9lectronique de pr\u00e9cision avanc\u00e9s. Le processus d'inspection de la production et l'emballage des produits sont conformes aux normes d'exportation internationales. L'entreprise a toujours adh\u00e9r\u00e9 au principe de l'int\u00e9grit\u00e9 et de la qualit\u00e9 d'abord, et s'est engag\u00e9e \u00e0 r\u00e9pondre aux besoins des clients avec une technologie de pointe et une gestion scientifique, \u00e0 fournir aux clients une assurance qualit\u00e9 fiable, \u00e0 fournir une qualit\u00e9 de premier ordre, un prix raisonnable et le cycle le plus court, \u00e0 fournir des produits de haute qualit\u00e9 et des services complets aux clients.<\/p>\n<p><strong><b>Avantages principaux :<\/b><\/strong><\/p>\n<ul>\n<li>Ultra stable : Dilatation thermique n\u00e9gligeable, r\u00e9duction des contraintes, maintien de la plan\u00e9it\u00e9 pendant des d\u00e9cennies.<\/li>\n<li>Pr\u00e9cision sup\u00e9rieure : Peut \u00eatre calibr\u00e9 pour atteindre ou d\u00e9passer les normes internationales Grade 00.<\/li>\n<li>Extr\u00eamement durable : Duret\u00e9 \u00e9lev\u00e9e (Mohs \u22656,5), r\u00e9sistant \u00e0 l'usure, \u00e0 la corrosion et non magn\u00e9tique.<\/li>\n<li>Peu d'entretien : Pas de rouille, pas besoin de rev\u00eatement protecteur. Facile \u00e0 nettoyer.<\/li>\n<li>Rentable : Un investissement \u201cunique\u201d en raison de sa durabilit\u00e9 in\u00e9gal\u00e9e.<\/li>\n<\/ul>\n<ol start=\"2\">\n<li><strong><b> Gamme de produits standard et sp\u00e9cifications<\/b><\/strong><\/li>\n<\/ol>\n<p><strong><b>2.1 Plaques de surface en granit<\/b><\/strong>\u00a0\u3010Dimensions standard (Unit\u00e9 : mm)\u3011<\/p>\n<p><strong><b>Sp\u00e9cifications, poids et pr\u00e9cision des plaques de marbre<\/b><\/strong><\/p>\n<table>\n<tbody>\n<tr>\n<td width=\"157\"><strong><b>Sp\u00e9cifications Longueur\u00d7Largeur\u00d7Hauteur<\/b><\/strong><\/td>\n<td width=\"82\"><strong><b>Poids kg<\/b><\/strong><\/td>\n<td width=\"130\"><strong><b>000<\/b><\/strong><strong><b>\u00a0<\/b><\/strong><strong><b>pr\u00e9cision du grade \u03bcm<\/b><\/strong><\/td>\n<td width=\"126\"><strong><b>00 pr\u00e9cision du grade \u03bcm<\/b><\/strong><\/td>\n<td width=\"114\"><strong><b>0<\/b><\/strong><strong><b>\u00a0<\/b><\/strong><strong><b>pr\u00e9cision du grade \u03bcm<\/b><\/strong><\/td>\n<td width=\"103\"><strong><b>1<\/b><\/strong><strong><b>\u00a0<\/b><\/strong><strong><b>grade<\/b><\/strong><strong><b>\u00a0<\/b><\/strong><strong><b>pr\u00e9cision \u03bcm<\/b><\/strong><\/td>\n<\/tr>\n<tr>\n<td width=\"157\"><strong><b>300\u00d7300\u00d750<\/b><\/strong><\/td>\n<td width=\"82\"><strong><b>19<\/b><\/strong><\/td>\n<td width=\"130\"><strong><b>1.5<\/b><\/strong><\/td>\n<td width=\"126\"><strong><b>3<\/b><\/strong><\/td>\n<td width=\"114\"><strong><b>6<\/b><\/strong><\/td>\n<td width=\"103\"><strong><b>12<\/b><\/strong><\/td>\n<\/tr>\n<tr>\n<td width=\"157\"><strong><b>400\u00d7300\u00d770<\/b><\/strong><\/td>\n<td width=\"82\"><strong><b>25<\/b><\/strong><\/td>\n<td width=\"130\"><strong><b>1.5<\/b><\/strong><\/td>\n<td width=\"126\"><strong><b>3<\/b><\/strong><\/td>\n<td width=\"114\"><strong><b>6<\/b><\/strong><\/td>\n<td width=\"103\"><strong><b>12<\/b><\/strong><\/td>\n<\/tr>\n<tr>\n<td width=\"157\"><strong><b>400\u00d7400\u00d770<\/b><\/strong><\/td>\n<td width=\"82\"><strong><b>48<\/b><\/strong><\/td>\n<td width=\"130\"><strong><b>2<\/b><\/strong><\/td>\n<td width=\"126\"><strong><b>3.5<\/b><\/strong><\/td>\n<td width=\"114\"><strong><b>6.5<\/b><\/strong><\/td>\n<td width=\"103\"><strong><b>13<\/b><\/strong><\/td>\n<\/tr>\n<tr>\n<td width=\"157\"><strong><b>630\u00d7400\u00d7100<\/b><\/strong><\/td>\n<td width=\"82\"><strong><b>76<\/b><\/strong><\/td>\n<td width=\"130\"><strong><b>2<\/b><\/strong><\/td>\n<td width=\"126\"><strong><b>3.5<\/b><\/strong><\/td>\n<td width=\"114\"><strong><b>7<\/b><\/strong><\/td>\n<td width=\"103\"><strong><b>14<\/b><\/strong><\/td>\n<\/tr>\n<tr>\n<td width=\"157\"><strong><b>630\u00d7630\u00d7100<\/b><\/strong><\/td>\n<td width=\"82\"><strong><b>155<\/b><\/strong><\/td>\n<td width=\"130\"><strong><b>2<\/b><\/strong><\/td>\n<td width=\"126\"><strong><b>4<\/b><\/strong><\/td>\n<td width=\"114\"><strong><b>8<\/b><\/strong><\/td>\n<td width=\"103\"><strong><b>16<\/b><\/strong><\/td>\n<\/tr>\n<tr>\n<td width=\"157\"><strong><b>800\u00d7600\u00d7100<\/b><\/strong><\/td>\n<td width=\"82\"><strong><b>156<\/b><\/strong><\/td>\n<td width=\"130\"><strong><b>2<\/b><\/strong><\/td>\n<td width=\"126\"><strong><b>4<\/b><\/strong><\/td>\n<td width=\"114\"><strong><b>8<\/b><\/strong><\/td>\n<td width=\"103\"><strong><b>16<\/b><\/strong><\/td>\n<\/tr>\n<tr>\n<td width=\"157\"><strong><b>1000\u00d7630\u00d7130<\/b><\/strong><\/td>\n<td width=\"82\"><strong><b>284<\/b><\/strong><\/td>\n<td width=\"130\"><strong><b>2.5<\/b><\/strong><\/td>\n<td width=\"126\"><strong><b>4.5<\/b><\/strong><\/td>\n<td width=\"114\"><strong><b>9<\/b><\/strong><\/td>\n<td width=\"103\"><strong><b>18<\/b><\/strong><\/td>\n<\/tr>\n<tr>\n<td width=\"157\"><strong><b>1000\u00d7750\u00d7150<\/b><\/strong><\/td>\n<td width=\"82\"><strong><b>338<\/b><\/strong><\/td>\n<td width=\"130\"><strong><b>2.5<\/b><\/strong><\/td>\n<td width=\"126\"><strong><b>5<\/b><\/strong><\/td>\n<td width=\"114\"><strong><b>9<\/b><\/strong><\/td>\n<td width=\"103\"><strong><b>18<\/b><\/strong><\/td>\n<\/tr>\n<tr>\n<td width=\"157\"><strong><b>1000\u00d71000\u00d7150<\/b><\/strong><\/td>\n<td width=\"82\"><strong><b>450<\/b><\/strong><\/td>\n<td width=\"130\"><strong><b>2.5<\/b><\/strong><\/td>\n<td width=\"126\"><strong><b>5<\/b><\/strong><\/td>\n<td width=\"114\"><strong><b>10<\/b><\/strong><\/td>\n<td width=\"103\"><strong><b>20<\/b><\/strong><\/td>\n<\/tr>\n<tr>\n<td width=\"157\"><strong><b>1600\u00d7100\u00d70200<\/b><\/strong><\/td>\n<td width=\"82\"><strong><b>963<\/b><\/strong><\/td>\n<td width=\"130\"><strong><b>3<\/b><\/strong><\/td>\n<td width=\"126\"><strong><b>6<\/b><\/strong><\/td>\n<td width=\"114\"><strong><b>12<\/b><\/strong><\/td>\n<td width=\"103\"><strong><b>24<\/b><\/strong><\/td>\n<\/tr>\n<tr>\n<td width=\"157\"><strong><b>2000\u00d71000\u00d7200<\/b><\/strong><\/td>\n<td width=\"82\"><strong><b>1200<\/b><\/strong><\/td>\n<td width=\"130\"><strong><b>3.5<\/b><\/strong><\/td>\n<td width=\"126\"><strong><b>6.5<\/b><\/strong><\/td>\n<td width=\"114\"><strong><b>13<\/b><\/strong><\/td>\n<td width=\"103\"><strong><b>26<\/b><\/strong><\/td>\n<\/tr>\n<tr>\n<td width=\"157\"><strong><b>1600\u00d71600\u00d7300<\/b><\/strong><\/td>\n<td width=\"82\"><strong><b>2312<\/b><\/strong><\/td>\n<td width=\"130\"><strong><b>3.5<\/b><\/strong><\/td>\n<td width=\"126\"><strong><b>6.5<\/b><\/strong><\/td>\n<td width=\"114\"><strong><b>13<\/b><\/strong><\/td>\n<td width=\"103\"><strong><b>26<\/b><\/strong><\/td>\n<\/tr>\n<tr>\n<td width=\"157\"><strong><b>2000\u00d71600\u00d7300<\/b><\/strong><\/td>\n<td width=\"82\"><strong><b>2890<\/b><\/strong><\/td>\n<td width=\"130\"><strong><b>3.5<\/b><\/strong><\/td>\n<td width=\"126\"><strong><b>7<\/b><\/strong><\/td>\n<td width=\"114\"><strong><b>14<\/b><\/strong><\/td>\n<td width=\"103\"><strong><b>28<\/b><\/strong><\/td>\n<\/tr>\n<tr>\n<td width=\"157\"><strong><b>2500\u00d71600\u00d7300<\/b><\/strong><\/td>\n<td width=\"82\"><strong><b>3612<\/b><\/strong><\/td>\n<td width=\"130\"><strong><b>4<\/b><\/strong><\/td>\n<td width=\"126\"><strong><b>8<\/b><\/strong><\/td>\n<td width=\"114\"><strong><b>16<\/b><\/strong><\/td>\n<td width=\"103\"><strong><b>32<\/b><\/strong><\/td>\n<\/tr>\n<tr>\n<td width=\"157\"><strong><b>3000\u00d72000\u00d7500<\/b><\/strong><\/td>\n<td width=\"82\"><strong><b>9030<\/b><\/strong><\/td>\n<td width=\"130\"><strong><b>4.5<\/b><\/strong><\/td>\n<td width=\"126\"><strong><b>9<\/b><\/strong><\/td>\n<td width=\"114\"><strong><b>18<\/b><\/strong><\/td>\n<td width=\"103\"><strong><b>36<\/b><\/strong><\/td>\n<\/tr>\n<tr>\n<td width=\"157\"><strong><b>4000\u00d72000\u00d7500<\/b><\/strong><\/td>\n<td width=\"82\"><strong><b>12040<\/b><\/strong><\/td>\n<td width=\"130\"><strong><b>5.5<\/b><\/strong><\/td>\n<td width=\"126\"><strong><b>11<\/b><\/strong><\/td>\n<td width=\"114\"><strong><b>22<\/b><\/strong><\/td>\n<td width=\"103\"><strong><b>44<\/b><\/strong><\/td>\n<\/tr>\n<tr>\n<td width=\"157\"><strong><b>6000\u00d72000\u00d7700<\/b><\/strong><\/td>\n<td width=\"82\"><strong><b>25284<\/b><\/strong><\/td>\n<td width=\"130\"><strong><b>7.5<\/b><\/strong><\/td>\n<td width=\"126\"><strong><b>15<\/b><\/strong><\/td>\n<td width=\"114\"><strong><b>30<\/b><\/strong><\/td>\n<td width=\"103\"><strong><b>60<\/b><\/strong><\/td>\n<\/tr>\n<\/tbody>\n<\/table>\n<p><strong><b>Note : D'autres tailles et \u00e9paisseurs sp\u00e9ciales peuvent \u00eatre fabriqu\u00e9es sur mesure.<\/b><\/strong><\/p>\n<p><strong><b>2.<\/b><\/strong><strong><b>2<\/b><\/strong><strong><b>\u00a0Granite Machine Components<\/b><\/strong>\uff08Customization Services\uff09<\/p>\n<p>Custom Dimensions: Any size and thickness available.<\/p>\n<p>Special Machining: Through-holes, threaded inserts, recesses, step features, special grooves.<\/p>\n<p>Granite Base \/ Bed Rigid base for CMM, vision systems, and sensitive equipment. Fully customizable (L, W, H, holes, recesses).<\/p>\n<p><strong><b>3.<\/b><\/strong><strong><b>Technical Data &amp; Standards<\/b><\/strong><\/p>\n<p><strong><b>The precision of granite slab shall refer to the advanced national standards, and the flatness tolerance shall be in accordance with JB\/T7975-1999 standard: Class 000=1 \u00d7 (1+d\/1000) um level 00=2 \u00d7 (1+d\/1000) um Level 0=4 \u00d7 (1+d\/1000) um Level 1=8 \u00d7 (1+d\/1000) um (d is diagonal mm) (measurement temperature is generally 20 \u00b1 2 \u2103<\/b><\/strong><\/p>\n<ol start=\"4\">\n<li><b><\/b><strong><b>Quality &amp; service<\/b><\/strong><\/li>\n<\/ol>\n<p>Quality control 100% flatness test before shipment;<\/p>\n<p>Warranty 12 months warranty against manufacturing defects (Not including abuse and man-made damage)<\/p>\n<p>If any problem occurs with the product during use, we will provide remote guidance via phone or other communication tools, in addition, we will also provide experience daily maintenance and care of the product.<\/p>\n<ol start=\"5\">\n<li><strong><b>5<\/b><\/strong><strong><b>. Packing &amp; Delivery<\/b><\/strong><\/li>\n<\/ol>\n<p>Standard Packaging: Protected corners, plastic wrapping, enclosed in a robust wooden export crate.<\/p>\n<p>Lead Time:<\/p>\n<p>Standard sizes: 15-25 working days after order confirmation.<\/p>\n<p>Customized products: 25-40 working days, depending on complexity.<\/p>\n<p>Shipping:Shanghai \/ Tianjin\u00a0\/ Qingdao \/ or as per customer request.<\/p>\n<ol start=\"6\">\n<li><strong><b> How to Order or Request a Quote<\/b><\/strong><\/li>\n<\/ol>\n<p>To receive a precise quotation and lead time, please provide the following information:<\/p>\n<p>1). Product specifications or Detailed Dimensions (Length, Width, Height).<\/p>\n<p>2). Required Accuracy Grade (Grade 00, 0, etc.).<\/p>\n<p>3). Quantity.<\/p>\n<p>4). Special Requirements (T-slots, holes, inserts, etc.).<\/p>\n<p>5). Destination Port \/ Country.<\/p>\n<p>Contact Us for Engineering Consultation or Custom\u00a0Design.<\/p>\n<p>&#8212;<\/p>\n<p>Disclaimer: Specifications are subject to change without notice. All custom designs require formal drawing approval.<\/p>","protected":false},"featured_media":2483,"template":"","meta":{"_seopress_robots_primary_cat":"","_seopress_titles_title":"","_seopress_titles_desc":"","_seopress_robots_index":"","_kad_blocks_custom_css":"","_kad_blocks_head_custom_js":"","_kad_blocks_body_custom_js":"","_kad_blocks_footer_custom_js":"","_kadence_starter_templates_imported_post":false,"_kad_post_transparent":"default","_kad_post_title":"","_kad_post_layout":"default","_kad_post_sidebar_id":"","_kad_post_content_style":"default","_kad_post_vertical_padding":"default","_kad_post_feature":"","_kad_post_feature_position":"","_kad_post_header":false,"_kad_post_footer":false,"_kad_post_classname":""},"product_brand":[],"product_cat":[39],"product_tag":[],"class_list":{"0":"post-2533","1":"product","2":"type-product","3":"status-publish","4":"has-post-thumbnail","6":"product_cat-components","8":"first","9":"instock","10":"shipping-taxable","11":"product-type-simple","12":"entry","13":"content-bg","14":"loop-entry"},"taxonomy_info":{"product_cat":[{"value":39,"label":"Granite mechanical components"}]},"featured_image_src_large":["https:\/\/jtlcnc.com\/wp-content\/uploads\/2026\/04\/\u5fae\u4fe1\u56fe\u7247_20260420153402_87_25.png",741,932,false],"author_info":[],"comment_info":"","_links":{"self":[{"href":"https:\/\/jtlcnc.com\/fr\/wp-json\/wp\/v2\/product\/2533","targetHints":{"allow":["GET"]}}],"collection":[{"href":"https:\/\/jtlcnc.com\/fr\/wp-json\/wp\/v2\/product"}],"about":[{"href":"https:\/\/jtlcnc.com\/fr\/wp-json\/wp\/v2\/types\/product"}],"wp:featuredmedia":[{"embeddable":true,"href":"https:\/\/jtlcnc.com\/fr\/wp-json\/wp\/v2\/media\/2483"}],"wp:attachment":[{"href":"https:\/\/jtlcnc.com\/fr\/wp-json\/wp\/v2\/media?parent=2533"}],"wp:term":[{"taxonomy":"product_brand","embeddable":true,"href":"https:\/\/jtlcnc.com\/fr\/wp-json\/wp\/v2\/product_brand?post=2533"},{"taxonomy":"product_cat","embeddable":true,"href":"https:\/\/jtlcnc.com\/fr\/wp-json\/wp\/v2\/product_cat?post=2533"},{"taxonomy":"product_tag","embeddable":true,"href":"https:\/\/jtlcnc.com\/fr\/wp-json\/wp\/v2\/product_tag?post=2533"}],"curies":[{"name":"wp","href":"https:\/\/api.w.org\/{rel}","templated":true}]}}