{"id":2064,"date":"2026-03-09T10:14:56","date_gmt":"2026-03-09T02:14:56","guid":{"rendered":"https:\/\/jtlcnc.com\/?post_type=product&#038;p=2064"},"modified":"2026-03-09T10:14:56","modified_gmt":"2026-03-09T02:14:56","slug":"precision-granite-structural-base","status":"publish","type":"product","link":"https:\/\/jtlcnc.com\/fr\/produit\/precision-granite-structural-base\/","title":{"rendered":"Base structurelle en granit de pr\u00e9cision"},"content":{"rendered":"<p>I. Mat\u00e9riaux et performances de base<br \/>\nPierre s\u00e9lectionn\u00e9e : granit noir de haute qualit\u00e9 repr\u00e9sent\u00e9 par **Jinan Green (G3701)**, avec un vieillissement suffisant et un stress r\u00e9siduel extr\u00eamement faible ; duret\u00e9 Mohs 6-7, densit\u00e9 2,65-2,8g\/cm\u00b3, absorption d'eau 0,1% ; coefficient de dilatation lin\u00e9aire d'environ 4,6\u00d710-\u2076\/\u2103, seulement la moiti\u00e9 de celui de l'acier, r\u00e9sultant en pratiquement aucun gauchissement local sous une temp\u00e9rature uniforme ; non magn\u00e9tique, r\u00e9sistant \u00e0 la corrosion acide et alcaline, et ne n\u00e9cessitant pas de traitement antirouille.<\/p>\n<p>Avantages des performances de base<br \/>\nAmortissement \u00e9lev\u00e9 R\u00e9duction des vibrations : La performance d'amortissement des vibrations est 5 \u00e0 10 fois sup\u00e9rieure \u00e0 celle de la fonte, ce qui permet de supprimer efficacement la r\u00e9sonance de l'\u00e9quipement et les interf\u00e9rences de vibrations externes ;<br \/>\nStabilit\u00e9 de la pr\u00e9cision \u00e0 long terme : Aucune r\u00e9vision ou \u00e9talonnage majeur n'est n\u00e9cessaire pendant 5 \u00e0 8 ans ou plus, ce qui d\u00e9passe de loin les bases m\u00e9talliques ;<br \/>\nQualit\u00e9 de la surface : Apr\u00e8s le rodage manuel de pr\u00e9cision au diamant, la rugosit\u00e9 de surface peut atteindre Ra0,02\u03bcm, et la plan\u00e9it\u00e9 des petites sp\u00e9cifications peut atteindre 1,5\u03bcm pour le grade 000.<\/p>\n<p>Limites : Grande fragilit\u00e9 et faible r\u00e9sistance aux chocs ; la manipulation brutale est strictement interdite ; les r\u00e9parations ne peuvent pas \u00eatre soud\u00e9es et les dommages graves n\u00e9cessitent un remplacement complet ; long d\u00e9lai d'ex\u00e9cution pour les pi\u00e8ces sur mesure et co\u00fbt d'achat initial plus \u00e9lev\u00e9 que celui des pi\u00e8ces sur mesure.<\/p>","protected":false},"excerpt":{"rendered":"<table>\n<tbody>\n<tr>\n<td colspan=\"2\" width=\"411\"><strong><b>Caract\u00e9ristiques principales<\/b><\/strong><\/td>\n<td width=\"211\">&nbsp;<\/td>\n<td width=\"251\">&nbsp;<\/td>\n<\/tr>\n<tr>\n<td><strong><b>pr\u00e9cision<\/b><\/strong><\/td>\n<td><strong><b>\u00a0Grade 0, Grade 00, Grade 000<\/b><\/strong><\/td>\n<td><strong><b>lieu d'origine<\/b><\/strong><\/td>\n<td><strong><b>Shandong, Chine<\/b><\/strong><\/td>\n<\/tr>\n<tr>\n<td><strong><b>nom de marque<\/b><\/strong><\/td>\n<td><strong><b>jintelai<\/b><\/strong><\/td>\n<td><strong><b>num\u00e9ro de mod\u00e8le<\/b><\/strong><\/td>\n<td><strong><b>\u00a0Sur mesure<\/b><\/strong><\/td>\n<\/tr>\n<tr>\n<td><strong><b>Nom du produit<\/b><\/strong><\/td>\n<td><strong><b>Plate-forme de pr\u00e9cision en granit<\/b><\/strong><\/td>\n<td><strong><b>mat\u00e9riel garantie granite<\/b><\/strong><\/td>\n<td><strong><b>1 an<\/b><\/strong><\/td>\n<\/tr>\n<tr>\n<td><strong><b>Fonction<\/b><\/strong><\/td>\n<td width=\"265\"><strong><b>la mesure, l'inspection, l'\u00e9talonnage et le contr\u00f4le de la qualit\u00e9<\/b><\/strong><\/td>\n<td><strong><b>un soutien personnalis\u00e9<\/b><\/strong><\/td>\n<td><strong><b>OEM, ODM<\/b><\/strong><\/td>\n<\/tr>\n<tr>\n<td><strong><b>mat\u00e9riel<\/b><\/strong><\/td>\n<td><strong><b>Granit brut<\/b><\/strong><\/td>\n<td><strong><b>Caract\u00e9ristiques<\/b><\/strong><\/td>\n<td><strong><b>Duret\u00e9 \u00e9lev\u00e9e, r\u00e9sistance \u00e0 l'usure<\/b><\/strong><\/td>\n<\/tr>\n<tr>\n<td><strong><b>Nom du produit<\/b><\/strong><\/td>\n<td><strong><b>Plate-forme de pr\u00e9cision en granit<\/b><\/strong><\/td>\n<td><strong><b>Paquet<\/b><\/strong><\/td>\n<td><strong><b>Bo\u00eete en bois<\/b><\/strong><\/td>\n<\/tr>\n<tr>\n<td><strong><b>MOQ<\/b><\/strong><\/td>\n<td><strong><b>1pcs<\/b><\/strong><\/td>\n<td><strong><b>Taille<\/b><\/strong><\/td>\n<td><strong><b>\u00a0Sur mesure<\/b><\/strong><\/td>\n<\/tr>\n<tr>\n<td><strong><b>Application<\/b><\/strong><\/td>\n<td><strong><b>Automatique industriel<\/b><\/strong><\/td>\n<td><strong><b>Exp\u00e9dition<\/b><\/strong><\/td>\n<td><strong><b>Mer<\/b><\/strong><\/td>\n<\/tr>\n<tr>\n<td><strong><b>Principaux arguments de vente<\/b><\/strong><\/td>\n<td colspan=\"3\"><strong><b>Faible co\u00fbt d'entretien<\/b><\/strong><\/td>\n<\/tr>\n<\/tbody>\n<\/table>","protected":false},"featured_media":2067,"template":"","meta":{"_seopress_robots_primary_cat":"","_seopress_titles_title":"","_seopress_titles_desc":"","_seopress_robots_index":"","_kad_blocks_custom_css":"","_kad_blocks_head_custom_js":"","_kad_blocks_body_custom_js":"","_kad_blocks_footer_custom_js":"","_kadence_starter_templates_imported_post":false,"_kad_post_transparent":"default","_kad_post_title":"","_kad_post_layout":"default","_kad_post_sidebar_id":"","_kad_post_content_style":"default","_kad_post_vertical_padding":"default","_kad_post_feature":"","_kad_post_feature_position":"","_kad_post_header":false,"_kad_post_footer":false,"_kad_post_classname":""},"product_brand":[],"product_cat":[45],"product_tag":[],"class_list":{"0":"post-2064","1":"product","2":"type-product","3":"status-publish","4":"has-post-thumbnail","6":"product_cat-base","8":"first","9":"instock","10":"shipping-taxable","11":"product-type-simple","12":"entry","13":"content-bg","14":"loop-entry"},"taxonomy_info":{"product_cat":[{"value":45,"label":"Granite equipment base"}]},"featured_image_src_large":["https:\/\/jtlcnc.com\/wp-content\/uploads\/2026\/03\/87693e5e01fedaea04055dd5986cb75ctplv-be4g95zd3a-image_\u770b\u56fe\u738b.jpg",960,720,false],"author_info":[],"comment_info":"","_links":{"self":[{"href":"https:\/\/jtlcnc.com\/fr\/wp-json\/wp\/v2\/product\/2064","targetHints":{"allow":["GET"]}}],"collection":[{"href":"https:\/\/jtlcnc.com\/fr\/wp-json\/wp\/v2\/product"}],"about":[{"href":"https:\/\/jtlcnc.com\/fr\/wp-json\/wp\/v2\/types\/product"}],"wp:featuredmedia":[{"embeddable":true,"href":"https:\/\/jtlcnc.com\/fr\/wp-json\/wp\/v2\/media\/2067"}],"wp:attachment":[{"href":"https:\/\/jtlcnc.com\/fr\/wp-json\/wp\/v2\/media?parent=2064"}],"wp:term":[{"taxonomy":"product_brand","embeddable":true,"href":"https:\/\/jtlcnc.com\/fr\/wp-json\/wp\/v2\/product_brand?post=2064"},{"taxonomy":"product_cat","embeddable":true,"href":"https:\/\/jtlcnc.com\/fr\/wp-json\/wp\/v2\/product_cat?post=2064"},{"taxonomy":"product_tag","embeddable":true,"href":"https:\/\/jtlcnc.com\/fr\/wp-json\/wp\/v2\/product_tag?post=2064"}],"curies":[{"name":"wp","href":"https:\/\/api.w.org\/{rel}","templated":true}]}}