{"id":2032,"date":"2026-03-06T08:57:00","date_gmt":"2026-03-06T00:57:00","guid":{"rendered":"https:\/\/jtlcnc.com\/?post_type=product&#038;p=2032"},"modified":"2026-03-06T08:57:01","modified_gmt":"2026-03-06T00:57:01","slug":"cnc-granite-base","status":"publish","type":"product","link":"https:\/\/jtlcnc.com\/fr\/produit\/cnc-granite-base\/","title":{"rendered":"BASE EN GRANIT CNC"},"content":{"rendered":"<p>Fabriqu\u00e9 en pierre \u201cJinan Black\u201d de haute qualit\u00e9 par traitement m\u00e9canique et meulage de pr\u00e9cision \u00e0 la main. Il se caract\u00e9rise par une grande pr\u00e9cision, l'absence de d\u00e9formation, une excellente stabilit\u00e9 et une longue dur\u00e9e de vie, ce qui le rend adapt\u00e9 aux travaux de mesure dans les ateliers d'usinage et les laboratoires.<br \/>\nLes principaux composants min\u00e9raux du granit \u201cnoir de Jinan\u201d sont le pyrox\u00e8ne, le plagioclase, la biotite et des traces de magn\u00e9tite. De couleur noire et de structure fine, il a subi un vieillissement de plusieurs centaines de millions d'ann\u00e9es, ce qui lui conf\u00e8re une texture uniforme, une excellente stabilit\u00e9, une grande r\u00e9sistance et une duret\u00e9 \u00e9lev\u00e9e, lui permettant de conserver une grande pr\u00e9cision sous de lourdes charges.<br \/>\nAvantages :<br \/>\n1. Haute pr\u00e9cision, excellente stabilit\u00e9 et r\u00e9sistance \u00e0 l'usure, garantissant la pr\u00e9cision des mesures \u00e0 temp\u00e9rature ambiante.<br \/>\n2. Inoxydables, r\u00e9sistants aux acides et aux alcalis, ils ne n\u00e9cessitent pas d'entretien particulier.<br \/>\n3. Excellente r\u00e9sistance \u00e0 l'usure et longue dur\u00e9e de vie.<br \/>\n4. Les rayures ou les bosses sur la surface de travail n'affectent pas la pr\u00e9cision de la mesure.<br \/>\n5. Pas de probl\u00e8me de magn\u00e9tisation.<br \/>\n6. Glissement doux pendant la mesure, sans collage.<\/p>\n<p>Nous pouvons traiter divers composants en granit pour les MMT, tels que les bases, les colonnes, les traverses et les guides. Nous pouvons \u00e9galement traiter des basses, des portiques et des glissi\u00e8res en granit pour les perceuses et fraiseuses de circuits imprim\u00e9s, ainsi que pour les machines \u00e0 graver.<br \/>\nNous fabriquons d'autres produits de forme personnalis\u00e9e pour les clients.<br \/>\nLa combinaison parfaite du granit et du m\u00e9tal.<\/p>\n<p>&nbsp;<\/p>","protected":false},"excerpt":{"rendered":"<table width=\"873\">\n<tbody>\n<tr>\n<td colspan=\"2\" width=\"411\">Caract\u00e9ristiques principales<\/td>\n<td width=\"211\"><\/td>\n<td width=\"251\"><\/td>\n<\/tr>\n<tr>\n<td>pr\u00e9cision<\/td>\n<td>\u00a0Grade 0, Grade 00, Grade 000<\/td>\n<td>lieu d'origine<\/td>\n<td>Shandong, Chine<\/td>\n<\/tr>\n<tr>\n<td>nom de marque<\/td>\n<td>jintelai<\/td>\n<td>num\u00e9ro de mod\u00e8le<\/td>\n<td>\u00a0Sur mesure<\/td>\n<\/tr>\n<tr>\n<td>Nom du produit<\/td>\n<td>Plate-forme de pr\u00e9cision en granit<\/td>\n<td>mat\u00e9riel garantie granite<\/td>\n<td>1 an<\/td>\n<\/tr>\n<tr>\n<td>Fonction<\/td>\n<td width=\"265\">la mesure, l'inspection, l'\u00e9talonnage et le contr\u00f4le de la qualit\u00e9<\/td>\n<td>un soutien personnalis\u00e9<\/td>\n<td>OEM, ODM<\/td>\n<\/tr>\n<tr>\n<td>mat\u00e9riel<\/td>\n<td>Granit brut<\/td>\n<td>Caract\u00e9ristiques<\/td>\n<td>Duret\u00e9 \u00e9lev\u00e9e, r\u00e9sistance \u00e0 l'usure<\/td>\n<\/tr>\n<tr>\n<td>Nom du produit<\/td>\n<td>Plate-forme de pr\u00e9cision en granit<\/td>\n<td>Paquet<\/td>\n<td>Bo\u00eete en bois<\/td>\n<\/tr>\n<tr>\n<td>MOQ<\/td>\n<td>1pcs<\/td>\n<td>Taille<\/td>\n<td>\u00a0Sur mesure<\/td>\n<\/tr>\n<tr>\n<td>Application<\/td>\n<td>Automatique industriel<\/td>\n<td>Exp\u00e9dition<\/td>\n<td>Mer<\/td>\n<\/tr>\n<tr>\n<td>Principaux arguments de vente<\/td>\n<td colspan=\"3\">Faible co\u00fbt d'entretien<\/td>\n<\/tr>\n<\/tbody>\n<\/table>","protected":false},"featured_media":1917,"template":"","meta":{"_seopress_robots_primary_cat":"","_seopress_titles_title":"","_seopress_titles_desc":"","_seopress_robots_index":"","_kad_blocks_custom_css":"","_kad_blocks_head_custom_js":"","_kad_blocks_body_custom_js":"","_kad_blocks_footer_custom_js":"","_kadence_starter_templates_imported_post":false,"_kad_post_transparent":"default","_kad_post_title":"","_kad_post_layout":"default","_kad_post_sidebar_id":"","_kad_post_content_style":"default","_kad_post_vertical_padding":"default","_kad_post_feature":"","_kad_post_feature_position":"","_kad_post_header":false,"_kad_post_footer":false,"_kad_post_classname":""},"product_brand":[],"product_cat":[45],"product_tag":[],"class_list":{"0":"post-2032","1":"product","2":"type-product","3":"status-publish","4":"has-post-thumbnail","6":"product_cat-base","8":"first","9":"instock","10":"shipping-taxable","11":"product-type-simple","12":"entry","13":"content-bg","14":"loop-entry"},"taxonomy_info":{"product_cat":[{"value":45,"label":"Granite equipment base"}]},"featured_image_src_large":["https:\/\/jtlcnc.com\/wp-content\/uploads\/2026\/02\/\u5fae\u4fe1\u56fe\u7247_20260225093050_6_11.jpg",312,240,false],"author_info":[],"comment_info":"","_links":{"self":[{"href":"https:\/\/jtlcnc.com\/fr\/wp-json\/wp\/v2\/product\/2032","targetHints":{"allow":["GET"]}}],"collection":[{"href":"https:\/\/jtlcnc.com\/fr\/wp-json\/wp\/v2\/product"}],"about":[{"href":"https:\/\/jtlcnc.com\/fr\/wp-json\/wp\/v2\/types\/product"}],"wp:featuredmedia":[{"embeddable":true,"href":"https:\/\/jtlcnc.com\/fr\/wp-json\/wp\/v2\/media\/1917"}],"wp:attachment":[{"href":"https:\/\/jtlcnc.com\/fr\/wp-json\/wp\/v2\/media?parent=2032"}],"wp:term":[{"taxonomy":"product_brand","embeddable":true,"href":"https:\/\/jtlcnc.com\/fr\/wp-json\/wp\/v2\/product_brand?post=2032"},{"taxonomy":"product_cat","embeddable":true,"href":"https:\/\/jtlcnc.com\/fr\/wp-json\/wp\/v2\/product_cat?post=2032"},{"taxonomy":"product_tag","embeddable":true,"href":"https:\/\/jtlcnc.com\/fr\/wp-json\/wp\/v2\/product_tag?post=2032"}],"curies":[{"name":"wp","href":"https:\/\/api.w.org\/{rel}","templated":true}]}}