{"id":1992,"date":"2026-03-04T09:05:16","date_gmt":"2026-03-04T01:05:16","guid":{"rendered":"https:\/\/jtlcnc.com\/?post_type=product&#038;p=1992"},"modified":"2026-03-04T09:05:17","modified_gmt":"2026-03-04T01:05:17","slug":"marble-equipment-base","status":"publish","type":"product","link":"https:\/\/jtlcnc.com\/fr\/produit\/marble-equipment-base\/","title":{"rendered":"Base d'\u00e9quipement en marbre"},"content":{"rendered":"<table width=\"873\">\n<tbody>\n<tr>\n<td colspan=\"2\" width=\"411\">Caract\u00e9ristiques principales<\/td>\n<td width=\"211\"><\/td>\n<td width=\"251\"><\/td>\n<\/tr>\n<tr>\n<td>pr\u00e9cision<\/td>\n<td>\u00a0Grade 0, Grade 00, Grade 000<\/td>\n<td>lieu d'origine<\/td>\n<td>Shandong, Chine<\/td>\n<\/tr>\n<tr>\n<td>nom de marque<\/td>\n<td>jintelai<\/td>\n<td>num\u00e9ro de mod\u00e8le<\/td>\n<td>\u00a0Sur mesure<\/td>\n<\/tr>\n<tr>\n<td>Nom du produit<\/td>\n<td>Plate-forme de pr\u00e9cision en granit<\/td>\n<td>mat\u00e9riel garantie granite<\/td>\n<td>1 an<\/td>\n<\/tr>\n<tr>\n<td>Fonction<\/td>\n<td width=\"265\">la mesure, l'inspection, l'\u00e9talonnage et le contr\u00f4le de la qualit\u00e9<\/td>\n<td>un soutien personnalis\u00e9<\/td>\n<td>OEM, ODM<\/td>\n<\/tr>\n<tr>\n<td>mat\u00e9riel<\/td>\n<td>Granit brut<\/td>\n<td>Caract\u00e9ristiques<\/td>\n<td>Duret\u00e9 \u00e9lev\u00e9e, r\u00e9sistance \u00e0 l'usure<\/td>\n<\/tr>\n<tr>\n<td>Nom du produit<\/td>\n<td>Plate-forme de pr\u00e9cision en granit<\/td>\n<td>Paquet<\/td>\n<td>Bo\u00eete en bois<\/td>\n<\/tr>\n<tr>\n<td>MOQ<\/td>\n<td>1pcs<\/td>\n<td>Taille<\/td>\n<td>\u00a0Sur mesure<\/td>\n<\/tr>\n<tr>\n<td>Application<\/td>\n<td>Automatique industriel<\/td>\n<td>Exp\u00e9dition<\/td>\n<td>Mer<\/td>\n<\/tr>\n<tr>\n<td>Principaux arguments de vente<\/td>\n<td colspan=\"3\">Faible co\u00fbt d'entretien<\/td>\n<\/tr>\n<\/tbody>\n<\/table>","protected":false},"excerpt":{"rendered":"<p>Fabriqu\u00e9 en pierre \u201cJinan Black\u201d de haute qualit\u00e9 par traitement m\u00e9canique et meulage de pr\u00e9cision \u00e0 la main. Elle se caract\u00e9rise par une grande pr\u00e9cision, l'absence de d\u00e9formation, une excellente stabilit\u00e9 et une longue dur\u00e9e de vie.<br \/>\nNous pouvons fabriquer divers composants de soutien pour les utilisateurs, tels que des bases, des colonnes, des traverses et des guides en granit pour les MMT. Nous pouvons \u00e9galement fabriquer des bases en granit, des portiques et des glissi\u00e8res pour diverses perceuses, fraiseuses et machines \u00e0 graver pour circuits imprim\u00e9s.<br \/>\nNous fabriquons d'autres produits de forme sp\u00e9ciale pour les utilisateurs.<br \/>\nLa combinaison parfaite de l'\u00e9lectronique en granit.<\/p>\n<p>Avantages :<br \/>\n1. Haute pr\u00e9cision, excellente stabilit\u00e9 et r\u00e9sistance \u00e0 la d\u00e9formation, garantissant la pr\u00e9cision des mesures \u00e0 temp\u00e9rature ambiante.<br \/>\n2. Antirouille, r\u00e9sistant aux acides et aux alcalis et ne n\u00e9cessitant pas d'entretien particulier.<br \/>\n3. Excellente r\u00e9sistance \u00e0 l'usure et longue dur\u00e9e de vie.<br \/>\n4. Les rayures ou les bosses sur la surface de travail n'affectent pas la pr\u00e9cision de la mesure.<br \/>\n5. Pas de probl\u00e8me de magn\u00e9tisation.<br \/>\n6. Glissement en douceur pendant la mesure, sans sensation de collage.<\/p>\n<p>&nbsp;<\/p>\n<figure id=\"attachment_1925\" aria-describedby=\"caption-attachment-1925\" style=\"width: 1920px\" class=\"wp-caption alignnone\"><img alt=\"\" fetchpriority=\"high\" decoding=\"async\" class=\"size-full wp-image-1925\" src=\"https:\/\/jtlcnc.com\/wp-content\/uploads\/2026\/02\/\u5fae\u4fe1\u56fe\u7247_20260226085922_9_11-scaled.jpg\" width=\"1920\" height=\"2560\" srcset=\"https:\/\/jtlcnc.com\/wp-content\/uploads\/2026\/02\/\u5fae\u4fe1\u56fe\u7247_20260226085922_9_11-scaled.jpg 1920w, https:\/\/jtlcnc.com\/wp-content\/uploads\/2026\/02\/\u5fae\u4fe1\u56fe\u7247_20260226085922_9_11-225x300.jpg 225w, https:\/\/jtlcnc.com\/wp-content\/uploads\/2026\/02\/\u5fae\u4fe1\u56fe\u7247_20260226085922_9_11-768x1024.jpg 768w, https:\/\/jtlcnc.com\/wp-content\/uploads\/2026\/02\/\u5fae\u4fe1\u56fe\u7247_20260226085922_9_11-1152x1536.jpg 1152w, https:\/\/jtlcnc.com\/wp-content\/uploads\/2026\/02\/\u5fae\u4fe1\u56fe\u7247_20260226085922_9_11-1536x2048.jpg 1536w, https:\/\/jtlcnc.com\/wp-content\/uploads\/2026\/02\/\u5fae\u4fe1\u56fe\u7247_20260226085922_9_11-9x12.jpg 9w, https:\/\/jtlcnc.com\/wp-content\/uploads\/2026\/02\/\u5fae\u4fe1\u56fe\u7247_20260226085922_9_11-800x1067.jpg 800w\" sizes=\"(max-width: 1920px) 100vw, 1920px\" \/><figcaption id=\"caption-attachment-1925\" class=\"wp-caption-text\">oppo_32<\/figcaption><\/figure>","protected":false},"featured_media":1925,"template":"","meta":{"_seopress_robots_primary_cat":"","_seopress_titles_title":"","_seopress_titles_desc":"","_seopress_robots_index":"","_kad_blocks_custom_css":"","_kad_blocks_head_custom_js":"","_kad_blocks_body_custom_js":"","_kad_blocks_footer_custom_js":"","_kadence_starter_templates_imported_post":false,"_kad_post_transparent":"default","_kad_post_title":"","_kad_post_layout":"default","_kad_post_sidebar_id":"","_kad_post_content_style":"default","_kad_post_vertical_padding":"default","_kad_post_feature":"","_kad_post_feature_position":"","_kad_post_header":false,"_kad_post_footer":false,"_kad_post_classname":""},"product_brand":[],"product_cat":[45],"product_tag":[],"class_list":{"0":"post-1992","1":"product","2":"type-product","3":"status-publish","4":"has-post-thumbnail","6":"product_cat-base","8":"first","9":"instock","10":"shipping-taxable","11":"product-type-simple","12":"entry","13":"content-bg","14":"loop-entry"},"taxonomy_info":{"product_cat":[{"value":45,"label":"Granite equipment base"}]},"featured_image_src_large":["https:\/\/jtlcnc.com\/wp-content\/uploads\/2026\/02\/\u5fae\u4fe1\u56fe\u7247_20260226085922_9_11-768x1024.jpg",768,1024,true],"author_info":[],"comment_info":"","_links":{"self":[{"href":"https:\/\/jtlcnc.com\/fr\/wp-json\/wp\/v2\/product\/1992","targetHints":{"allow":["GET"]}}],"collection":[{"href":"https:\/\/jtlcnc.com\/fr\/wp-json\/wp\/v2\/product"}],"about":[{"href":"https:\/\/jtlcnc.com\/fr\/wp-json\/wp\/v2\/types\/product"}],"wp:featuredmedia":[{"embeddable":true,"href":"https:\/\/jtlcnc.com\/fr\/wp-json\/wp\/v2\/media\/1925"}],"wp:attachment":[{"href":"https:\/\/jtlcnc.com\/fr\/wp-json\/wp\/v2\/media?parent=1992"}],"wp:term":[{"taxonomy":"product_brand","embeddable":true,"href":"https:\/\/jtlcnc.com\/fr\/wp-json\/wp\/v2\/product_brand?post=1992"},{"taxonomy":"product_cat","embeddable":true,"href":"https:\/\/jtlcnc.com\/fr\/wp-json\/wp\/v2\/product_cat?post=1992"},{"taxonomy":"product_tag","embeddable":true,"href":"https:\/\/jtlcnc.com\/fr\/wp-json\/wp\/v2\/product_tag?post=1992"}],"curies":[{"name":"wp","href":"https:\/\/api.w.org\/{rel}","templated":true}]}}