{"id":1813,"date":"2026-02-10T09:40:13","date_gmt":"2026-02-10T01:40:13","guid":{"rendered":"https:\/\/jtlcnc.com\/?post_type=product&#038;p=1813"},"modified":"2026-02-10T09:44:11","modified_gmt":"2026-02-10T01:44:11","slug":"high-precision-granite-equipment-base","status":"publish","type":"product","link":"https:\/\/jtlcnc.com\/fr\/produit\/high-precision-granite-equipment-base\/","title":{"rendered":"Base de l'\u00e9quipement en granit de haute pr\u00e9cision"},"content":{"rendered":"<p><strong><b>COMPARAISON DES MAT\u00c9RIAUX DE GRANIT<\/b><\/strong><\/p>\n<table>\n<tbody>\n<tr>\n<td width=\"148\"><strong><b>contenu<\/b><\/strong><\/td>\n<td width=\"166\"><strong><b>Jinan Noir<\/b><\/strong><\/td>\n<td><strong><b>Noir indien<\/b><\/strong><\/td>\n<td width=\"274\"><strong><b>S\u00e9same noir 654<\/b><\/strong><\/td>\n<\/tr>\n<tr>\n<td width=\"148\"><strong><b>Gravit\u00e9 sp\u00e9cifique<\/b><\/strong><\/td>\n<td width=\"166\"><strong><b>3100-3300kg\/m3<\/b><\/strong><\/td>\n<td><strong><b>3200-3300kg\/m3<\/b><\/strong><\/td>\n<td width=\"274\"><strong><b>2900-3000 kg\/m3<\/b><\/strong><\/td>\n<\/tr>\n<tr>\n<td width=\"148\"><strong><b>Module d'\u00e9lasticit\u00e9<\/b><\/strong><\/td>\n<td width=\"166\"><strong><b>1,27\u00d7105 N\/mm2<\/b><\/strong><\/td>\n<td><strong><b>1,29\u00d7105 N\/mm2<\/b><\/strong><\/td>\n<td width=\"274\"><strong><b>1,27\u00d7105 N\/mm2<\/b><\/strong><\/td>\n<\/tr>\n<tr>\n<td width=\"148\"><strong><b>Coefficient de dilatation lin\u00e9aire<\/b><\/strong><\/td>\n<td width=\"166\"><strong><b>4.61\u00d710 -6\/\u2103<\/b><\/strong><\/td>\n<td><strong><b>4.61\u00d710 -6\/\u2103<\/b><\/strong><\/td>\n<td width=\"274\"><strong><b>4.61\u00d710 -6\/C<\/b><\/strong><\/td>\n<\/tr>\n<tr>\n<td width=\"148\"><strong><b>Coefficient de dilatation thermique<\/b><\/strong><\/td>\n<td width=\"166\"><strong><b>0,18%\/C<\/b><\/strong><\/td>\n<td><strong><b>0,18%\/\u00b0C<\/b><\/strong><\/td>\n<td width=\"274\"><strong><b>0,2%\/C<\/b><\/strong><\/td>\n<\/tr>\n<tr>\n<td width=\"148\"><strong><b>Absorption de l'eau<\/b><\/strong><\/td>\n<td width=\"166\"><strong><b>&lt;0,013%<\/b><\/strong><\/td>\n<td><strong><b>&lt;0,011%<\/b><\/strong><\/td>\n<td width=\"274\"><strong><b>&lt;0,013%<\/b><\/strong><\/td>\n<\/tr>\n<tr>\n<td width=\"148\"><strong><b>Duret\u00e9 Rockwell<\/b><\/strong><\/td>\n<td width=\"166\"><strong><b>&gt;70.9<\/b><\/strong><\/td>\n<td><strong><b>&gt;70.9<\/b><\/strong><\/td>\n<td width=\"274\"><strong><b>&gt;70.9<\/b><\/strong><\/td>\n<\/tr>\n<tr>\n<td width=\"148\"><strong><b>\u00c9quivalent de rayonnement<\/b><\/strong><\/td>\n<td width=\"166\"><strong><b>0,38uSv\/h<\/b><\/strong><\/td>\n<td><strong><b>0,35uSv\/h<\/b><\/strong><\/td>\n<td width=\"274\"><strong><b>0,38uSv\/h<\/b><\/strong><\/td>\n<\/tr>\n<tr>\n<td width=\"148\"><strong><b>R\u00e9sistance \u00e0 la compression \u00e0 sec<\/b><\/strong><\/td>\n<td width=\"166\"><strong><b>220,1MPa<\/b><\/strong><\/td>\n<td><strong><b>221,1MPa<\/b><\/strong><\/td>\n<td width=\"274\"><strong><b>218,3MPa<\/b><\/strong><\/td>\n<\/tr>\n<tr>\n<td width=\"148\"><strong><b>Apparence<\/b><\/strong><\/td>\n<td width=\"166\"><strong><b>Taches blanches uniform\u00e9ment r\u00e9parties, comme des flocons de neige (apparaissant translucides), avec un aspect propre et brillant apr\u00e8s l'entretien.<\/b><\/strong><\/td>\n<td><strong><b>Des taches blanches uniform\u00e9ment r\u00e9parties comme des flocons de neige, avec un mat\u00e9riau de base noir et brillant. Apr\u00e8s entretien, l'aspect est<\/b><\/strong><strong><b><br \/>\n<\/b><\/strong><strong><b>propre et brillant.<\/b><\/strong><\/td>\n<td width=\"274\"><strong><b>Il y a une r\u00e9partition uniforme des pics blancs (non transparents), dont le motif est plus grand que celui des pics noirs de Jinan.<\/b><\/strong><strong><b><br \/>\n<\/b><\/strong><strong><b>est propre mais moins brillant que le JinanBlack.<\/b><\/strong><\/td>\n<\/tr>\n<tr>\n<td width=\"148\"><strong><b>R\u00e9tention de pr\u00e9cision<\/b><\/strong><\/td>\n<td width=\"166\"><strong><b>Inf\u00e9rieur \u00e0 5 microm\u00e8tres (um)<\/b><\/strong><\/td>\n<td><strong><b>Inf\u00e9rieur \u00e0 5 microm\u00e8tres (um)<\/b><\/strong><\/td>\n<td width=\"274\"><strong><b>5-10um<\/b><\/strong><\/td>\n<\/tr>\n<tr>\n<td width=\"148\"><strong><b>Facilit\u00e9 de traitement<\/b><\/strong><\/td>\n<td width=\"166\"><strong><b>Facile<\/b><\/strong><\/td>\n<td><strong><b>Dur<\/b><\/strong><\/td>\n<td width=\"274\"><strong><b>Plus dur<\/b><\/strong><\/td>\n<\/tr>\n<tr>\n<td colspan=\"4\" width=\"803\"><strong><b>En raison des politiques environnementales de la Chine, l'exploitation du granit noir de Jinan a \u00e9t\u00e9 interrompue depuis 2006. Apr\u00e8s 15 ans, des<\/b><\/strong><strong><b><br \/>\n<\/b><\/strong><strong><b>jinan Les blocs de granit noir sont devenus rares, seuls quelques morceaux peuvent encore \u00eatre trouv\u00e9s, et il n'est plus possible de les obtenir dans le commerce.<\/b><\/strong><strong><b><br \/>\n<\/b><\/strong><strong><b>de grandes quantit\u00e9s.<\/b><\/strong><\/td>\n<\/tr>\n<\/tbody>\n<\/table>","protected":false},"excerpt":{"rendered":"<p><img alt=\"\" fetchpriority=\"high\" decoding=\"async\" class=\"alignnone size-full wp-image-1801\" src=\"https:\/\/jtlcnc.com\/wp-content\/uploads\/2026\/02\/\u5fae\u4fe1\u56fe\u7247_20260209100058_2_11.jpg\" width=\"592\" height=\"824\" srcset=\"https:\/\/jtlcnc.com\/wp-content\/uploads\/2026\/02\/\u5fae\u4fe1\u56fe\u7247_20260209100058_2_11.jpg 592w, https:\/\/jtlcnc.com\/wp-content\/uploads\/2026\/02\/\u5fae\u4fe1\u56fe\u7247_20260209100058_2_11-216x300.jpg 216w, https:\/\/jtlcnc.com\/wp-content\/uploads\/2026\/02\/\u5fae\u4fe1\u56fe\u7247_20260209100058_2_11-9x12.jpg 9w\" sizes=\"(max-width: 592px) 100vw, 592px\" \/><\/p>","protected":false},"featured_media":1816,"template":"","meta":{"_seopress_robots_primary_cat":"45","_seopress_titles_title":"","_seopress_titles_desc":"","_seopress_robots_index":"","_kad_blocks_custom_css":"","_kad_blocks_head_custom_js":"","_kad_blocks_body_custom_js":"","_kad_blocks_footer_custom_js":"","_kadence_starter_templates_imported_post":false,"_kad_post_transparent":"default","_kad_post_title":"","_kad_post_layout":"default","_kad_post_sidebar_id":"","_kad_post_content_style":"default","_kad_post_vertical_padding":"default","_kad_post_feature":"","_kad_post_feature_position":"","_kad_post_header":false,"_kad_post_footer":false,"_kad_post_classname":""},"product_brand":[],"product_cat":[45],"product_tag":[],"class_list":{"0":"post-1813","1":"product","2":"type-product","3":"status-publish","4":"has-post-thumbnail","6":"product_cat-base","8":"first","9":"instock","10":"shipping-taxable","11":"product-type-simple","12":"entry","13":"content-bg","14":"loop-entry"},"taxonomy_info":{"product_cat":[{"value":45,"label":"Granite equipment base"}]},"featured_image_src_large":["https:\/\/jtlcnc.com\/wp-content\/uploads\/2026\/02\/\u82b1\u5c97\u5ca9\u6784\u4ef6-7.jpg",911,750,false],"author_info":[],"comment_info":"","_links":{"self":[{"href":"https:\/\/jtlcnc.com\/fr\/wp-json\/wp\/v2\/product\/1813","targetHints":{"allow":["GET"]}}],"collection":[{"href":"https:\/\/jtlcnc.com\/fr\/wp-json\/wp\/v2\/product"}],"about":[{"href":"https:\/\/jtlcnc.com\/fr\/wp-json\/wp\/v2\/types\/product"}],"wp:featuredmedia":[{"embeddable":true,"href":"https:\/\/jtlcnc.com\/fr\/wp-json\/wp\/v2\/media\/1816"}],"wp:attachment":[{"href":"https:\/\/jtlcnc.com\/fr\/wp-json\/wp\/v2\/media?parent=1813"}],"wp:term":[{"taxonomy":"product_brand","embeddable":true,"href":"https:\/\/jtlcnc.com\/fr\/wp-json\/wp\/v2\/product_brand?post=1813"},{"taxonomy":"product_cat","embeddable":true,"href":"https:\/\/jtlcnc.com\/fr\/wp-json\/wp\/v2\/product_cat?post=1813"},{"taxonomy":"product_tag","embeddable":true,"href":"https:\/\/jtlcnc.com\/fr\/wp-json\/wp\/v2\/product_tag?post=1813"}],"curies":[{"name":"wp","href":"https:\/\/api.w.org\/{rel}","templated":true}]}}