{"id":1810,"date":"2026-02-09T11:22:33","date_gmt":"2026-02-09T03:22:33","guid":{"rendered":"https:\/\/jtlcnc.com\/?post_type=product&#038;p=1810"},"modified":"2026-02-09T11:22:33","modified_gmt":"2026-02-09T03:22:33","slug":"marble-platform-guide-base","status":"publish","type":"product","link":"https:\/\/jtlcnc.com\/fr\/produit\/marble-platform-guide-base\/","title":{"rendered":"Base de guidage de la plate-forme de marbre"},"content":{"rendered":"<p>Exigences d'installation des guides lin\u00e9aires sur les plates-formes en marbre<\/p>\n<p>Dans le processus de production industrielle, les plates-formes en marbre sont un type de surface de r\u00e9f\u00e9rence de mesure de haute pr\u00e9cision, et leurs caract\u00e9ristiques physiques uniques leur conf\u00e8rent des avantages significatifs dans le domaine de la mesure de pr\u00e9cision.<\/p>\n<p>Dans certaines industries, il est n\u00e9cessaire d'installer des guides en marbre, principalement divis\u00e9s en deux cat\u00e9gories : la premi\u00e8re consiste \u00e0 percer des trous sur la plate-forme en marbre et \u00e0 installer des guides pour tester la rectitude et la plan\u00e9it\u00e9 des produits. La seconde cat\u00e9gorie consiste \u00e0 installer des guides sur des composants en marbre non standard afin d'atteindre l'objectif de la conception des composants. Quelles sont donc les pr\u00e9cautions \u00e0 prendre lors de l'installation des guides ?<\/p>\n<p>Pr\u00e9cautions pour l'installation des guides<\/p>\n<p>1 Maintenez la plate-forme de marbre (la zone o\u00f9 le guide est install\u00e9) propre et bien rang\u00e9e. Lors du nettoyage, versez de l'alcool sur un chiffon non poussi\u00e9reux et essuyez la surface plane. Apr\u00e8s l'avoir essuy\u00e9, utilisez une main s\u00e8che et propre pour le faire glisser l\u00e9g\u00e8rement sur la surface de la plate-forme. S'il y a une sensation d'obstruction, il faut la gratter \u00e0 l'aide d'un couteau ; si la surface est lisse et sans obstruction, la premi\u00e8re \u00e9tape est termin\u00e9e.<\/p>\n<ol start=\"2\">\n<li>Retirez le guide (portez des gants en caoutchouc pour \u00e9viter que le guide ne rouille, utilisez un chiffon non poussi\u00e9reux imbib\u00e9 d'alcool pour essuyer la surface d'installation du guide, et enlevez l'huile du guide). Apr\u00e8s le nettoyage, placez le guide dans la zone d'installation de la plate-forme de marbre en alignant les positions des trous.<\/li>\n<li>Alignez les positions des trous du guide et des trous d'installation du marbre, placez le niveau \u00e0 marbre \u00e0 c\u00f4t\u00e9 du guide (la distance doit \u00eatre proche et non \u00e9loign\u00e9e) et rendez-le \u00e0 peu pr\u00e8s parall\u00e8le au guide. Si le marbre dispose d'une surface de r\u00e9f\u00e9rence pour l'installation, le niveau \u00e0 bulle peut \u00eatre omis et la surface de r\u00e9f\u00e9rence du marbre ou du composant lui-m\u00eame peut \u00eatre utilis\u00e9e pour ajuster le guide.<\/li>\n<li>Fixer la position du premier trou du guide, en laissant une marge de r\u00e9glage vers le haut, vers le bas, vers la gauche et vers la droite. Utiliser un indicateur magn\u00e9tique \u00e0 cadran et \u00e0 levier (il n'est pas recommand\u00e9 d'utiliser d'autres types d'indicateurs) sur le bloc coulissant du guide, puis ajuster le niveau du marbre pour assurer l'installation du guide (si vous avez des questions, veuillez consulter notre personnel professionnel).<\/li>\n<li>Redresser le guide.<\/li>\n<\/ol>\n<p>Il convient de noter que dans cet \u00e9tat, il n'y a aucun probl\u00e8me \u00e0 utiliser ce guide pour mesurer la rectitude relative de la pi\u00e8ce, mais il n'est pas pr\u00e9cis pour mesurer la plan\u00e9it\u00e9 de la pi\u00e8ce dans le sens haut-bas. Cela est d\u00fb \u00e0 une erreur dans l'ondulation en forme de Y du guide lui-m\u00eame, et le parall\u00e9lisme de marche apr\u00e8s doit \u00eatre confirm\u00e9 avec le fabricant du guide. Si le guide est choisi comme guide import\u00e9 d'ultra-pr\u00e9cision, son parall\u00e9lisme de marche est suffisamment faible et cette m\u00e9thode peut \u00e9galement \u00eatre utilis\u00e9e pour mesurer la plan\u00e9it\u00e9 de la pi\u00e8ce.<\/p>","protected":false},"excerpt":{"rendered":"<p><img alt=\"\" fetchpriority=\"high\" decoding=\"async\" class=\"alignnone size-full wp-image-1801\" src=\"https:\/\/jtlcnc.com\/wp-content\/uploads\/2026\/02\/\u5fae\u4fe1\u56fe\u7247_20260209100058_2_11.jpg\" width=\"592\" height=\"824\" srcset=\"https:\/\/jtlcnc.com\/wp-content\/uploads\/2026\/02\/\u5fae\u4fe1\u56fe\u7247_20260209100058_2_11.jpg 592w, https:\/\/jtlcnc.com\/wp-content\/uploads\/2026\/02\/\u5fae\u4fe1\u56fe\u7247_20260209100058_2_11-216x300.jpg 216w, https:\/\/jtlcnc.com\/wp-content\/uploads\/2026\/02\/\u5fae\u4fe1\u56fe\u7247_20260209100058_2_11-9x12.jpg 9w\" sizes=\"(max-width: 592px) 100vw, 592px\" \/><\/p>","protected":false},"featured_media":1609,"template":"","meta":{"_seopress_robots_primary_cat":"","_seopress_titles_title":"","_seopress_titles_desc":"","_seopress_robots_index":"","_kad_blocks_custom_css":"","_kad_blocks_head_custom_js":"","_kad_blocks_body_custom_js":"","_kad_blocks_footer_custom_js":"","_kadence_starter_templates_imported_post":false,"_kad_post_transparent":"default","_kad_post_title":"","_kad_post_layout":"default","_kad_post_sidebar_id":"","_kad_post_content_style":"default","_kad_post_vertical_padding":"default","_kad_post_feature":"","_kad_post_feature_position":"","_kad_post_header":false,"_kad_post_footer":false,"_kad_post_classname":""},"product_brand":[],"product_cat":[39],"product_tag":[],"class_list":{"0":"post-1810","1":"product","2":"type-product","3":"status-publish","4":"has-post-thumbnail","6":"product_cat-components","8":"first","9":"instock","10":"shipping-taxable","11":"product-type-simple","12":"entry","13":"content-bg","14":"loop-entry"},"taxonomy_info":{"product_cat":[{"value":39,"label":"Granite mechanical components"}]},"featured_image_src_large":["https:\/\/jtlcnc.com\/wp-content\/uploads\/2026\/01\/\u5fae\u4fe1\u56fe\u7247_20260108100951_19_25.jpg",520,521,false],"author_info":[],"comment_info":"","_links":{"self":[{"href":"https:\/\/jtlcnc.com\/fr\/wp-json\/wp\/v2\/product\/1810","targetHints":{"allow":["GET"]}}],"collection":[{"href":"https:\/\/jtlcnc.com\/fr\/wp-json\/wp\/v2\/product"}],"about":[{"href":"https:\/\/jtlcnc.com\/fr\/wp-json\/wp\/v2\/types\/product"}],"wp:featuredmedia":[{"embeddable":true,"href":"https:\/\/jtlcnc.com\/fr\/wp-json\/wp\/v2\/media\/1609"}],"wp:attachment":[{"href":"https:\/\/jtlcnc.com\/fr\/wp-json\/wp\/v2\/media?parent=1810"}],"wp:term":[{"taxonomy":"product_brand","embeddable":true,"href":"https:\/\/jtlcnc.com\/fr\/wp-json\/wp\/v2\/product_brand?post=1810"},{"taxonomy":"product_cat","embeddable":true,"href":"https:\/\/jtlcnc.com\/fr\/wp-json\/wp\/v2\/product_cat?post=1810"},{"taxonomy":"product_tag","embeddable":true,"href":"https:\/\/jtlcnc.com\/fr\/wp-json\/wp\/v2\/product_tag?post=1810"}],"curies":[{"name":"wp","href":"https:\/\/api.w.org\/{rel}","templated":true}]}}