{"id":1757,"date":"2026-02-03T11:05:41","date_gmt":"2026-02-03T03:05:41","guid":{"rendered":"https:\/\/jtlcnc.com\/?post_type=product&#038;p=1757"},"modified":"2026-02-03T11:05:42","modified_gmt":"2026-02-03T03:05:42","slug":"granite-flatness-measuring-table","status":"publish","type":"product","link":"https:\/\/jtlcnc.com\/fr\/produit\/granite-flatness-measuring-table\/","title":{"rendered":"Table de mesure de la plan\u00e9it\u00e9 du granit"},"content":{"rendered":"<p>Plate-forme d'instrument de pr\u00e9cision en granit, fabriqu\u00e9e en pierre \u201cJinan Blue\u201d de haute qualit\u00e9 par traitement m\u00e9canique et meulage manuel. Haute, pas de d\u00e9formation, bonne stabilit\u00e9, longue dur\u00e9e de vie, convient aux travaux de mesure dans les usines m\u00e9caniques et les laboratoires.<\/p>\n<p>La composition min\u00e9rale principale du granit \u201cbleu de Jinan\u201d est la hornende, le plagioclase, la biotite et une petite quantit\u00e9 de magn\u00e9tite, avec une couleur noire, une structure pr\u00e9cise, et apr\u00e8s des milliards d'ann\u00e9es de vieillissement, uniforme, une bonne stabilit\u00e9, une grande r\u00e9sistance et une grande duret\u00e9, ce qui permet de maintenir une grande pr\u00e9cision sous de lourdes charges.<\/p>\n<p>Avantages :<\/p>\n<ol>\n<li>Haute pr\u00e9cision, bonne stabilit\u00e9, pas de d\u00e9formation facile, ce qui peut garantir la pr\u00e9cision de la mesure \u00e0 temp\u00e9rature ambiante.<\/li>\n<li>Ne rouille pas, r\u00e9siste aux acides et aux alcalis et ne n\u00e9cessite pas d'entretien particulier.<\/li>\n<li>r\u00e9sistance \u00e0 l'usure et longue dur\u00e9e de vie.<\/li>\n<li>Les rayures et les bosses sur la surface de travail n'affectent pas la pr\u00e9cision de la mesure.<\/li>\n<li>Il n'y a pas de probl\u00e8me de magn\u00e9tisation.<\/li>\n<\/ol>\n<p>. Il peut glisser en douceur sans aucune sensation de tra\u00eenage pendant la mesure.<\/p>\n<p>La pr\u00e9cision de la plaque plate en granit est r\u00e9f\u00e9renc\u00e9e par diverses normes nationales avanc\u00e9es, et la tol\u00e9rance de plan\u00e9it\u00e9 est bas\u00e9e : Norme JB\/T7975-1999 : grade 000 = 1 \u00d7 (1 d\/1000) um;grade 00 = 2 \u00d7 (1 d\/1000) um ; grade 0 = 4 \u00d7 (1 d\/1000) ; grade 1 = 8 \u00d7 (1 d\/1000) um (d est la diagonale en mm) (la temp\u00e9rature de mesure est g\u00e9n\u00e9ralement de 20 \u00b1 \u2103).<\/p>\n<p>\u5927\u7406\u77f3\u5e73\u677f\u89c4\u683c\u3001\u91cd\u91cf\u53ca\u7cbe\u5ea6<\/p>\n<table>\n<tbody>\n<tr>\n<td>\u89c4\u683c \u957f\u00d7\u5bbd\u00d7\u539a<\/td>\n<td>\u91cd\u91cfkg<\/td>\n<td>000\u7ea7\u7cbe\u5ea6 \u03bcm<\/td>\n<td>00\u7ea7\u7cbe\u5ea6 \u03bcm<\/td>\n<td>0\u7ea7\u7cbe\u5ea6 \u03bcm<\/td>\n<td>1\u7ea7\u7cbe\u5ea6 \u03bcm<\/td>\n<\/tr>\n<tr>\n<td>300\u00d7300\u00d750<\/td>\n<td>19<\/td>\n<td>1.5<\/td>\n<td>3<\/td>\n<td>6<\/td>\n<td>12<\/td>\n<\/tr>\n<tr>\n<td>400\u00d7300\u00d770<\/td>\n<td>25<\/td>\n<td>1.5<\/td>\n<td>3<\/td>\n<td>6<\/td>\n<td>12<\/td>\n<\/tr>\n<tr>\n<td>400\u00d7400\u00d770<\/td>\n<td>48<\/td>\n<td>2<\/td>\n<td>3.5<\/td>\n<td>6.5<\/td>\n<td>13<\/td>\n<\/tr>\n<tr>\n<td>630\u00d7400\u00d7100<\/td>\n<td>76<\/td>\n<td>2<\/td>\n<td>3.5<\/td>\n<td>7<\/td>\n<td>14<\/td>\n<\/tr>\n<tr>\n<td>630\u00d7630\u00d7100<\/td>\n<td>155<\/td>\n<td>2<\/td>\n<td>4<\/td>\n<td>8<\/td>\n<td>16<\/td>\n<\/tr>\n<tr>\n<td>800\u00d7600\u00d7100<\/td>\n<td>156<\/td>\n<td>2<\/td>\n<td>4<\/td>\n<td>8<\/td>\n<td>16<\/td>\n<\/tr>\n<tr>\n<td>1000\u00d7630\u00d7130<\/td>\n<td>284<\/td>\n<td>2.5<\/td>\n<td>4.5<\/td>\n<td>9<\/td>\n<td>18<\/td>\n<\/tr>\n<tr>\n<td>1000\u00d7750\u00d7150<\/td>\n<td>338<\/td>\n<td>2.5<\/td>\n<td>5<\/td>\n<td>9<\/td>\n<td>18<\/td>\n<\/tr>\n<tr>\n<td>1000\u00d71000\u00d7150<\/td>\n<td>450<\/td>\n<td>2.5<\/td>\n<td>5<\/td>\n<td>10<\/td>\n<td>20<\/td>\n<\/tr>\n<tr>\n<td>1600\u00d7100\u00d70200<\/td>\n<td>963<\/td>\n<td>3<\/td>\n<td>6<\/td>\n<td>12<\/td>\n<td>24<\/td>\n<\/tr>\n<tr>\n<td>2000\u00d71000\u00d7200<\/td>\n<td>1200<\/td>\n<td>3.5<\/td>\n<td>6.5<\/td>\n<td>13<\/td>\n<td>26<\/td>\n<\/tr>\n<tr>\n<td>1600\u00d71600\u00d7300<\/td>\n<td>2312<\/td>\n<td>3.5<\/td>\n<td>6.5<\/td>\n<td>13<\/td>\n<td>26<\/td>\n<\/tr>\n<tr>\n<td>2000\u00d71600\u00d7300<\/td>\n<td>2890<\/td>\n<td>3.5<\/td>\n<td>7<\/td>\n<td>14<\/td>\n<td>28<\/td>\n<\/tr>\n<tr>\n<td>2500\u00d71600\u00d7300<\/td>\n<td>3612<\/td>\n<td>4<\/td>\n<td>8<\/td>\n<td>16<\/td>\n<td>32<\/td>\n<\/tr>\n<tr>\n<td>3000\u00d72000\u00d7500<\/td>\n<td>9030<\/td>\n<td>4.5<\/td>\n<td>9<\/td>\n<td>18<\/td>\n<td>36<\/td>\n<\/tr>\n<tr>\n<td>4000\u00d72000\u00d7500<\/td>\n<td>12040<\/td>\n<td>5.5<\/td>\n<td>11<\/td>\n<td>22<\/td>\n<td>44<\/td>\n<\/tr>\n<tr>\n<td>6000\u00d72000\u00d7700<\/td>\n<td>25284<\/td>\n<td>7.5<\/td>\n<td>15<\/td>\n<td>30<\/td>\n<td>60<\/td>\n<\/tr>\n<\/tbody>\n<\/table>\n<table width=\"873\">\n<tbody>\n<tr>\n<td colspan=\"2\" width=\"411\">Caract\u00e9ristiques principales<\/td>\n<td width=\"211\"><\/td>\n<td width=\"251\"><\/td>\n<\/tr>\n<tr>\n<td>pr\u00e9cision<\/td>\n<td>\u00a0Grade 0, Grade 00, Grade 000<\/td>\n<td>lieu d'origine<\/td>\n<td>Shandong, Chine<\/td>\n<\/tr>\n<tr>\n<td>nom de marque<\/td>\n<td>jintelai<\/td>\n<td>num\u00e9ro de mod\u00e8le<\/td>\n<td>\u00a0Sur mesure<\/td>\n<\/tr>\n<tr>\n<td>Nom du produit<\/td>\n<td>Plate-forme de pr\u00e9cision en granit<\/td>\n<td>mat\u00e9riel garantie granite<\/td>\n<td>1 an<\/td>\n<\/tr>\n<tr>\n<td>Fonction<\/td>\n<td width=\"265\">la mesure, l'inspection, l'\u00e9talonnage et le contr\u00f4le de la qualit\u00e9<\/td>\n<td>un soutien personnalis\u00e9<\/td>\n<td>OEM, ODM<\/td>\n<\/tr>\n<tr>\n<td>mat\u00e9riel<\/td>\n<td>Granit brut<\/td>\n<td>Caract\u00e9ristiques<\/td>\n<td>Duret\u00e9 \u00e9lev\u00e9e, r\u00e9sistance \u00e0 l'usure<\/td>\n<\/tr>\n<tr>\n<td>Nom du produit<\/td>\n<td>Plate-forme de pr\u00e9cision en granit<\/td>\n<td>Paquet<\/td>\n<td>Bo\u00eete en bois<\/td>\n<\/tr>\n<tr>\n<td>MOQ<\/td>\n<td>1pcs<\/td>\n<td>Taille<\/td>\n<td>\u00a0Sur mesure<\/td>\n<\/tr>\n<tr>\n<td>Application<\/td>\n<td>Automatique industriel<\/td>\n<td>Exp\u00e9dition<\/td>\n<td>Mer<\/td>\n<\/tr>\n<tr>\n<td>Principaux arguments de vente<\/td>\n<td colspan=\"3\">Faible co\u00fbt d'entretien<\/td>\n<\/tr>\n<\/tbody>\n<\/table>","protected":false},"excerpt":{"rendered":"<p>Granite precision instrument platform, made of high-quality &#8220;Jinan Blue&#8221; stone material through mechanical processing and manual grinding. High, no deformation, good stability, long service life, suitable for measurement work in mechanical factories and laboratories. The main mineral composition of &#8220;Jinan Blue&#8221; granite is hornende, plagioclase, biotite, and a small amount of magnetite, with a black&#8230;<\/p>","protected":false},"featured_media":1663,"template":"","meta":{"_seopress_robots_primary_cat":"","_seopress_titles_title":"","_seopress_titles_desc":"","_seopress_robots_index":"","_kad_blocks_custom_css":"","_kad_blocks_head_custom_js":"","_kad_blocks_body_custom_js":"","_kad_blocks_footer_custom_js":"","_kadence_starter_templates_imported_post":false,"_kad_post_transparent":"default","_kad_post_title":"","_kad_post_layout":"default","_kad_post_sidebar_id":"","_kad_post_content_style":"default","_kad_post_vertical_padding":"default","_kad_post_feature":"","_kad_post_feature_position":"","_kad_post_header":false,"_kad_post_footer":false,"_kad_post_classname":""},"product_brand":[],"product_cat":[38],"product_tag":[],"class_list":{"0":"post-1757","1":"product","2":"type-product","3":"status-publish","4":"has-post-thumbnail","6":"product_cat-platform","8":"first","9":"instock","10":"shipping-taxable","11":"product-type-simple","12":"entry","13":"content-bg","14":"loop-entry"},"taxonomy_info":{"product_cat":[{"value":38,"label":"Granite detection platform"}]},"featured_image_src_large":["https:\/\/jtlcnc.com\/wp-content\/uploads\/2026\/01\/\u82b1\u5c97\u5ca9\u6784\u4ef6-17-768x1024.jpg",768,1024,true],"author_info":[],"comment_info":"","_links":{"self":[{"href":"https:\/\/jtlcnc.com\/fr\/wp-json\/wp\/v2\/product\/1757","targetHints":{"allow":["GET"]}}],"collection":[{"href":"https:\/\/jtlcnc.com\/fr\/wp-json\/wp\/v2\/product"}],"about":[{"href":"https:\/\/jtlcnc.com\/fr\/wp-json\/wp\/v2\/types\/product"}],"wp:featuredmedia":[{"embeddable":true,"href":"https:\/\/jtlcnc.com\/fr\/wp-json\/wp\/v2\/media\/1663"}],"wp:attachment":[{"href":"https:\/\/jtlcnc.com\/fr\/wp-json\/wp\/v2\/media?parent=1757"}],"wp:term":[{"taxonomy":"product_brand","embeddable":true,"href":"https:\/\/jtlcnc.com\/fr\/wp-json\/wp\/v2\/product_brand?post=1757"},{"taxonomy":"product_cat","embeddable":true,"href":"https:\/\/jtlcnc.com\/fr\/wp-json\/wp\/v2\/product_cat?post=1757"},{"taxonomy":"product_tag","embeddable":true,"href":"https:\/\/jtlcnc.com\/fr\/wp-json\/wp\/v2\/product_tag?post=1757"}],"curies":[{"name":"wp","href":"https:\/\/api.w.org\/{rel}","templated":true}]}}