{"id":1632,"date":"2026-01-26T11:27:08","date_gmt":"2026-01-26T03:27:08","guid":{"rendered":"https:\/\/jtlcnc.com\/?post_type=product&#038;p=1632"},"modified":"2026-01-26T11:27:08","modified_gmt":"2026-01-26T03:27:08","slug":"granite-surface-plate-inspection-table-high-precision","status":"publish","type":"product","link":"https:\/\/jtlcnc.com\/fr\/produit\/granite-surface-plate-inspection-table-high-precision\/","title":{"rendered":"Table d'inspection des plaques de surface en granit Haute pr\u00e9cision"},"content":{"rendered":"<h1>Plate-forme d'inspection de granit de haute pr\u00e9cision - Caract\u00e9ristiques et applications<\/h1>\n<h3>Caract\u00e9ristiques<\/h3>\n<ol>\n<li>Stabilit\u00e9 dimensionnelle tr\u00e8s \u00e9lev\u00e9e, r\u00e9sistance \u00e0 la d\u00e9formation sous l'effet des changements de temp\u00e9rature et des forces ext\u00e9rieures<\/li>\n<li>Excellente r\u00e9sistance \u00e0 l'usure et \u00e0 la corrosion, avec une duret\u00e9 de Mohs de grade 7<\/li>\n<li>Faible coefficient de dilatation thermique, garantissant la pr\u00e9cision dans des environnements de travail complexes<\/li>\n<li>Structure mat\u00e9rielle dense, pas de trous d'air, facile \u00e0 r\u00e9aliser le meulage et le polissage de la surface miroir.<\/li>\n<li>Grande pr\u00e9cision de la plan\u00e9it\u00e9 et de la rectitude, disponible dans les normes de pr\u00e9cision 000, 00, 0.<\/li>\n<li>Bonne absorption des vibrations, r\u00e9duisant l'impact des vibrations externes sur les r\u00e9sultats de la d\u00e9tection<\/li>\n<li>Non magn\u00e9tique, non conducteur, \u00e9vitant les interf\u00e9rences avec les \u00e9quipements de d\u00e9tection de pr\u00e9cision<\/li>\n<li>Longue dur\u00e9e de vie, faible co\u00fbt d'entretien, et la pr\u00e9cision peut \u00eatre maintenue pendant une longue p\u00e9riode apr\u00e8s un traitement fin.<\/li>\n<\/ol>\n<h3>Applications<\/h3>\n<div><\/div>\n<ol>\n<li>Industrie de la fabrication de pr\u00e9cision : \u00c9talonnage et d\u00e9tection des machines-outils \u00e0 commande num\u00e9rique, des centres d'usinage et des \u00e9quipements de coupe de pr\u00e9cision<\/li>\n<li>M\u00e9trologie et inspection : Plate-forme de r\u00e9f\u00e9rence pour les machines \u00e0 mesurer tridimensionnelles (MMT), les instruments de mesure optique et les interf\u00e9rom\u00e8tres laser.<\/li>\n<li>Fabrication de moules : Inspection de pr\u00e9cision, assemblage et d\u00e9bogage de moules de pr\u00e9cision, de moules d'injection et de moules d'emboutissage.<\/li>\n<li>A\u00e9rospatiale et aviation : D\u00e9tection et \u00e9talonnage de pi\u00e8ces de haute pr\u00e9cision telles que les composants de moteurs d'avion, les pi\u00e8ces structurelles a\u00e9rospatiales<\/li>\n<li>Fabrication automobile : Mesure de pr\u00e9cision des pi\u00e8ces ma\u00eetresses de l'automobile (moteur, bo\u00eete de vitesses, composants du ch\u00e2ssis) et d\u00e9tection des moules.<\/li>\n<li>Semi-conducteurs \u00e9lectroniques : Inspection et assemblage de plaquettes de semi-conducteurs, \u00e9quipement de test de puces, composants \u00e9lectroniques de pr\u00e9cision<\/li>\n<li>Industrie des instruments et des compteurs : \u00c9talonnage, d\u00e9bogage et test de performance des instruments de mesure et des capteurs de haute pr\u00e9cision<\/li>\n<li>Institutions de recherche et de d\u00e9veloppement : Plate-forme exp\u00e9rimentale de pr\u00e9cision pour la recherche scientifique et le d\u00e9veloppement de nouveaux mat\u00e9riaux et de nouveaux proc\u00e9d\u00e9s<\/li>\n<\/ol>","protected":false},"excerpt":{"rendered":"<p>High-Precision Granite Inspection Platform &#8211; Features &amp; Applications Features Ultra-high dimensional stability, resistant to deformation under temperature change and external force Excellent wear resistance and corrosion resistance, with a Mohs hardness of 7 grade Low coefficient of thermal expansion, ensuring precision in complex working environments Dense material structure, no air holes, easy to achieve mirror&#8230;<\/p>","protected":false},"featured_media":1592,"template":"","meta":{"_seopress_robots_primary_cat":"","_seopress_titles_title":"","_seopress_titles_desc":"","_seopress_robots_index":"","_kad_blocks_custom_css":"","_kad_blocks_head_custom_js":"","_kad_blocks_body_custom_js":"","_kad_blocks_footer_custom_js":"","_kadence_starter_templates_imported_post":false,"_kad_post_transparent":"default","_kad_post_title":"","_kad_post_layout":"default","_kad_post_sidebar_id":"","_kad_post_content_style":"default","_kad_post_vertical_padding":"default","_kad_post_feature":"","_kad_post_feature_position":"","_kad_post_header":false,"_kad_post_footer":false,"_kad_post_classname":""},"product_brand":[],"product_cat":[38],"product_tag":[],"class_list":{"0":"post-1632","1":"product","2":"type-product","3":"status-publish","4":"has-post-thumbnail","6":"product_cat-platform","8":"first","9":"instock","10":"shipping-taxable","11":"product-type-simple","12":"entry","13":"content-bg","14":"loop-entry"},"taxonomy_info":{"product_cat":[{"value":38,"label":"Granite detection platform"}]},"featured_image_src_large":["https:\/\/jtlcnc.com\/wp-content\/uploads\/2026\/01\/\u5b9e\u9a8c\u5ba4\u5e73\u53f0-2-1024x768.jpg",1024,768,true],"author_info":[],"comment_info":"","_links":{"self":[{"href":"https:\/\/jtlcnc.com\/fr\/wp-json\/wp\/v2\/product\/1632","targetHints":{"allow":["GET"]}}],"collection":[{"href":"https:\/\/jtlcnc.com\/fr\/wp-json\/wp\/v2\/product"}],"about":[{"href":"https:\/\/jtlcnc.com\/fr\/wp-json\/wp\/v2\/types\/product"}],"wp:featuredmedia":[{"embeddable":true,"href":"https:\/\/jtlcnc.com\/fr\/wp-json\/wp\/v2\/media\/1592"}],"wp:attachment":[{"href":"https:\/\/jtlcnc.com\/fr\/wp-json\/wp\/v2\/media?parent=1632"}],"wp:term":[{"taxonomy":"product_brand","embeddable":true,"href":"https:\/\/jtlcnc.com\/fr\/wp-json\/wp\/v2\/product_brand?post=1632"},{"taxonomy":"product_cat","embeddable":true,"href":"https:\/\/jtlcnc.com\/fr\/wp-json\/wp\/v2\/product_cat?post=1632"},{"taxonomy":"product_tag","embeddable":true,"href":"https:\/\/jtlcnc.com\/fr\/wp-json\/wp\/v2\/product_tag?post=1632"}],"curies":[{"name":"wp","href":"https:\/\/api.w.org\/{rel}","templated":true}]}}