{"id":1615,"date":"2026-01-22T09:07:54","date_gmt":"2026-01-22T01:07:54","guid":{"rendered":"https:\/\/jtlcnc.com\/?post_type=product&#038;p=1615"},"modified":"2026-01-22T09:07:55","modified_gmt":"2026-01-22T01:07:55","slug":"marble-platform-00-grade-high-precision-granite-slab-grinding-inspection-line-inspection-platform-granite-slab","status":"publish","type":"product","link":"https:\/\/jtlcnc.com\/fr\/produit\/marble-platform-00-grade-high-precision-granite-slab-grinding-inspection-line-inspection-platform-granite-slab\/","title":{"rendered":"Plate-forme de marbre de qualit\u00e9 00 Ligne d'inspection de broyage de dalles de granit de haute pr\u00e9cision Plate-forme d'inspection de dalles de granit"},"content":{"rendered":"<p>The granite inspection platform is made of high-quality Jinan green stone, which is processed by machinery and finely ground by hand. It has high precision no deformation, good stability and long service life, and is suitable for measurement work in machine factories and laboratories.<\/p>\n<p>The main mineral composition of Jinan granite is pyroxene, plagioclase, biotite, and a small amount of magnetite with a black color, precise structure, uniform texture, good stability, high strength and hardness, and can maintain high precision under heavy load.<\/p>\n<p>High precision, good stability, not easy to deform, and can guarantee measurement accuracy at room temperature.<\/p>\n<p>Ne rouille pas, r\u00e9siste aux acides et aux alcalins, ne n\u00e9cessite pas d'entretien particulier.<\/p>\n<p>Bonne r\u00e9sistance \u00e0 l'usure et longue dur\u00e9e de vie.<\/p>\n<ul class=\"list-paddingleft-2\">\n<li>Scratches and dents on the working surface do not affect the accuracy of measurement.<\/li>\n<li>No magnetization problem<\/li>\n<li>It can slide smoothly in the middle of the measurement without any sense of friction.\n<p><div style=\"width: 720px;\" class=\"wp-video\"><video class=\"wp-video-shortcode\" id=\"video-1615-1\" width=\"720\" height=\"720\" preload=\"metadata\" controls=\"controls\"><source type=\"video\/mp4\" src=\"https:\/\/jtlcnc.com\/wp-content\/uploads\/2026\/01\/\u5b9e\u9a8c\u5ba4\u68c0\u6d4b\u5e73\u53f0.mp4?_=1\" \/><a href=\"https:\/\/jtlcnc.com\/wp-content\/uploads\/2026\/01\/\u5b9e\u9a8c\u5ba4\u68c0\u6d4b\u5e73\u53f0.mp4\">https:\/\/jtlcnc.com\/wp-content\/uploads\/2026\/01\/\u5b9e\u9a8c\u5ba4\u68c0\u6d4b\u5e73\u53f0.mp4<\/a><\/video><\/div><\/li>\n<\/ul>","protected":false},"excerpt":{"rendered":"<p>The granite inspection platform is made of high-quality Jinan green stone, which is processed by machinery and finely ground by hand. It has high precision no deformation, good stability and long service life, and is suitable for measurement work in machine factories and laboratories. The main mineral composition of Jinan granite is pyroxene, plagioclase, biotite,&#8230;<\/p>","protected":false},"featured_media":1616,"template":"","meta":{"_seopress_robots_primary_cat":"","_seopress_titles_title":"","_seopress_titles_desc":"","_seopress_robots_index":"","_kad_blocks_custom_css":"","_kad_blocks_head_custom_js":"","_kad_blocks_body_custom_js":"","_kad_blocks_footer_custom_js":"","_kadence_starter_templates_imported_post":false,"_kad_post_transparent":"default","_kad_post_title":"","_kad_post_layout":"default","_kad_post_sidebar_id":"","_kad_post_content_style":"default","_kad_post_vertical_padding":"default","_kad_post_feature":"","_kad_post_feature_position":"","_kad_post_header":false,"_kad_post_footer":false,"_kad_post_classname":""},"product_brand":[],"product_cat":[38],"product_tag":[],"class_list":{"0":"post-1615","1":"product","2":"type-product","3":"status-publish","4":"has-post-thumbnail","6":"product_cat-platform","8":"first","9":"instock","10":"shipping-taxable","11":"product-type-simple","12":"entry","13":"content-bg","14":"loop-entry"},"taxonomy_info":{"product_cat":[{"value":38,"label":"Granite detection platform"}]},"featured_image_src_large":["https:\/\/jtlcnc.com\/wp-content\/uploads\/2026\/01\/\u5fae\u4fe1\u56fe\u7247_20260108100948_16_25-1.jpg",519,515,false],"author_info":[],"comment_info":"","_links":{"self":[{"href":"https:\/\/jtlcnc.com\/fr\/wp-json\/wp\/v2\/product\/1615","targetHints":{"allow":["GET"]}}],"collection":[{"href":"https:\/\/jtlcnc.com\/fr\/wp-json\/wp\/v2\/product"}],"about":[{"href":"https:\/\/jtlcnc.com\/fr\/wp-json\/wp\/v2\/types\/product"}],"wp:featuredmedia":[{"embeddable":true,"href":"https:\/\/jtlcnc.com\/fr\/wp-json\/wp\/v2\/media\/1616"}],"wp:attachment":[{"href":"https:\/\/jtlcnc.com\/fr\/wp-json\/wp\/v2\/media?parent=1615"}],"wp:term":[{"taxonomy":"product_brand","embeddable":true,"href":"https:\/\/jtlcnc.com\/fr\/wp-json\/wp\/v2\/product_brand?post=1615"},{"taxonomy":"product_cat","embeddable":true,"href":"https:\/\/jtlcnc.com\/fr\/wp-json\/wp\/v2\/product_cat?post=1615"},{"taxonomy":"product_tag","embeddable":true,"href":"https:\/\/jtlcnc.com\/fr\/wp-json\/wp\/v2\/product_tag?post=1615"}],"curies":[{"name":"wp","href":"https:\/\/api.w.org\/{rel}","templated":true}]}}