{"id":1605,"date":"2026-01-21T09:28:04","date_gmt":"2026-01-21T01:28:04","guid":{"rendered":"https:\/\/jtlcnc.com\/?post_type=product&#038;p=1605"},"modified":"2026-01-21T09:28:04","modified_gmt":"2026-01-21T01:28:04","slug":"high-precision-marble-mechanical-components-machine-bed-base-guide-beam-threaded-gantry-drilling-processing-customization","status":"publish","type":"product","link":"https:\/\/jtlcnc.com\/fr\/produit\/high-precision-marble-mechanical-components-machine-bed-base-guide-beam-threaded-gantry-drilling-processing-customization\/","title":{"rendered":"Composants m\u00e9caniques de haute pr\u00e9cision pour le marbre, machine \u00e0 base de lit, poutre de guidage, portique filet\u00e9, forage, traitement sur mesure"},"content":{"rendered":"<p>Les composants m\u00e9caniques de pr\u00e9cision en granit, fabriqu\u00e9s en pierre \u201cJinan Blue\u201d de haute qualit\u00e9, sont trait\u00e9s par des machines et finement broy\u00e9s \u00e0 la main. Ils sont d'une grande pr\u00e9cision, ne se d\u00e9forment pas, ont une bonne stabilit\u00e9 et une longue dur\u00e9e de vie.<br \/>\nNous pouvons traiter divers composants pour l'utilisateur, tels que des colonnes de base en granit, des poutres et des guides pour les machines \u00e0 mesurer tridimensionnelles. Nous pouvons \u00e9galement traiter divers socles, portiques et glissi\u00e8res en granit pour les machines de per\u00e7age, de fraisage et de gravure de circuits imprim\u00e9s.<br \/>\nNous pouvons transformer des produits irr\u00e9guliers pour l'utilisateur.<br \/>\nLa combinaison parfaite du granit avec le m\u00e9tal et l'\u00e9lectronique.<\/p>\n<p>Avantages :<br \/>\n1. Haute pr\u00e9cision, bonne stabilit\u00e9 et pas facile \u00e0 d\u00e9former, ce qui peut garantir la pr\u00e9cision de la mesure \u00e0 temp\u00e9rature ambiante.<br \/>\n2. Ne rouille pas, r\u00e9siste aux acides et aux alcalis, ne n\u00e9cessite pas d'entretien particulier.<br \/>\n3. Bonne r\u00e9sistance \u00e0 l'usure et longue dur\u00e9e de vie.<br \/>\n4. Les rayures et les bosses sur la surface de travail n'affectent pas la pr\u00e9cision de la mesure.<br \/>\n5. Il n'y a pas de probl\u00e8me de magn\u00e9tisation.<br \/>\n6. It slide smoothly without any drag feeling during measurement.<\/p>","protected":false},"excerpt":{"rendered":"<p>Precision granite mechanical components, made of high-quality &#8220;Jinan Blue&#8221; stone, are processed by machinery and finely ground by hand. have high precision, no deformation, good stability and long service life. We can process various components for the user, such as granite base columns, beams, and guides for threecoordinate measuring machines. We can also process various&#8230;<\/p>","protected":false},"featured_media":1606,"template":"","meta":{"_seopress_robots_primary_cat":"","_seopress_titles_title":"","_seopress_titles_desc":"","_seopress_robots_index":"","_kad_blocks_custom_css":"","_kad_blocks_head_custom_js":"","_kad_blocks_body_custom_js":"","_kad_blocks_footer_custom_js":"","_kadence_starter_templates_imported_post":false,"_kad_post_transparent":"default","_kad_post_title":"","_kad_post_layout":"default","_kad_post_sidebar_id":"","_kad_post_content_style":"default","_kad_post_vertical_padding":"default","_kad_post_feature":"","_kad_post_feature_position":"","_kad_post_header":false,"_kad_post_footer":false,"_kad_post_classname":""},"product_brand":[],"product_cat":[39],"product_tag":[],"class_list":{"0":"post-1605","1":"product","2":"type-product","3":"status-publish","4":"has-post-thumbnail","6":"product_cat-components","8":"first","9":"instock","10":"shipping-taxable","11":"product-type-simple","12":"entry","13":"content-bg","14":"loop-entry"},"taxonomy_info":{"product_cat":[{"value":39,"label":"Granite mechanical components"}]},"featured_image_src_large":["https:\/\/jtlcnc.com\/wp-content\/uploads\/2026\/01\/\u5e73\u53f0\u5e94\u75285-1024x777.jpg",1024,777,true],"author_info":[],"comment_info":"","_links":{"self":[{"href":"https:\/\/jtlcnc.com\/fr\/wp-json\/wp\/v2\/product\/1605","targetHints":{"allow":["GET"]}}],"collection":[{"href":"https:\/\/jtlcnc.com\/fr\/wp-json\/wp\/v2\/product"}],"about":[{"href":"https:\/\/jtlcnc.com\/fr\/wp-json\/wp\/v2\/types\/product"}],"wp:featuredmedia":[{"embeddable":true,"href":"https:\/\/jtlcnc.com\/fr\/wp-json\/wp\/v2\/media\/1606"}],"wp:attachment":[{"href":"https:\/\/jtlcnc.com\/fr\/wp-json\/wp\/v2\/media?parent=1605"}],"wp:term":[{"taxonomy":"product_brand","embeddable":true,"href":"https:\/\/jtlcnc.com\/fr\/wp-json\/wp\/v2\/product_brand?post=1605"},{"taxonomy":"product_cat","embeddable":true,"href":"https:\/\/jtlcnc.com\/fr\/wp-json\/wp\/v2\/product_cat?post=1605"},{"taxonomy":"product_tag","embeddable":true,"href":"https:\/\/jtlcnc.com\/fr\/wp-json\/wp\/v2\/product_tag?post=1605"}],"curies":[{"name":"wp","href":"https:\/\/api.w.org\/{rel}","templated":true}]}}