{"id":1566,"date":"2026-01-15T09:00:33","date_gmt":"2026-01-15T01:00:33","guid":{"rendered":"https:\/\/jtlcnc.com\/?post_type=product&#038;p=1566"},"modified":"2026-02-07T09:05:32","modified_gmt":"2026-02-07T01:05:32","slug":"granite-machine-base","status":"publish","type":"product","link":"https:\/\/jtlcnc.com\/fr\/produit\/granite-machine-base\/","title":{"rendered":"Base de la machine en granit"},"content":{"rendered":"<p>\ud83c\udfaf Avantages principaux<\/p>\n<p>Les avantages du granit tiennent principalement \u00e0 ses propri\u00e9t\u00e9s physiques naturelles et stables :<\/p>\n<p>- Pr\u00e9cision et stabilit\u00e9 \u00e0 long terme<br \/>\n- Caract\u00e9ristiques : Apr\u00e8s des milliards d'ann\u00e9es de vieillissement naturel, les tensions internes de la roche ont \u00e9t\u00e9 \u00e9limin\u00e9es et elle ne se d\u00e9forme pratiquement pas. Le coefficient de dilatation thermique est extr\u00eamement faible et la roche est insensible aux changements de temp\u00e9rature.<br \/>\n- Avantages apport\u00e9s : Il peut maintenir une pr\u00e9cision de travail de l'ordre du micron, voire plus pendant un certain temps (par exemple, la plan\u00e9it\u00e9 peut atteindre 2 microns), ce qui en fait une surface de mesure de r\u00e9f\u00e9rence et une base d'\u00e9quipement id\u00e9ales.<br \/>\n- Excellentes propri\u00e9t\u00e9s physiques et chimiques<br \/>\nCaract\u00e9ristiques : Duret\u00e9 \u00e9lev\u00e9e, r\u00e9sistance \u00e0 l'usure ; non conducteur, non magn\u00e9tique ; r\u00e9sistant \u00e0 la corrosion acide et alcaline.<br \/>\n- Avantages apport\u00e9s : Longue dur\u00e9e de vie, adapt\u00e9e aux environnements \u00e9lectromagn\u00e9tiques sensibles ; pas besoin d'huile pour \u00e9viter la rouille, entretien simple.<br \/>\n- Excellentes propri\u00e9t\u00e9s d'amortissement et d'absorption des chocs<br \/>\n- Caract\u00e9ristiques : La structure interne peut absorber et att\u00e9nuer efficacement les vibrations.<br \/>\n- Avantages apport\u00e9s : R\u00e9duit consid\u00e9rablement les vibrations de l'\u00e9quipement lui-m\u00eame et les interf\u00e9rences externes, et am\u00e9liore la stabilit\u00e9 de l'usinage et de la mesure de pr\u00e9cision.<\/p>\n<p>\ud83d\udee0\ufe0f Principaux domaines d'application<\/p>\n<p>Compte tenu des avantages susmentionn\u00e9s, les composants en granit jouent un r\u00f4le central dans de nombreux domaines de haute pr\u00e9cision et de pointe :<br \/>\n- Instruments de mesure de pr\u00e9cision<br \/>\n- \u00c9quipement typique : \u00c9tabli, rail de guidage et poutre de la machine \u00e0 mesurer tridimensionnelle ; diverses plaques de granit, r\u00e8gles et jauges, etc., comme outils de mesure de r\u00e9f\u00e9rence.<br \/>\n- R\u00f4le : En tant que r\u00e9f\u00e9rence g\u00e9om\u00e9trique pour les mesures, sa stabilit\u00e9 d\u00e9termine directement la pr\u00e9cision de mesure de l'instrument.<br \/>\n-- \u00e9quipements de fabrication et d'essai<br \/>\n- \u00c9quipement typique : Base et \u00e9tabli des centres d'usinage CNC de haute pr\u00e9cision, de l'\u00e9quipement laser et de l'\u00e9quipement optique ; cadre de l'\u00e9quipement d'inspection optique.<br \/>\n- R\u00f4le : Fournir une \u201cfondation\u201d super stable et r\u00e9sistante aux vibrations pour l'\u00e9quipement, en veillant \u00e0 ce que les processus d'usinage et d'essai ne soient pas perturb\u00e9s.<br \/>\n- Industries des semi-conducteurs et de l'\u00e9lectronique<br \/>\n- \u00c9quipement typique : Plate-forme de flottaison des plaquettes, plate-forme de positionnement de pr\u00e9cision, corps de la machine de per\u00e7age des circuits imprim\u00e9s.<br \/>\nR\u00f4le : Dans un environnement de salle blanche, l'absence de poussi\u00e8re, la faible dilatation thermique et les caract\u00e9ristiques tr\u00e8s stables sont essentielles pour garantir la pr\u00e9cision des processus \u00e0 l'\u00e9chelle du nanom\u00e8tre.<br \/>\n- Autre pr\u00e9cision<br \/>\n- \u00c9quipement typique : Syst\u00e8mes de mouvement de pr\u00e9cision en treillis qui exigent une tr\u00e8s grande pr\u00e9cision de positionnement r\u00e9p\u00e9titif (inf\u00e9rieure \u00e0 6 microns).<br \/>\n- R\u00f4le : Utilisation de composants structurels m\u00e9caniques \u00e0 haute rigidit\u00e9 et \u00e0 amortissement \u00e9lev\u00e9 pour am\u00e9liorer les performances dynamiques du syst\u00e8me.<\/p>","protected":false},"excerpt":{"rendered":"<p>\ud83c\udfaf Core Advantages The advantages of granite mainly stem from its natural and stable physical properties: \u00b7 Longterm precision and stability \u00b7 Characteristics: After billions of years of natural aging, the internal stress of the rock has been eliminated, and it hardly deforms. The of thermal expansion is extremely small, and it is insensitive to&#8230;<\/p>","protected":false},"featured_media":1394,"template":"","meta":{"_seopress_robots_primary_cat":"","_seopress_titles_title":"","_seopress_titles_desc":"","_seopress_robots_index":"","_kad_blocks_custom_css":"","_kad_blocks_head_custom_js":"","_kad_blocks_body_custom_js":"","_kad_blocks_footer_custom_js":"","_kadence_starter_templates_imported_post":false,"_kad_post_transparent":"default","_kad_post_title":"","_kad_post_layout":"default","_kad_post_sidebar_id":"","_kad_post_content_style":"default","_kad_post_vertical_padding":"default","_kad_post_feature":"","_kad_post_feature_position":"","_kad_post_header":false,"_kad_post_footer":false,"_kad_post_classname":""},"product_brand":[],"product_cat":[39],"product_tag":[],"class_list":{"0":"post-1566","1":"product","2":"type-product","3":"status-publish","4":"has-post-thumbnail","6":"product_cat-components","8":"first","9":"instock","10":"shipping-taxable","11":"product-type-simple","12":"entry","13":"content-bg","14":"loop-entry"},"taxonomy_info":{"product_cat":[{"value":39,"label":"Granite mechanical components"}]},"featured_image_src_large":["https:\/\/jtlcnc.com\/wp-content\/uploads\/2026\/01\/gongsi7-1024x768.jpg",1024,768,true],"author_info":[],"comment_info":"","_links":{"self":[{"href":"https:\/\/jtlcnc.com\/fr\/wp-json\/wp\/v2\/product\/1566","targetHints":{"allow":["GET"]}}],"collection":[{"href":"https:\/\/jtlcnc.com\/fr\/wp-json\/wp\/v2\/product"}],"about":[{"href":"https:\/\/jtlcnc.com\/fr\/wp-json\/wp\/v2\/types\/product"}],"wp:featuredmedia":[{"embeddable":true,"href":"https:\/\/jtlcnc.com\/fr\/wp-json\/wp\/v2\/media\/1394"}],"wp:attachment":[{"href":"https:\/\/jtlcnc.com\/fr\/wp-json\/wp\/v2\/media?parent=1566"}],"wp:term":[{"taxonomy":"product_brand","embeddable":true,"href":"https:\/\/jtlcnc.com\/fr\/wp-json\/wp\/v2\/product_brand?post=1566"},{"taxonomy":"product_cat","embeddable":true,"href":"https:\/\/jtlcnc.com\/fr\/wp-json\/wp\/v2\/product_cat?post=1566"},{"taxonomy":"product_tag","embeddable":true,"href":"https:\/\/jtlcnc.com\/fr\/wp-json\/wp\/v2\/product_tag?post=1566"}],"curies":[{"name":"wp","href":"https:\/\/api.w.org\/{rel}","templated":true}]}}