{"id":1304,"date":"2026-01-02T21:49:20","date_gmt":"2026-01-02T13:49:20","guid":{"rendered":"https:\/\/jtlcnc.com\/?post_type=product&#038;p=1304"},"modified":"2026-01-07T17:51:21","modified_gmt":"2026-01-07T09:51:21","slug":"granite-square-box","status":"publish","type":"product","link":"https:\/\/jtlcnc.com\/fr\/produit\/granite-square-box\/","title":{"rendered":"Bo\u00eete carr\u00e9e en granit"},"content":{"rendered":"<p>Used for checking verticality and parallelism, and can be used as a 90 \u00b0 absolute measurement reference.<br \/>\nLes outils de mesure de pr\u00e9cision en granit sont fabriqu\u00e9s \u00e0 partir de pierre \u201cverte de Jinan\u201d de haute qualit\u00e9, par traitement m\u00e9canique et meulage manuel de pr\u00e9cision. Haute pr\u00e9cision, pas de d\u00e9formation, bonne stabilit\u00e9 et longue dur\u00e9e de vie.<\/p>\n<table>\n<tbody>\n<tr>\n<td rowspan=\"3\" width=\"129\">\u89c4\u683c<br \/>\nDimension<\/td>\n<td colspan=\"2\" width=\"150\">\u00a0\u5e73\u884c\u5ea6<br \/>\nparallelism of working surface<\/td>\n<td colspan=\"2\" width=\"136\">\u5e73\u9762\u5ea6<br \/>\nFlatness \u00a0of working surface<\/td>\n<td colspan=\"2\" width=\"144\">\u5782\u76f4\u5ea6<br \/>\nPerpendicularity\u00a0of working surface<\/td>\n<\/tr>\n<tr>\n<td colspan=\"5\" width=\"359\">\u7cbe\u5ea6\u7b49\u7ea7Pr\u00e9cision\uff08\u03bcm\uff09<\/td>\n<td width=\"70\"><\/td>\n<\/tr>\n<tr>\n<td width=\"75\">00\u7ea7<\/td>\n<td width=\"75\">0\u7ea7<\/td>\n<td width=\"73\">00\u7ea7<\/td>\n<td width=\"63\">0\u7ea7<\/td>\n<td width=\"73\">00\u7ea7<\/td>\n<td width=\"70\">0\u7ea7<\/td>\n<\/tr>\n<tr>\n<td width=\"129\">100\u00d7100\u00d7100<\/td>\n<td width=\"75\">1<\/td>\n<td width=\"75\">2<\/td>\n<td width=\"73\">1<\/td>\n<td width=\"63\">2<\/td>\n<td width=\"73\">1<\/td>\n<td width=\"70\">2<\/td>\n<\/tr>\n<tr>\n<td width=\"129\">150\u00d7150\u00d7150<\/td>\n<td width=\"75\">1.5<\/td>\n<td width=\"75\">3<\/td>\n<td width=\"73\">1<\/td>\n<td width=\"63\">2<\/td>\n<td width=\"73\">1.5<\/td>\n<td width=\"70\">3<\/td>\n<\/tr>\n<tr>\n<td width=\"129\">200\u00d7200\u00d7200<\/td>\n<td width=\"75\">2<\/td>\n<td width=\"75\">4<\/td>\n<td width=\"73\">1.5<\/td>\n<td width=\"63\">3<\/td>\n<td width=\"73\">2<\/td>\n<td width=\"70\">4<\/td>\n<\/tr>\n<tr>\n<td width=\"129\">300\u00d7300\u00d7300<\/td>\n<td width=\"75\">3<\/td>\n<td width=\"75\">6<\/td>\n<td width=\"73\">1.5<\/td>\n<td width=\"63\">3<\/td>\n<td width=\"73\">3<\/td>\n<td width=\"70\">6<\/td>\n<\/tr>\n<tr>\n<td width=\"129\">400\u00d7400\u00d7400<\/td>\n<td width=\"75\">4<\/td>\n<td width=\"75\">8<\/td>\n<td width=\"73\">2<\/td>\n<td width=\"63\">4<\/td>\n<td width=\"73\">4<\/td>\n<td width=\"70\">8<\/td>\n<\/tr>\n<tr>\n<td width=\"129\">500\u00d7500\u00d7500<\/td>\n<td width=\"75\">5<\/td>\n<td width=\"75\">10<\/td>\n<td width=\"73\">2.5<\/td>\n<td width=\"63\">5<\/td>\n<td width=\"73\">5<\/td>\n<td width=\"70\">10<\/td>\n<\/tr>\n<\/tbody>\n<\/table>","protected":false},"excerpt":{"rendered":"<p>Used for checking verticality and parallelism, and can be used as a 90 \u00b0 absolute measurement reference. Granite precision measuring tools are made from high-quality &#8220;Jinan green&#8221; stone through mechanical processing and manual precision grinding. High precision, no deformation, good stability, and long lifespan. \u89c4\u683c Dimension \u00a0\u5e73\u884c\u5ea6 parallelism of working surface \u5e73\u9762\u5ea6 Flatness \u00a0of working&#8230;<\/p>","protected":false},"featured_media":1443,"template":"","meta":{"_seopress_robots_primary_cat":"","_seopress_titles_title":"","_seopress_titles_desc":"","_seopress_robots_index":"","_kad_blocks_custom_css":"","_kad_blocks_head_custom_js":"","_kad_blocks_body_custom_js":"","_kad_blocks_footer_custom_js":"","_kadence_starter_templates_imported_post":false,"_kad_post_transparent":"default","_kad_post_title":"","_kad_post_layout":"default","_kad_post_sidebar_id":"","_kad_post_content_style":"default","_kad_post_vertical_padding":"default","_kad_post_feature":"","_kad_post_feature_position":"","_kad_post_header":false,"_kad_post_footer":false,"_kad_post_classname":""},"product_brand":[],"product_cat":[40],"product_tag":[],"class_list":{"0":"post-1304","1":"product","2":"type-product","3":"status-publish","4":"has-post-thumbnail","6":"product_cat-tool","8":"first","9":"instock","10":"shipping-taxable","11":"product-type-simple","12":"entry","13":"content-bg","14":"loop-entry"},"taxonomy_info":{"product_cat":[{"value":40,"label":"Granite precision measuring tool"}]},"featured_image_src_large":["https:\/\/jtlcnc.com\/wp-content\/uploads\/2026\/01\/fangxiang1-1024x768.jpg",1024,768,true],"author_info":[],"comment_info":"","_links":{"self":[{"href":"https:\/\/jtlcnc.com\/fr\/wp-json\/wp\/v2\/product\/1304","targetHints":{"allow":["GET"]}}],"collection":[{"href":"https:\/\/jtlcnc.com\/fr\/wp-json\/wp\/v2\/product"}],"about":[{"href":"https:\/\/jtlcnc.com\/fr\/wp-json\/wp\/v2\/types\/product"}],"wp:featuredmedia":[{"embeddable":true,"href":"https:\/\/jtlcnc.com\/fr\/wp-json\/wp\/v2\/media\/1443"}],"wp:attachment":[{"href":"https:\/\/jtlcnc.com\/fr\/wp-json\/wp\/v2\/media?parent=1304"}],"wp:term":[{"taxonomy":"product_brand","embeddable":true,"href":"https:\/\/jtlcnc.com\/fr\/wp-json\/wp\/v2\/product_brand?post=1304"},{"taxonomy":"product_cat","embeddable":true,"href":"https:\/\/jtlcnc.com\/fr\/wp-json\/wp\/v2\/product_cat?post=1304"},{"taxonomy":"product_tag","embeddable":true,"href":"https:\/\/jtlcnc.com\/fr\/wp-json\/wp\/v2\/product_tag?post=1304"}],"curies":[{"name":"wp","href":"https:\/\/api.w.org\/{rel}","templated":true}]}}