{"id":1297,"date":"2026-01-02T21:45:57","date_gmt":"2026-01-02T13:45:57","guid":{"rendered":"https:\/\/jtlcnc.com\/?post_type=product&#038;p=1297"},"modified":"2026-01-08T15:08:46","modified_gmt":"2026-01-08T07:08:46","slug":"granite-v-shaped-frame","status":"publish","type":"product","link":"https:\/\/jtlcnc.com\/fr\/produit\/granite-v-shaped-frame\/","title":{"rendered":"Cadre en granit en forme de V"},"content":{"rendered":"<p>Used for measuring coaxiality, roundness, symmetry, and runout of rotating parts. Generally, it is supplied in pairs. If a single order is required, please inquire separately.<br \/>\nLes outils de mesure de pr\u00e9cision en granit sont fabriqu\u00e9s \u00e0 partir de pierre \u201cverte de Jinan\u201d de haute qualit\u00e9, par traitement m\u00e9canique et meulage manuel de pr\u00e9cision. Haute pr\u00e9cision, pas de d\u00e9formation, bonne stabilit\u00e9 et longue dur\u00e9e de vie.<\/p>\n<table>\n<tbody>\n<tr>\n<td rowspan=\"3\" width=\"90\">\u89c4\u683c<br \/>\nDimension<\/td>\n<td colspan=\"2\" width=\"70\">\u5de5\u4f5c\u9762\u5e73\u9762\u5ea6<br \/>\nPlan\u00e9it\u00e9 de la surface de travail<\/td>\n<td colspan=\"2\" width=\"77\">V\u578b\u69fd\u5bf9\u5e95\u9762\u5e73\u884c\u5ea6<br \/>\nParall\u00e9lisme entre la fente en V et la surface inf\u00e9rieure<\/td>\n<td colspan=\"2\" width=\"74\">V\u578b\u69fd\u5bf9\u5e95\u9762\u5e73\u884c\u5ea6<br \/>\nParall\u00e9lisme entre la fente en V et la surface lat\u00e9rale<\/td>\n<td colspan=\"2\" width=\"72\">V\u578b\u69fd\u5bf9\u4e24\u4fa7\u9762\u5bf9\u79f0\u5ea6<br \/>\nSym\u00e9trie entre la fente en V et les deux c\u00f4t\u00e9s<\/td>\n<td colspan=\"2\" width=\"80\">V\u578b\u69fd\u5bf9\u7aef\u9762\u7684\u5782\u76f4\u5ea6<br \/>\nPerpendicularit\u00e9 entre la fente en V et les deux surfaces lat\u00e9rales<\/td>\n<td colspan=\"2\" width=\"72\">V\u578b\u69fd\u5e95\u9762\u7684\u5782\u76f4\u5ea6<br \/>\nPerpendicularit\u00e9 entre la surface lat\u00e9rale et la surface finale<\/td>\n<td colspan=\"2\" width=\"78\">\u4e00\u5bf9V\u578b\u5757\u5bf9\u5e95\u9762\u7684\u9ad8\u5ea6\u5dee<br \/>\nDiff\u00e9rence de hauteur de la fente en V dans une paire appari\u00e9e<\/td>\n<\/tr>\n<tr>\n<td colspan=\"10\" width=\"375\">\u7cbe\u5ea6\u7b49\u7ea7Pr\u00e9cision\uff08\u03bcm\uff09<\/td>\n<td colspan=\"2\" width=\"72\"><\/td>\n<td colspan=\"2\" width=\"78\"><\/td>\n<\/tr>\n<tr>\n<td width=\"41\">0\u7ea7<\/td>\n<td width=\"28\">1\u7ea7<\/td>\n<td width=\"39\">0\u7ea7<\/td>\n<td width=\"38\">1\u7ea7<\/td>\n<td width=\"43\">0\u7ea7<\/td>\n<td width=\"31\">1\u7ea7<\/td>\n<td width=\"40\">0\u7ea7<\/td>\n<td width=\"32\">1\u7ea7<\/td>\n<td width=\"41\">0\u7ea7<\/td>\n<td width=\"38\">1\u7ea7<\/td>\n<td width=\"37\">0\u7ea7<\/td>\n<td width=\"35\">1\u7ea7<\/td>\n<td width=\"42\">0\u7ea7<\/td>\n<td width=\"36\">1\u7ea7<\/td>\n<\/tr>\n<tr>\n<td width=\"90\">40\u00d790\u00b0<\/td>\n<td width=\"41\">1<\/td>\n<td width=\"28\">2<\/td>\n<td width=\"39\">3<\/td>\n<td width=\"38\">6<\/td>\n<td width=\"43\">3<\/td>\n<td width=\"31\">6<\/td>\n<td width=\"40\">5<\/td>\n<td width=\"32\">10<\/td>\n<td width=\"41\">5<\/td>\n<td width=\"38\">5<\/td>\n<td width=\"37\">3<\/td>\n<td width=\"35\">6<\/td>\n<td width=\"42\">4<\/td>\n<td width=\"36\">6<\/td>\n<\/tr>\n<tr>\n<td width=\"90\">63\u00d790\u00b0<\/td>\n<td width=\"41\">2.5<\/td>\n<td width=\"28\">3<\/td>\n<td width=\"39\">4<\/td>\n<td width=\"38\">8<\/td>\n<td width=\"43\">4<\/td>\n<td width=\"31\">8<\/td>\n<td width=\"40\">8<\/td>\n<td width=\"32\">16<\/td>\n<td width=\"41\">8<\/td>\n<td width=\"38\">8<\/td>\n<td width=\"37\">4<\/td>\n<td width=\"35\">8<\/td>\n<td width=\"42\">5<\/td>\n<td width=\"36\">10<\/td>\n<\/tr>\n<tr>\n<td width=\"90\">100\u00d790\u00b0<\/td>\n<td width=\"41\">2<\/td>\n<td width=\"28\">4<\/td>\n<td width=\"39\">4<\/td>\n<td width=\"38\">8<\/td>\n<td width=\"43\">4<\/td>\n<td width=\"31\">8<\/td>\n<td width=\"40\">8<\/td>\n<td width=\"32\">16<\/td>\n<td width=\"41\">88<\/td>\n<td width=\"38\">8<\/td>\n<td width=\"37\">4<\/td>\n<td width=\"35\">8<\/td>\n<td width=\"42\">5<\/td>\n<td width=\"36\">10<\/td>\n<\/tr>\n<tr>\n<td width=\"90\">160\u00d790\u00b0<\/td>\n<td width=\"41\">2.5<\/td>\n<td width=\"28\">5<\/td>\n<td width=\"39\">5<\/td>\n<td width=\"38\">10<\/td>\n<td width=\"43\">5<\/td>\n<td width=\"31\">10<\/td>\n<td width=\"40\">10<\/td>\n<td width=\"32\">20<\/td>\n<td width=\"41\">10<\/td>\n<td width=\"38\">10<\/td>\n<td width=\"37\">5<\/td>\n<td width=\"35\">10<\/td>\n<td width=\"42\">6<\/td>\n<td width=\"36\">12<\/td>\n<\/tr>\n<tr>\n<td width=\"90\">200\u00d790\u00b0<\/td>\n<td width=\"41\">3.5<\/td>\n<td width=\"28\">7<\/td>\n<td width=\"39\">7<\/td>\n<td width=\"38\">13<\/td>\n<td width=\"43\">7<\/td>\n<td width=\"31\">13<\/td>\n<td width=\"40\">13<\/td>\n<td width=\"32\">25<\/td>\n<td width=\"41\">13<\/td>\n<td width=\"38\">13<\/td>\n<td width=\"37\">7<\/td>\n<td width=\"35\">13<\/td>\n<td width=\"42\">5<\/td>\n<td width=\"36\">15<\/td>\n<\/tr>\n<\/tbody>\n<\/table>","protected":false},"excerpt":{"rendered":"<p>Used for measuring coaxiality, roundness, symmetry, and runout of rotating parts. Generally, it is supplied in pairs. If a single order is required, please inquire separately. Granite precision measuring tools are made from high-quality &#8220;Jinan green&#8221; stone through mechanical processing and manual precision grinding. High precision, no deformation, good stability, and long lifespan. \u89c4\u683c Dimension&#8230;<\/p>","protected":false},"featured_media":1442,"template":"","meta":{"_seopress_robots_primary_cat":"","_seopress_titles_title":"","_seopress_titles_desc":"","_seopress_robots_index":"","_kad_blocks_custom_css":"","_kad_blocks_head_custom_js":"","_kad_blocks_body_custom_js":"","_kad_blocks_footer_custom_js":"","_kadence_starter_templates_imported_post":false,"_kad_post_transparent":"default","_kad_post_title":"","_kad_post_layout":"default","_kad_post_sidebar_id":"","_kad_post_content_style":"default","_kad_post_vertical_padding":"default","_kad_post_feature":"","_kad_post_feature_position":"","_kad_post_header":false,"_kad_post_footer":false,"_kad_post_classname":""},"product_brand":[],"product_cat":[40],"product_tag":[],"class_list":{"0":"post-1297","1":"product","2":"type-product","3":"status-publish","4":"has-post-thumbnail","6":"product_cat-tool","8":"first","9":"instock","10":"shipping-taxable","11":"product-type-simple","12":"entry","13":"content-bg","14":"loop-entry"},"taxonomy_info":{"product_cat":[{"value":40,"label":"Granite precision measuring tool"}]},"featured_image_src_large":["https:\/\/jtlcnc.com\/wp-content\/uploads\/2026\/01\/vxing1-1024x768.jpg",1024,768,true],"author_info":[],"comment_info":"","_links":{"self":[{"href":"https:\/\/jtlcnc.com\/fr\/wp-json\/wp\/v2\/product\/1297","targetHints":{"allow":["GET"]}}],"collection":[{"href":"https:\/\/jtlcnc.com\/fr\/wp-json\/wp\/v2\/product"}],"about":[{"href":"https:\/\/jtlcnc.com\/fr\/wp-json\/wp\/v2\/types\/product"}],"wp:featuredmedia":[{"embeddable":true,"href":"https:\/\/jtlcnc.com\/fr\/wp-json\/wp\/v2\/media\/1442"}],"wp:attachment":[{"href":"https:\/\/jtlcnc.com\/fr\/wp-json\/wp\/v2\/media?parent=1297"}],"wp:term":[{"taxonomy":"product_brand","embeddable":true,"href":"https:\/\/jtlcnc.com\/fr\/wp-json\/wp\/v2\/product_brand?post=1297"},{"taxonomy":"product_cat","embeddable":true,"href":"https:\/\/jtlcnc.com\/fr\/wp-json\/wp\/v2\/product_cat?post=1297"},{"taxonomy":"product_tag","embeddable":true,"href":"https:\/\/jtlcnc.com\/fr\/wp-json\/wp\/v2\/product_tag?post=1297"}],"curies":[{"name":"wp","href":"https:\/\/api.w.org\/{rel}","templated":true}]}}