{"id":1260,"date":"2026-01-02T16:58:35","date_gmt":"2026-01-02T08:58:35","guid":{"rendered":"https:\/\/jtlcnc.com\/?post_type=product&#038;p=1260"},"modified":"2026-01-08T15:10:13","modified_gmt":"2026-01-08T07:10:13","slug":"granite-comparison-platform","status":"publish","type":"product","link":"https:\/\/jtlcnc.com\/fr\/produit\/granite-comparison-platform\/","title":{"rendered":"Plate-forme de comparaison de granits"},"content":{"rendered":"<p>Table de comparaison, \u00e9galement connue sous le nom de table de comparaison de marbre, jauge de hauteur, si\u00e8ge de jauge, si\u00e8ge de mesure, porte-cadran<br \/>\nUtilis\u00e9 pour les mesures de haute pr\u00e9cision<br \/>\nMat\u00e9riau : Pierre verte naturelle de Jinan de haute qualit\u00e9<br \/>\nCaract\u00e9ristiques : Haute pr\u00e9cision, r\u00e9sistance \u00e0 l'usure, \u00e0 la corrosion et \u00e0 la rouille<br \/>\nExplication : Les clients utilisent des comparateurs \u00e0 cadran et des indicateurs \u00e0 cadran pendant l'utilisation<br \/>\nPr\u00e9sentation de la base : La plate-forme de mesure de la marque Jiqing utilise des outils de mesure de r\u00e9f\u00e9rence de pr\u00e9cision en granit \u2018Natural Jinan Green\u2019, qui a fait l'objet de tests physiques et d'une s\u00e9lection rigoureux. Il s'agit d'une surface de r\u00e9f\u00e9rence id\u00e9ale pour l'inspection des instruments, des outils de pr\u00e9cision et des pi\u00e8ces m\u00e9caniques, en particulier la plate-forme de mesure en pierre de Dali. Apr\u00e8s des milliards d'ann\u00e9es de vieillissement naturel, sa forme est extr\u00eamement stable et il n'y a pas lieu de s'inqui\u00e9ter des d\u00e9formations dues aux diff\u00e9rences de temp\u00e9rature conventionnelles. En raison de son mat\u00e9riau non m\u00e9tallique, elle n'a pas de r\u00e9action magn\u00e9tique ni de d\u00e9formation plastique et pr\u00e9sente des avantages tels que la r\u00e9sistance aux acides et aux alcalis, la non-magn\u00e9tisation, l'invariance et une bonne r\u00e9sistance \u00e0 l'usure.<br \/>\nPr\u00e9sentation des accessoires : La perche est fabriqu\u00e9e \u00e0 partir d'une tige en acier de haute qualit\u00e9, de calibre 45, et la pince est fabriqu\u00e9e \u00e0 partir d'un moule en alliage d'aluminium.<\/p>\n<p><img alt=\"\" fetchpriority=\"high\" decoding=\"async\" class=\"alignnone size-full wp-image-1265\" src=\"https:\/\/jtlcnc.com\/wp-content\/uploads\/2026\/01\/\u6d4b\u91cf\u53f0\u6570\u636e.jpg\" width=\"790\" height=\"644\" srcset=\"https:\/\/jtlcnc.com\/wp-content\/uploads\/2026\/01\/\u6d4b\u91cf\u53f0\u6570\u636e.jpg 790w, https:\/\/jtlcnc.com\/wp-content\/uploads\/2026\/01\/\u6d4b\u91cf\u53f0\u6570\u636e-300x245.jpg 300w, https:\/\/jtlcnc.com\/wp-content\/uploads\/2026\/01\/\u6d4b\u91cf\u53f0\u6570\u636e-768x626.jpg 768w, https:\/\/jtlcnc.com\/wp-content\/uploads\/2026\/01\/\u6d4b\u91cf\u53f0\u6570\u636e-15x12.jpg 15w\" sizes=\"(max-width: 790px) 100vw, 790px\" \/><\/p>\n<table>\n<tbody>\n<tr>\n<td>\u89c4\u683c \uff08mm\uff09<\/p>\n<p>Dimension<\/td>\n<td>\u7acb\u67f1\u5c3a\u5bf8\uff08mm\uff09<\/p>\n<p>Taille de la colonne<\/td>\n<td>\u6d4b\u91cf\u5ea7\u5de5\u4f5c\u9762\u7684\u5e73\u9762\u5ea6\uff08 \u03bcm\uff09<\/p>\n<p>plan\u00e9it\u00e9 de la surface de travail de la base<\/td>\n<td>\u6d4b\u91cf\u9ad8\u5ea6 \uff08mm\uff09<\/p>\n<p>plage de mesure<\/td>\n<\/tr>\n<tr>\n<td>150\u00d7100\u00d740<\/td>\n<td>150x\u03a630<\/td>\n<td>2<\/td>\n<td>0~100<\/td>\n<\/tr>\n<tr>\n<td>200\u00d7150\u00d750<\/td>\n<td>300x\u03a630<\/td>\n<td>2<\/td>\n<td>0~250<\/td>\n<\/tr>\n<tr>\n<td>300\u00d7200\u00d750<\/td>\n<td>300x\u03a630<\/td>\n<td>2<\/td>\n<td>0~250<\/td>\n<\/tr>\n<tr>\n<td colspan=\"4\">Utiliser un comparateur, un microm\u00e8tre et une sonde \u00e9lectronique en conjonction avec une cale-\u00e9talon pour effectuer des mesures relatives de dimensions sur des pi\u00e8ces ou des produits finis.<\/td>\n<\/tr>\n<\/tbody>\n<\/table>\n<p>&nbsp;<\/p>","protected":false},"excerpt":{"rendered":"<p>Table de comparaison, \u00e9galement connue sous le nom de table de comparaison de marbre, jauge de hauteur, si\u00e8ge de jauge, si\u00e8ge de mesure, porte-cadran<\/p>","protected":false},"featured_media":1445,"template":"","meta":{"_seopress_robots_primary_cat":"","_seopress_titles_title":"","_seopress_titles_desc":"","_seopress_robots_index":"","_kad_blocks_custom_css":"","_kad_blocks_head_custom_js":"","_kad_blocks_body_custom_js":"","_kad_blocks_footer_custom_js":"","_kadence_starter_templates_imported_post":false,"_kad_post_transparent":"default","_kad_post_title":"","_kad_post_layout":"default","_kad_post_sidebar_id":"","_kad_post_content_style":"default","_kad_post_vertical_padding":"default","_kad_post_feature":"","_kad_post_feature_position":"","_kad_post_header":false,"_kad_post_footer":false,"_kad_post_classname":""},"product_brand":[],"product_cat":[41],"product_tag":[],"class_list":{"0":"post-1260","1":"product","2":"type-product","3":"status-publish","4":"has-post-thumbnail","6":"product_cat-comparison","8":"first","9":"instock","10":"shipping-taxable","11":"product-type-simple","12":"entry","13":"content-bg","14":"loop-entry"},"taxonomy_info":{"product_cat":[{"value":41,"label":"Granite comparison platform"}]},"featured_image_src_large":["https:\/\/jtlcnc.com\/wp-content\/uploads\/2026\/01\/celiangtai-1024x768.jpg",1024,768,true],"author_info":[],"comment_info":"","_links":{"self":[{"href":"https:\/\/jtlcnc.com\/fr\/wp-json\/wp\/v2\/product\/1260","targetHints":{"allow":["GET"]}}],"collection":[{"href":"https:\/\/jtlcnc.com\/fr\/wp-json\/wp\/v2\/product"}],"about":[{"href":"https:\/\/jtlcnc.com\/fr\/wp-json\/wp\/v2\/types\/product"}],"wp:featuredmedia":[{"embeddable":true,"href":"https:\/\/jtlcnc.com\/fr\/wp-json\/wp\/v2\/media\/1445"}],"wp:attachment":[{"href":"https:\/\/jtlcnc.com\/fr\/wp-json\/wp\/v2\/media?parent=1260"}],"wp:term":[{"taxonomy":"product_brand","embeddable":true,"href":"https:\/\/jtlcnc.com\/fr\/wp-json\/wp\/v2\/product_brand?post=1260"},{"taxonomy":"product_cat","embeddable":true,"href":"https:\/\/jtlcnc.com\/fr\/wp-json\/wp\/v2\/product_cat?post=1260"},{"taxonomy":"product_tag","embeddable":true,"href":"https:\/\/jtlcnc.com\/fr\/wp-json\/wp\/v2\/product_tag?post=1260"}],"curies":[{"name":"wp","href":"https:\/\/api.w.org\/{rel}","templated":true}]}}