{"id":1247,"date":"2026-01-02T16:20:39","date_gmt":"2026-01-02T08:20:39","guid":{"rendered":"https:\/\/jtlcnc.com\/?post_type=product&#038;p=1247"},"modified":"2026-01-08T15:11:10","modified_gmt":"2026-01-08T07:11:10","slug":"granite-precision-mechanical-components","status":"publish","type":"product","link":"https:\/\/jtlcnc.com\/fr\/produit\/granite-precision-mechanical-components\/","title":{"rendered":"Composants m\u00e9caniques de pr\u00e9cision en granit"},"content":{"rendered":"<p>Les composants m\u00e9caniques de pr\u00e9cision en granit sont fabriqu\u00e9s en pierre \u201cJinan Green\u201d de haute qualit\u00e9 par traitement m\u00e9canique et meulage manuel de pr\u00e9cision. Haute pr\u00e9cision, pas de d\u00e9formation, bonne stabilit\u00e9 et longue dur\u00e9e de vie.<br \/>\nNous pouvons traiter des colonnes, des poutres, des rails de guidage et d'autres accessoires en granit pour diverses machines \u00e0 mesurer les coordonn\u00e9es des utilisateurs. Nous pouvons \u00e9galement traiter les bases en granit de diverses machines de per\u00e7age, de fraisage et de sculpture de circuits imprim\u00e9s, des portiques, des planches \u00e0 roulettes et d'autres accessoires.<br \/>\nTraiter d'autres produits irr\u00e9guliers pour les utilisateurs.<br \/>\nLa combinaison parfaite du granit, du m\u00e9tal et de l'\u00e9lectronique.<br \/>\nAvantages :<br \/>\n1. Haute pr\u00e9cision, bonne stabilit\u00e9 et r\u00e9sistance \u00e0 la d\u00e9formation, garantissant la pr\u00e9cision des mesures \u00e0 temp\u00e9rature ambiante.<br \/>\n2. Ne rouille pas, r\u00e9siste aux acides et aux alcalins, ne n\u00e9cessite pas d'entretien particulier.<br \/>\n3. Bonne r\u00e9sistance \u00e0 l'usure et longue dur\u00e9e de vie.<br \/>\n4. Les rayures et les bosses sur la surface de travail n'affectent pas la pr\u00e9cision de la mesure.<br \/>\n5. Il n'y a pas de probl\u00e8me de magn\u00e9tisation.<br \/>\n6. Glissement en douceur pendant la mesure, sans aucune lenteur<\/p>\n<p>&nbsp;<\/p>","protected":false},"excerpt":{"rendered":"<p>Granite precision mechanical components are made of high-quality &#8220;Jinan Green&#8221; stone through mechanical processing and manual precision grinding. High precision, no deformation, good stability, and long lifespan. We can process granite base columns, beams, guide rails, and other accessories for various coordinate measuring machines for users. It can also process various printed circuit board drilling,&#8230;<\/p>","protected":false},"featured_media":1446,"template":"","meta":{"_seopress_robots_primary_cat":"","_seopress_titles_title":"","_seopress_titles_desc":"","_seopress_robots_index":"","_kad_blocks_custom_css":"","_kad_blocks_head_custom_js":"","_kad_blocks_body_custom_js":"","_kad_blocks_footer_custom_js":"","_kadence_starter_templates_imported_post":false,"_kad_post_transparent":"default","_kad_post_title":"","_kad_post_layout":"default","_kad_post_sidebar_id":"","_kad_post_content_style":"default","_kad_post_vertical_padding":"default","_kad_post_feature":"","_kad_post_feature_position":"","_kad_post_header":false,"_kad_post_footer":false,"_kad_post_classname":""},"product_brand":[],"product_cat":[39],"product_tag":[],"class_list":{"0":"post-1247","1":"product","2":"type-product","3":"status-publish","4":"has-post-thumbnail","6":"product_cat-components","8":"first","9":"instock","10":"shipping-taxable","11":"product-type-simple","12":"entry","13":"content-bg","14":"loop-entry"},"taxonomy_info":{"product_cat":[{"value":39,"label":"Granite mechanical components"}]},"featured_image_src_large":["https:\/\/jtlcnc.com\/wp-content\/uploads\/2026\/01\/goujian5-1024x768.jpg",1024,768,true],"author_info":[],"comment_info":"","_links":{"self":[{"href":"https:\/\/jtlcnc.com\/fr\/wp-json\/wp\/v2\/product\/1247","targetHints":{"allow":["GET"]}}],"collection":[{"href":"https:\/\/jtlcnc.com\/fr\/wp-json\/wp\/v2\/product"}],"about":[{"href":"https:\/\/jtlcnc.com\/fr\/wp-json\/wp\/v2\/types\/product"}],"wp:featuredmedia":[{"embeddable":true,"href":"https:\/\/jtlcnc.com\/fr\/wp-json\/wp\/v2\/media\/1446"}],"wp:attachment":[{"href":"https:\/\/jtlcnc.com\/fr\/wp-json\/wp\/v2\/media?parent=1247"}],"wp:term":[{"taxonomy":"product_brand","embeddable":true,"href":"https:\/\/jtlcnc.com\/fr\/wp-json\/wp\/v2\/product_brand?post=1247"},{"taxonomy":"product_cat","embeddable":true,"href":"https:\/\/jtlcnc.com\/fr\/wp-json\/wp\/v2\/product_cat?post=1247"},{"taxonomy":"product_tag","embeddable":true,"href":"https:\/\/jtlcnc.com\/fr\/wp-json\/wp\/v2\/product_tag?post=1247"}],"curies":[{"name":"wp","href":"https:\/\/api.w.org\/{rel}","templated":true}]}}