{"id":1240,"date":"2026-01-02T11:18:38","date_gmt":"2026-01-02T03:18:38","guid":{"rendered":"https:\/\/jtlcnc.com\/?post_type=product&#038;p=1240"},"modified":"2026-01-08T08:29:54","modified_gmt":"2026-01-08T00:29:54","slug":"granite-platform-bracket-stainless-steel-square","status":"publish","type":"product","link":"https:\/\/jtlcnc.com\/fr\/produit\/granite-platform-bracket-stainless-steel-square\/","title":{"rendered":"Support de plate-forme en granit (carr\u00e9 en acier inoxydable)"},"content":{"rendered":"<p>Tous les cadres sont soutenus par trois points principaux, avec une forte capacit\u00e9 de charge et un support stable.<br \/>\nMoulage int\u00e9gral, mat\u00e9riau \u00e9pais ne se brisant pas facilement, surface noire\/blanche, traitement de peinture au four, pas facile \u00e0 rouiller, pas facile \u00e0 d\u00e9coller, support sp\u00e9cial standard national&lt;70% volume de la plate-forme, envelopp\u00e9 d&#039;un tissu en feutre pour \u00e9viter que la peinture ne s&#039;\u00e9caille.<\/p>","protected":false},"excerpt":{"rendered":"<p>Tous les cadres sont soutenus par trois points principaux, avec une forte capacit\u00e9 de charge et un support stable.<\/p>","protected":false},"featured_media":1444,"template":"","meta":{"_seopress_robots_primary_cat":"","_seopress_titles_title":"","_seopress_titles_desc":"","_seopress_robots_index":"","_kad_blocks_custom_css":"","_kad_blocks_head_custom_js":"","_kad_blocks_body_custom_js":"","_kad_blocks_footer_custom_js":"","_kadence_starter_templates_imported_post":false,"_kad_post_transparent":"default","_kad_post_title":"","_kad_post_layout":"default","_kad_post_sidebar_id":"","_kad_post_content_style":"default","_kad_post_vertical_padding":"default","_kad_post_feature":"","_kad_post_feature_position":"","_kad_post_header":false,"_kad_post_footer":false,"_kad_post_classname":""},"product_brand":[],"product_cat":[38],"product_tag":[],"class_list":{"0":"post-1240","1":"product","2":"type-product","3":"status-publish","4":"has-post-thumbnail","6":"product_cat-platform","8":"first","9":"instock","10":"shipping-taxable","11":"product-type-simple","12":"entry","13":"content-bg","14":"loop-entry"},"taxonomy_info":{"product_cat":[{"value":38,"label":"Granite detection platform"}]},"featured_image_src_large":["https:\/\/jtlcnc.com\/wp-content\/uploads\/2026\/01\/zhijia1-1024x768.jpg",1024,768,true],"author_info":[],"comment_info":"","_links":{"self":[{"href":"https:\/\/jtlcnc.com\/fr\/wp-json\/wp\/v2\/product\/1240","targetHints":{"allow":["GET"]}}],"collection":[{"href":"https:\/\/jtlcnc.com\/fr\/wp-json\/wp\/v2\/product"}],"about":[{"href":"https:\/\/jtlcnc.com\/fr\/wp-json\/wp\/v2\/types\/product"}],"wp:featuredmedia":[{"embeddable":true,"href":"https:\/\/jtlcnc.com\/fr\/wp-json\/wp\/v2\/media\/1444"}],"wp:attachment":[{"href":"https:\/\/jtlcnc.com\/fr\/wp-json\/wp\/v2\/media?parent=1240"}],"wp:term":[{"taxonomy":"product_brand","embeddable":true,"href":"https:\/\/jtlcnc.com\/fr\/wp-json\/wp\/v2\/product_brand?post=1240"},{"taxonomy":"product_cat","embeddable":true,"href":"https:\/\/jtlcnc.com\/fr\/wp-json\/wp\/v2\/product_cat?post=1240"},{"taxonomy":"product_tag","embeddable":true,"href":"https:\/\/jtlcnc.com\/fr\/wp-json\/wp\/v2\/product_tag?post=1240"}],"curies":[{"name":"wp","href":"https:\/\/api.w.org\/{rel}","templated":true}]}}