{"id":1232,"date":"2026-01-02T11:17:32","date_gmt":"2026-01-02T03:17:32","guid":{"rendered":"https:\/\/jtlcnc.com\/?post_type=product&#038;p=1232"},"modified":"2026-01-08T15:12:16","modified_gmt":"2026-01-08T07:12:16","slug":"green-granite-testing-platform","status":"publish","type":"product","link":"https:\/\/jtlcnc.com\/fr\/produit\/green-granite-testing-platform\/","title":{"rendered":"Plate-forme d'essai du granit vert"},"content":{"rendered":"<p>La plate-forme d'instruments de pr\u00e9cision en granit est fabriqu\u00e9e en pierre \u201cverte de Jinan\u201d de haute qualit\u00e9, par traitement m\u00e9canique et meulage manuel de pr\u00e9cision. Haute pr\u00e9cision, pas de d\u00e9formation, bonne stabilit\u00e9, longue dur\u00e9e de vie, convient aux travaux de mesure dans les usines m\u00e9caniques et les laboratoires.<br \/>\nLes principaux composants min\u00e9raux du granite \u201cJinan Qing\u201d sont le pyrox\u00e8ne, le plagioclase, la biotite et des traces de magn\u00e9tite. Il a une couleur noire, une structure pr\u00e9cise et a subi des milliards d'ann\u00e9es de vieillissement. Sa texture est uniforme, stable, solide et dure, et il peut maintenir une grande pr\u00e9cision sous de lourdes charges.<br \/>\nAvantages :<br \/>\n1. Haute pr\u00e9cision, bonne stabilit\u00e9 et r\u00e9sistance \u00e0 la d\u00e9formation, garantissant la pr\u00e9cision des mesures \u00e0 temp\u00e9rature ambiante.<br \/>\n2. Ne rouille pas, r\u00e9siste aux acides et aux alcalins, ne n\u00e9cessite pas d'entretien particulier.<br \/>\n3. Bonne r\u00e9sistance \u00e0 l'usure et longue dur\u00e9e de vie.<br \/>\n4. Les rayures et les bosses sur la surface de travail n'affectent pas la pr\u00e9cision de la mesure.<br \/>\n5. Il n'y a pas de probl\u00e8me de magn\u00e9tisation.<br \/>\n6. Glissement en douceur pendant la mesure, sans aucune lenteur<br \/>\nLa pr\u00e9cision des dalles de granit doit \u00eatre conforme aux normes des pays avanc\u00e9s et la tol\u00e9rance de plan\u00e9it\u00e9 doit \u00eatre conforme \u00e0 la norme JB\/T7975-1999.<br \/>\nNorme : Niveau 000=1 \u00d7 (1+d\/1000) um<br \/>\nNiveau 00=2 \u00d7 (1+d\/1000) um<br \/>\nNiveau 0=4 \u00d7 (1+d\/1000) um<br \/>\nNiveau 1=8 \u00d7 (1+d\/1000) um<br \/>\n(d est la diagonale en mm) (La mesure de la temp\u00e9rature se fait g\u00e9n\u00e9ralement \u00e0 20 \u00b1 2 \u2103)<\/p>\n<p>&nbsp;<\/p>\n<p>&nbsp;<\/p>","protected":false},"excerpt":{"rendered":"<p>The granite precision instrument platform is made of high-quality &#8220;Jinan green&#8221; stone material through mechanical processing and manual precision grinding. High precision, no deformation, good stability, long service life, suitable for measurement work in mechanical factories and laboratories. The main mineral components of &#8220;Jinan Qing&#8221; granite are pyroxene, plagioclase, biotite, and trace amounts of magnetite&#8230;.<\/p>","protected":false},"featured_media":1451,"template":"","meta":{"_seopress_robots_primary_cat":"","_seopress_titles_title":"","_seopress_titles_desc":"","_seopress_robots_index":"","_kad_blocks_custom_css":"","_kad_blocks_head_custom_js":"","_kad_blocks_body_custom_js":"","_kad_blocks_footer_custom_js":"","_kadence_starter_templates_imported_post":false,"_kad_post_transparent":"default","_kad_post_title":"","_kad_post_layout":"default","_kad_post_sidebar_id":"","_kad_post_content_style":"default","_kad_post_vertical_padding":"default","_kad_post_feature":"","_kad_post_feature_position":"","_kad_post_header":false,"_kad_post_footer":false,"_kad_post_classname":""},"product_brand":[],"product_cat":[38],"product_tag":[],"class_list":{"0":"post-1232","1":"product","2":"type-product","3":"status-publish","4":"has-post-thumbnail","6":"product_cat-platform","8":"first","9":"instock","10":"shipping-taxable","11":"product-type-simple","12":"entry","13":"content-bg","14":"loop-entry"},"taxonomy_info":{"product_cat":[{"value":38,"label":"Granite detection platform"}]},"featured_image_src_large":["https:\/\/jtlcnc.com\/wp-content\/uploads\/2026\/01\/huagangyan-1024x768.jpg",1024,768,true],"author_info":[],"comment_info":"","_links":{"self":[{"href":"https:\/\/jtlcnc.com\/fr\/wp-json\/wp\/v2\/product\/1232","targetHints":{"allow":["GET"]}}],"collection":[{"href":"https:\/\/jtlcnc.com\/fr\/wp-json\/wp\/v2\/product"}],"about":[{"href":"https:\/\/jtlcnc.com\/fr\/wp-json\/wp\/v2\/types\/product"}],"wp:featuredmedia":[{"embeddable":true,"href":"https:\/\/jtlcnc.com\/fr\/wp-json\/wp\/v2\/media\/1451"}],"wp:attachment":[{"href":"https:\/\/jtlcnc.com\/fr\/wp-json\/wp\/v2\/media?parent=1232"}],"wp:term":[{"taxonomy":"product_brand","embeddable":true,"href":"https:\/\/jtlcnc.com\/fr\/wp-json\/wp\/v2\/product_brand?post=1232"},{"taxonomy":"product_cat","embeddable":true,"href":"https:\/\/jtlcnc.com\/fr\/wp-json\/wp\/v2\/product_cat?post=1232"},{"taxonomy":"product_tag","embeddable":true,"href":"https:\/\/jtlcnc.com\/fr\/wp-json\/wp\/v2\/product_tag?post=1232"}],"curies":[{"name":"wp","href":"https:\/\/api.w.org\/{rel}","templated":true}]}}