{"id":2050,"date":"2026-03-07T08:53:37","date_gmt":"2026-03-07T00:53:37","guid":{"rendered":"https:\/\/jtlcnc.com\/?post_type=product&#038;p=2050"},"modified":"2026-03-07T08:53:37","modified_gmt":"2026-03-07T00:53:37","slug":"high-precision-v-block-calibration","status":"publish","type":"product","link":"https:\/\/jtlcnc.com\/es\/producto\/high-precision-v-block-calibration\/","title":{"rendered":"Calibrado de alta precisi\u00f3n de bloques en V"},"content":{"rendered":"<p>Los bloques en V de granito de calidad de laboratorio producidos por nuestra empresa han logrado una optimizaci\u00f3n completa de los materiales, la artesan\u00eda, la precisi\u00f3n y la estabilidad, abordando los tres problemas de la deriva del punto de referencia, la interferencia ambiental y la deformaci\u00f3n por desgaste en la medici\u00f3n de precisi\u00f3n. Se han convertido en herramientas de referencia indispensables en la fabricaci\u00f3n de alta gama y la investigaci\u00f3n cient\u00edfica, proporcionando una garant\u00eda fiable para la calidad de los componentes cr\u00edticos.<\/p>\n<p>Se utilizan para medir la coaxialidad, la redondez, la simetr\u00eda y la excentricidad de piezas giratorias. Generalmente se suministran por pares; para piezas individuales, cons\u00faltenos por separado.<br \/>\nHerramientas de medici\u00f3n de precisi\u00f3n de granito, fabricadas con material de piedra \u201cJinan Black\u201d de alta calidad mediante procesamiento mec\u00e1nico y esmerilado fino manual. Alta precisi\u00f3n, sin deformaciones, buena estabilidad y larga vida \u00fatil.<\/p>","protected":false},"excerpt":{"rendered":"<table>\n<tbody>\n<tr>\n<td rowspan=\"3\" width=\"90\">\u89c4\u683c<br \/>\nDimensi\u00f3n<\/td>\n<td colspan=\"2\" width=\"70\">\u5de5\u4f5c\u9762\u5e73\u9762\u5ea6<\/p>\n<p>Planitud de la superficie de trabajo<\/td>\n<td colspan=\"2\" width=\"77\">V\u578b\u69fd\u5bf9\u5e95\u9762\u5e73\u884c\u5ea6<\/p>\n<p>Paralelismo entre la ranura en V y la superficie inferior<\/td>\n<td colspan=\"2\" width=\"74\">V\u578b\u69fd\u5bf9\u5e95\u9762\u5e73\u884c\u5ea6<\/p>\n<p>Paralelismo entre la ranura en V y la superficie lateral<\/td>\n<td colspan=\"2\" width=\"72\">V\u578b\u69fd\u5bf9\u4e24\u4fa7\u9762\u5bf9\u79f0\u5ea6<\/p>\n<p>Simetr\u00eda entre la ranura en V y los dos lados<\/td>\n<td colspan=\"2\" width=\"80\">V\u578b\u69fd\u5bf9\u7aef\u9762\u7684\u5782\u76f4\u5ea6<\/p>\n<p>Perpendicularidad entre la ranura en V y la superficie de los dos lados<\/td>\n<td colspan=\"2\" width=\"72\">V\u578b\u69fd\u5e95\u9762\u7684\u5782\u76f4\u5ea6<\/p>\n<p>Perpendicularidad entre la superficie lateral y la superficie final<\/td>\n<td colspan=\"2\" width=\"78\">\u4e00\u5bf9V\u578b\u5757\u5bf9\u5e95\u9762\u7684\u9ad8\u5ea6\u5dee<\/p>\n<p>Diferencia de altura de la ranura en V dentro de un par coincidente<\/td>\n<\/tr>\n<tr>\n<td colspan=\"10\" width=\"375\">\u7cbe\u5ea6\u7b49\u7ea7Grado de precisi\u00f3n\uff08\u03bcm\uff09<\/td>\n<td colspan=\"2\" width=\"72\">&nbsp;<\/td>\n<td colspan=\"2\" width=\"78\">&nbsp;<\/td>\n<\/tr>\n<tr>\n<td width=\"41\">0\u7ea7<\/td>\n<td width=\"28\">1\u7ea7<\/td>\n<td width=\"39\">0\u7ea7<\/td>\n<td width=\"38\">1\u7ea7<\/td>\n<td width=\"43\">0\u7ea7<\/td>\n<td width=\"31\">1\u7ea7<\/td>\n<td width=\"40\">0\u7ea7<\/td>\n<td width=\"32\">1\u7ea7<\/td>\n<td width=\"41\">0\u7ea7<\/td>\n<td width=\"38\">1\u7ea7<\/td>\n<td width=\"37\">0\u7ea7<\/td>\n<td width=\"35\">1\u7ea7<\/td>\n<td width=\"42\">0\u7ea7<\/td>\n<td width=\"36\">1\u7ea7<\/td>\n<\/tr>\n<tr>\n<td width=\"90\">40\u00d790\u00b0<\/td>\n<td width=\"41\">1<\/td>\n<td width=\"28\">2<\/td>\n<td width=\"39\">3<\/td>\n<td width=\"38\">6<\/td>\n<td width=\"43\">3<\/td>\n<td width=\"31\">6<\/td>\n<td width=\"40\">5<\/td>\n<td width=\"32\">10<\/td>\n<td width=\"41\">5<\/td>\n<td width=\"38\">5<\/td>\n<td width=\"37\">3<\/td>\n<td width=\"35\">6<\/td>\n<td width=\"42\">4<\/td>\n<td width=\"36\">6<\/td>\n<\/tr>\n<tr>\n<td width=\"90\">63\u00d790\u00b0<\/td>\n<td width=\"41\">2.5<\/td>\n<td width=\"28\">3<\/td>\n<td width=\"39\">4<\/td>\n<td width=\"38\">8<\/td>\n<td width=\"43\">4<\/td>\n<td width=\"31\">8<\/td>\n<td width=\"40\">8<\/td>\n<td width=\"32\">16<\/td>\n<td width=\"41\">8<\/td>\n<td width=\"38\">8<\/td>\n<td width=\"37\">4<\/td>\n<td width=\"35\">8<\/td>\n<td width=\"42\">5<\/td>\n<td width=\"36\">10<\/td>\n<\/tr>\n<tr>\n<td width=\"90\">100\u00d790\u00b0<\/td>\n<td width=\"41\">2<\/td>\n<td width=\"28\">4<\/td>\n<td width=\"39\">4<\/td>\n<td width=\"38\">8<\/td>\n<td width=\"43\">4<\/td>\n<td width=\"31\">8<\/td>\n<td width=\"40\">8<\/td>\n<td width=\"32\">16<\/td>\n<td width=\"41\">88<\/td>\n<td width=\"38\">8<\/td>\n<td width=\"37\">4<\/td>\n<td width=\"35\">8<\/td>\n<td width=\"42\">5<\/td>\n<td width=\"36\">10<\/td>\n<\/tr>\n<tr>\n<td width=\"90\">160\u00d790\u00b0<\/td>\n<td width=\"41\">2.5<\/td>\n<td width=\"28\">5<\/td>\n<td width=\"39\">5<\/td>\n<td width=\"38\">10<\/td>\n<td width=\"43\">5<\/td>\n<td width=\"31\">10<\/td>\n<td width=\"40\">10<\/td>\n<td width=\"32\">20<\/td>\n<td width=\"41\">10<\/td>\n<td width=\"38\">10<\/td>\n<td width=\"37\">5<\/td>\n<td width=\"35\">10<\/td>\n<td width=\"42\">6<\/td>\n<td width=\"36\">12<\/td>\n<\/tr>\n<tr>\n<td width=\"90\">200\u00d790\u00b0<\/td>\n<td width=\"41\">3.5<\/td>\n<td width=\"28\">7<\/td>\n<td width=\"39\">7<\/td>\n<td width=\"38\">13<\/td>\n<td width=\"43\">7<\/td>\n<td width=\"31\">13<\/td>\n<td width=\"40\">13<\/td>\n<td width=\"32\">25<\/td>\n<td width=\"41\">13<\/td>\n<td width=\"38\">13<\/td>\n<td width=\"37\">7<\/td>\n<td width=\"35\">13<\/td>\n<td width=\"42\">5<\/td>\n<td width=\"36\">15<\/td>\n<\/tr>\n<\/tbody>\n<\/table>","protected":false},"featured_media":1301,"template":"","meta":{"_seopress_robots_primary_cat":"","_seopress_titles_title":"","_seopress_titles_desc":"","_seopress_robots_index":"","_kad_blocks_custom_css":"","_kad_blocks_head_custom_js":"","_kad_blocks_body_custom_js":"","_kad_blocks_footer_custom_js":"","_kadence_starter_templates_imported_post":false,"_kad_post_transparent":"default","_kad_post_title":"","_kad_post_layout":"default","_kad_post_sidebar_id":"","_kad_post_content_style":"default","_kad_post_vertical_padding":"default","_kad_post_feature":"","_kad_post_feature_position":"","_kad_post_header":false,"_kad_post_footer":false,"_kad_post_classname":""},"product_brand":[],"product_cat":[40],"product_tag":[],"class_list":{"0":"post-2050","1":"product","2":"type-product","3":"status-publish","4":"has-post-thumbnail","6":"product_cat-tool","8":"first","9":"instock","10":"shipping-taxable","11":"product-type-simple","12":"entry","13":"content-bg","14":"loop-entry"},"taxonomy_info":{"product_cat":[{"value":40,"label":"Granite precision measuring tool"}]},"featured_image_src_large":["https:\/\/jtlcnc.com\/wp-content\/uploads\/2026\/01\/V\u578b\u57573-1024x768.jpg",1024,768,true],"author_info":[],"comment_info":"","_links":{"self":[{"href":"https:\/\/jtlcnc.com\/es\/wp-json\/wp\/v2\/product\/2050","targetHints":{"allow":["GET"]}}],"collection":[{"href":"https:\/\/jtlcnc.com\/es\/wp-json\/wp\/v2\/product"}],"about":[{"href":"https:\/\/jtlcnc.com\/es\/wp-json\/wp\/v2\/types\/product"}],"wp:featuredmedia":[{"embeddable":true,"href":"https:\/\/jtlcnc.com\/es\/wp-json\/wp\/v2\/media\/1301"}],"wp:attachment":[{"href":"https:\/\/jtlcnc.com\/es\/wp-json\/wp\/v2\/media?parent=2050"}],"wp:term":[{"taxonomy":"product_brand","embeddable":true,"href":"https:\/\/jtlcnc.com\/es\/wp-json\/wp\/v2\/product_brand?post=2050"},{"taxonomy":"product_cat","embeddable":true,"href":"https:\/\/jtlcnc.com\/es\/wp-json\/wp\/v2\/product_cat?post=2050"},{"taxonomy":"product_tag","embeddable":true,"href":"https:\/\/jtlcnc.com\/es\/wp-json\/wp\/v2\/product_tag?post=2050"}],"curies":[{"name":"wp","href":"https:\/\/api.w.org\/{rel}","templated":true}]}}