{"id":2032,"date":"2026-03-06T08:57:00","date_gmt":"2026-03-06T00:57:00","guid":{"rendered":"https:\/\/jtlcnc.com\/?post_type=product&#038;p=2032"},"modified":"2026-03-06T08:57:01","modified_gmt":"2026-03-06T00:57:01","slug":"cnc-granite-base","status":"publish","type":"product","link":"https:\/\/jtlcnc.com\/es\/producto\/cnc-granite-base\/","title":{"rendered":"BASE DE GRANITO CNC"},"content":{"rendered":"<p>Made from high-quality &#8220;Jinan Black&#8221; stone material through mechanical processing and hand precision grinding. It features high precision, no deformation, excellent stility, and a long service life, making it suitable for measurement work in machine shops and laboratories.<br \/>\nThe main mineral components of &#8220;Jinan Black&#8221; granite are pyroxene,plagioclase, biotite, and trace amounts of magnetite. With a black color and a fine structure, it has undergone aging over hundreds of millions of years, resulting in a uniorm texture, excellent stability, high strength, and high hardness, allowing it to maintain high precision under heavy loads.<br \/>\nVentajas:<br \/>\n1. High precision, excellent stability, and resistance to on, ensuring measurement accuracy at room temperature.<br \/>\n2. Rust-proof, resistant to acids and alkalis, and requires no special maintenance.<br \/>\n3. Excellent wear resistance and long servlife.<br \/>\n4. Scratches or bumps on the working surface do not affect measurement precision.<br \/>\n5. Sin problemas de magnetizaci\u00f3n.<br \/>\n6. Smooth sliding during measurement with no stickin.<\/p>\n<p>We can process various granite components for CMMs, such as bases, columns, crossbeams, and guides. We can also process granite bass, gantries, and slides for PCB drilling and milling machines, as well as engraving machines.<br \/>\nWe process other custom-shaped products for customers.<br \/>\nThe perfect combination of granite, metal.<\/p>\n<p>&nbsp;<\/p>","protected":false},"excerpt":{"rendered":"<table width=\"873\">\n<tbody>\n<tr>\n<td colspan=\"2\" width=\"411\">Atributos clave<\/td>\n<td width=\"211\"><\/td>\n<td width=\"251\"><\/td>\n<\/tr>\n<tr>\n<td>precisi\u00f3n<\/td>\n<td>\u00a0Grado 0, Grado 00, Grado 000<\/td>\n<td>lugar de origen<\/td>\n<td>Shandong, China<\/td>\n<\/tr>\n<tr>\n<td>marca<\/td>\n<td>jintelai<\/td>\n<td>n\u00famero de modelo<\/td>\n<td>\u00a0Personalizado<\/td>\n<\/tr>\n<tr>\n<td>Nombre del producto<\/td>\n<td>Plataforma de granito de precisi\u00f3n<\/td>\n<td>garant\u00eda de materiales Granite<\/td>\n<td>1 a\u00f1o<\/td>\n<\/tr>\n<tr>\n<td>Funci\u00f3n<\/td>\n<td width=\"265\">medici\u00f3n, inspecci\u00f3n, calibraci\u00f3n y control de calidad<\/td>\n<td>asistencia personalizada<\/td>\n<td>OEM, ODM<\/td>\n<\/tr>\n<tr>\n<td>material<\/td>\n<td>Granito en bruto<\/td>\n<td>Caracter\u00edsticas<\/td>\n<td>Gran dureza, resistencia al desgaste<\/td>\n<\/tr>\n<tr>\n<td>Nombre del producto<\/td>\n<td>Plataforma de granito de precisi\u00f3n<\/td>\n<td>Paquete<\/td>\n<td>Caja de madera<\/td>\n<\/tr>\n<tr>\n<td>MOQ<\/td>\n<td>1 unidad<\/td>\n<td>Talla<\/td>\n<td>\u00a0Personalizado<\/td>\n<\/tr>\n<tr>\n<td>Aplicaci\u00f3n<\/td>\n<td>Autom\u00e1tica industrial<\/td>\n<td>Env\u00edo<\/td>\n<td>Mar<\/td>\n<\/tr>\n<tr>\n<td>Puntos clave de venta<\/td>\n<td colspan=\"3\">Bajo coste de mantenimiento<\/td>\n<\/tr>\n<\/tbody>\n<\/table>","protected":false},"featured_media":1917,"template":"","meta":{"_seopress_robots_primary_cat":"","_seopress_titles_title":"","_seopress_titles_desc":"","_seopress_robots_index":"","_kad_blocks_custom_css":"","_kad_blocks_head_custom_js":"","_kad_blocks_body_custom_js":"","_kad_blocks_footer_custom_js":"","_kadence_starter_templates_imported_post":false,"_kad_post_transparent":"default","_kad_post_title":"","_kad_post_layout":"default","_kad_post_sidebar_id":"","_kad_post_content_style":"default","_kad_post_vertical_padding":"default","_kad_post_feature":"","_kad_post_feature_position":"","_kad_post_header":false,"_kad_post_footer":false,"_kad_post_classname":""},"product_brand":[],"product_cat":[45],"product_tag":[],"class_list":{"0":"post-2032","1":"product","2":"type-product","3":"status-publish","4":"has-post-thumbnail","6":"product_cat-base","8":"first","9":"instock","10":"shipping-taxable","11":"product-type-simple","12":"entry","13":"content-bg","14":"loop-entry"},"taxonomy_info":{"product_cat":[{"value":45,"label":"Granite equipment base"}]},"featured_image_src_large":["https:\/\/jtlcnc.com\/wp-content\/uploads\/2026\/02\/\u5fae\u4fe1\u56fe\u7247_20260225093050_6_11.jpg",312,240,false],"author_info":[],"comment_info":"","_links":{"self":[{"href":"https:\/\/jtlcnc.com\/es\/wp-json\/wp\/v2\/product\/2032","targetHints":{"allow":["GET"]}}],"collection":[{"href":"https:\/\/jtlcnc.com\/es\/wp-json\/wp\/v2\/product"}],"about":[{"href":"https:\/\/jtlcnc.com\/es\/wp-json\/wp\/v2\/types\/product"}],"wp:featuredmedia":[{"embeddable":true,"href":"https:\/\/jtlcnc.com\/es\/wp-json\/wp\/v2\/media\/1917"}],"wp:attachment":[{"href":"https:\/\/jtlcnc.com\/es\/wp-json\/wp\/v2\/media?parent=2032"}],"wp:term":[{"taxonomy":"product_brand","embeddable":true,"href":"https:\/\/jtlcnc.com\/es\/wp-json\/wp\/v2\/product_brand?post=2032"},{"taxonomy":"product_cat","embeddable":true,"href":"https:\/\/jtlcnc.com\/es\/wp-json\/wp\/v2\/product_cat?post=2032"},{"taxonomy":"product_tag","embeddable":true,"href":"https:\/\/jtlcnc.com\/es\/wp-json\/wp\/v2\/product_tag?post=2032"}],"curies":[{"name":"wp","href":"https:\/\/api.w.org\/{rel}","templated":true}]}}