{"id":1992,"date":"2026-03-04T09:05:16","date_gmt":"2026-03-04T01:05:16","guid":{"rendered":"https:\/\/jtlcnc.com\/?post_type=product&#038;p=1992"},"modified":"2026-03-04T09:05:17","modified_gmt":"2026-03-04T01:05:17","slug":"marble-equipment-base","status":"publish","type":"product","link":"https:\/\/jtlcnc.com\/es\/producto\/marble-equipment-base\/","title":{"rendered":"Base de equipamiento de m\u00e1rmol"},"content":{"rendered":"<table width=\"873\">\n<tbody>\n<tr>\n<td colspan=\"2\" width=\"411\">Atributos clave<\/td>\n<td width=\"211\"><\/td>\n<td width=\"251\"><\/td>\n<\/tr>\n<tr>\n<td>precisi\u00f3n<\/td>\n<td>\u00a0Grado 0, Grado 00, Grado 000<\/td>\n<td>lugar de origen<\/td>\n<td>Shandong, China<\/td>\n<\/tr>\n<tr>\n<td>marca<\/td>\n<td>jintelai<\/td>\n<td>n\u00famero de modelo<\/td>\n<td>\u00a0Personalizado<\/td>\n<\/tr>\n<tr>\n<td>Nombre del producto<\/td>\n<td>Plataforma de granito de precisi\u00f3n<\/td>\n<td>garant\u00eda de materiales Granite<\/td>\n<td>1 a\u00f1o<\/td>\n<\/tr>\n<tr>\n<td>Funci\u00f3n<\/td>\n<td width=\"265\">medici\u00f3n, inspecci\u00f3n, calibraci\u00f3n y control de calidad<\/td>\n<td>asistencia personalizada<\/td>\n<td>OEM, ODM<\/td>\n<\/tr>\n<tr>\n<td>material<\/td>\n<td>Granito en bruto<\/td>\n<td>Caracter\u00edsticas<\/td>\n<td>Gran dureza, resistencia al desgaste<\/td>\n<\/tr>\n<tr>\n<td>Nombre del producto<\/td>\n<td>Plataforma de granito de precisi\u00f3n<\/td>\n<td>Paquete<\/td>\n<td>Caja de madera<\/td>\n<\/tr>\n<tr>\n<td>MOQ<\/td>\n<td>1 unidad<\/td>\n<td>Talla<\/td>\n<td>\u00a0Personalizado<\/td>\n<\/tr>\n<tr>\n<td>Aplicaci\u00f3n<\/td>\n<td>Autom\u00e1tica industrial<\/td>\n<td>Env\u00edo<\/td>\n<td>Mar<\/td>\n<\/tr>\n<tr>\n<td>Puntos clave de venta<\/td>\n<td colspan=\"3\">Bajo coste de mantenimiento<\/td>\n<\/tr>\n<\/tbody>\n<\/table>","protected":false},"excerpt":{"rendered":"<p>Fabricado con piedra \u201cJinan Black\u201d de alta calidad mediante procesamiento mec\u00e1nico y rectificado manual de precisi\u00f3n. Se caracteriza por su alta precisi\u00f3n, ausencia de deformaci\u00f3n, excelente estabilidad y larga vida \u00fatil.<br \/>\nPodemos procesar diversos componentes de soporte para los usuarios, como bases de granito, columnas, travesa\u00f1os y gu\u00edas para MMC. Tambi\u00e9n podemos procesar bases, p\u00f3rticos y gu\u00edas de granito para diversas m\u00e1quinas de taladrado y fresado de PCB y m\u00e1quinas de grabado.<br \/>\nProcesamos otros productos con formas especiales para los usuarios.<br \/>\nLa combinaci\u00f3n perfecta de electr\u00f3nica de granito.<\/p>\n<p>Ventajas:<br \/>\n1. Alta precisi\u00f3n, excelente estabilidad y resistencia a la deformaci\u00f3n, lo que garantiza la exactitud de la medici\u00f3n a temperatura ambiente.<br \/>\n2. A prueba de \u00f3xido, resistente a \u00e1cidos y \u00e1lcalis y no requiere mantenimiento especial.<br \/>\n3. Excelente resistencia al desgaste y larga vida \u00fatil.<br \/>\n4. Los ara\u00f1azos o golpes en la superficie de trabajo no afectan a la precisi\u00f3n de la medici\u00f3n.<br \/>\n5. Sin problemas de magnetizaci\u00f3n.<br \/>\n6. Deslizamiento suave durante la medici\u00f3n sin sensaci\u00f3n de adherencia.<\/p>\n<p>&nbsp;<\/p>\n<figure id=\"attachment_1925\" aria-describedby=\"caption-attachment-1925\" style=\"width: 1920px\" class=\"wp-caption alignnone\"><img alt=\"\" fetchpriority=\"high\" decoding=\"async\" class=\"size-full wp-image-1925\" src=\"https:\/\/jtlcnc.com\/wp-content\/uploads\/2026\/02\/\u5fae\u4fe1\u56fe\u7247_20260226085922_9_11-scaled.jpg\" width=\"1920\" height=\"2560\" srcset=\"https:\/\/jtlcnc.com\/wp-content\/uploads\/2026\/02\/\u5fae\u4fe1\u56fe\u7247_20260226085922_9_11-scaled.jpg 1920w, https:\/\/jtlcnc.com\/wp-content\/uploads\/2026\/02\/\u5fae\u4fe1\u56fe\u7247_20260226085922_9_11-225x300.jpg 225w, https:\/\/jtlcnc.com\/wp-content\/uploads\/2026\/02\/\u5fae\u4fe1\u56fe\u7247_20260226085922_9_11-768x1024.jpg 768w, https:\/\/jtlcnc.com\/wp-content\/uploads\/2026\/02\/\u5fae\u4fe1\u56fe\u7247_20260226085922_9_11-1152x1536.jpg 1152w, https:\/\/jtlcnc.com\/wp-content\/uploads\/2026\/02\/\u5fae\u4fe1\u56fe\u7247_20260226085922_9_11-1536x2048.jpg 1536w, https:\/\/jtlcnc.com\/wp-content\/uploads\/2026\/02\/\u5fae\u4fe1\u56fe\u7247_20260226085922_9_11-9x12.jpg 9w, https:\/\/jtlcnc.com\/wp-content\/uploads\/2026\/02\/\u5fae\u4fe1\u56fe\u7247_20260226085922_9_11-800x1067.jpg 800w\" sizes=\"(max-width: 1920px) 100vw, 1920px\" \/><figcaption id=\"caption-attachment-1925\" class=\"wp-caption-text\">oppo_32<\/figcaption><\/figure>","protected":false},"featured_media":1925,"template":"","meta":{"_seopress_robots_primary_cat":"","_seopress_titles_title":"","_seopress_titles_desc":"","_seopress_robots_index":"","_kad_blocks_custom_css":"","_kad_blocks_head_custom_js":"","_kad_blocks_body_custom_js":"","_kad_blocks_footer_custom_js":"","_kadence_starter_templates_imported_post":false,"_kad_post_transparent":"default","_kad_post_title":"","_kad_post_layout":"default","_kad_post_sidebar_id":"","_kad_post_content_style":"default","_kad_post_vertical_padding":"default","_kad_post_feature":"","_kad_post_feature_position":"","_kad_post_header":false,"_kad_post_footer":false,"_kad_post_classname":""},"product_brand":[],"product_cat":[45],"product_tag":[],"class_list":{"0":"post-1992","1":"product","2":"type-product","3":"status-publish","4":"has-post-thumbnail","6":"product_cat-base","8":"first","9":"instock","10":"shipping-taxable","11":"product-type-simple","12":"entry","13":"content-bg","14":"loop-entry"},"taxonomy_info":{"product_cat":[{"value":45,"label":"Granite equipment base"}]},"featured_image_src_large":["https:\/\/jtlcnc.com\/wp-content\/uploads\/2026\/02\/\u5fae\u4fe1\u56fe\u7247_20260226085922_9_11-768x1024.jpg",768,1024,true],"author_info":[],"comment_info":"","_links":{"self":[{"href":"https:\/\/jtlcnc.com\/es\/wp-json\/wp\/v2\/product\/1992","targetHints":{"allow":["GET"]}}],"collection":[{"href":"https:\/\/jtlcnc.com\/es\/wp-json\/wp\/v2\/product"}],"about":[{"href":"https:\/\/jtlcnc.com\/es\/wp-json\/wp\/v2\/types\/product"}],"wp:featuredmedia":[{"embeddable":true,"href":"https:\/\/jtlcnc.com\/es\/wp-json\/wp\/v2\/media\/1925"}],"wp:attachment":[{"href":"https:\/\/jtlcnc.com\/es\/wp-json\/wp\/v2\/media?parent=1992"}],"wp:term":[{"taxonomy":"product_brand","embeddable":true,"href":"https:\/\/jtlcnc.com\/es\/wp-json\/wp\/v2\/product_brand?post=1992"},{"taxonomy":"product_cat","embeddable":true,"href":"https:\/\/jtlcnc.com\/es\/wp-json\/wp\/v2\/product_cat?post=1992"},{"taxonomy":"product_tag","embeddable":true,"href":"https:\/\/jtlcnc.com\/es\/wp-json\/wp\/v2\/product_tag?post=1992"}],"curies":[{"name":"wp","href":"https:\/\/api.w.org\/{rel}","templated":true}]}}