{"id":1964,"date":"2026-03-02T10:38:49","date_gmt":"2026-03-02T02:38:49","guid":{"rendered":"https:\/\/jtlcnc.com\/?post_type=product&#038;p=1964"},"modified":"2026-03-02T10:38:50","modified_gmt":"2026-03-02T02:38:50","slug":"granite-parallels","status":"publish","type":"product","link":"https:\/\/jtlcnc.com\/es\/producto\/granite-parallels\/","title":{"rendered":"PARALELOS DE GRANITO"},"content":{"rendered":"<table>\n<tbody>\n<tr>\n<td colspan=\"2\" width=\"411\"><strong><b>Atributos clave<\/b><\/strong><\/td>\n<td width=\"211\">&nbsp;<\/td>\n<td width=\"251\">&nbsp;<\/td>\n<\/tr>\n<tr>\n<td><strong><b>precisi\u00f3n<\/b><\/strong><\/td>\n<td><strong><b>\u00a0Grado 0, Grado 00, Grado 000<\/b><\/strong><\/td>\n<td><strong><b>lugar de origen<\/b><\/strong><\/td>\n<td><strong><b>Shandong, China<\/b><\/strong><\/td>\n<\/tr>\n<tr>\n<td><strong><b>marca<\/b><\/strong><\/td>\n<td><strong><b>jintelai<\/b><\/strong><\/td>\n<td><strong><b>n\u00famero de modelo<\/b><\/strong><\/td>\n<td><strong><b>\u00a0Personalizado<\/b><\/strong><\/td>\n<\/tr>\n<tr>\n<td><strong><b>Nombre del producto<\/b><\/strong><\/td>\n<td><strong><b>Plataforma de granito de precisi\u00f3n<\/b><\/strong><\/td>\n<td><strong><b>garant\u00eda de materiales Granite<\/b><\/strong><\/td>\n<td><strong><b>1 a\u00f1o<\/b><\/strong><\/td>\n<\/tr>\n<tr>\n<td><strong><b>Funci\u00f3n<\/b><\/strong><\/td>\n<td width=\"265\"><strong><b>medici\u00f3n, inspecci\u00f3n, calibraci\u00f3n y control de calidad<\/b><\/strong><\/td>\n<td><strong><b>asistencia personalizada<\/b><\/strong><\/td>\n<td><strong><b>OEM, ODM<\/b><\/strong><\/td>\n<\/tr>\n<tr>\n<td><strong><b>material<\/b><\/strong><\/td>\n<td><strong><b>Granito en bruto<\/b><\/strong><\/td>\n<td><strong><b>Caracter\u00edsticas<\/b><\/strong><\/td>\n<td><strong><b>Gran dureza, resistencia al desgaste<\/b><\/strong><\/td>\n<\/tr>\n<tr>\n<td><strong><b>Nombre del producto<\/b><\/strong><\/td>\n<td><strong><b>Plataforma de granito de precisi\u00f3n<\/b><\/strong><\/td>\n<td><strong><b>Paquete<\/b><\/strong><\/td>\n<td><strong><b>Caja de madera<\/b><\/strong><\/td>\n<\/tr>\n<tr>\n<td><strong><b>MOQ<\/b><\/strong><\/td>\n<td><strong><b>1 unidad<\/b><\/strong><\/td>\n<td><strong><b>Talla<\/b><\/strong><\/td>\n<td><strong><b>\u00a0Personalizado<\/b><\/strong><\/td>\n<\/tr>\n<tr>\n<td><strong><b>Aplicaci\u00f3n<\/b><\/strong><\/td>\n<td><strong><b>Autom\u00e1tica industrial<\/b><\/strong><\/td>\n<td><strong><b>Env\u00edo<\/b><\/strong><\/td>\n<td><strong><b>Mar<\/b><\/strong><\/td>\n<\/tr>\n<tr>\n<td><strong><b>Puntos clave de venta<\/b><\/strong><\/td>\n<td colspan=\"3\"><strong><b>Bajo coste de mantenimiento<\/b><\/strong><\/td>\n<\/tr>\n<\/tbody>\n<\/table>\n<p>&nbsp;<\/p>\n<p>&nbsp;<\/p>\n<p>&nbsp;<\/p>\n<p><strong><b>COMPARACI\u00d3N DE MATERIALES DE GRANITO<\/b><\/strong><\/p>\n<table>\n<tbody>\n<tr>\n<td width=\"148\"><strong><b>contenido<\/b><\/strong><\/td>\n<td width=\"166\"><strong><b>Jinan Negro<\/b><\/strong><\/td>\n<td><strong><b>Negro indio<\/b><\/strong><\/td>\n<td width=\"274\"><strong><b>S\u00e9samo negro 654<\/b><\/strong><\/td>\n<\/tr>\n<tr>\n<td width=\"148\"><strong><b>Peso espec\u00edfico<\/b><\/strong><\/td>\n<td width=\"166\"><strong><b>3100-3300kg\/m3<\/b><\/strong><\/td>\n<td><strong><b>3200-3300kg\/m3<\/b><\/strong><\/td>\n<td width=\"274\"><strong><b>2900-3000 kg\/m3<\/b><\/strong><\/td>\n<\/tr>\n<tr>\n<td width=\"148\"><strong><b>M\u00f3dulo el\u00e1stico<\/b><\/strong><\/td>\n<td width=\"166\"><strong><b>1,27\u00d7105 N\/mm2<\/b><\/strong><\/td>\n<td><strong><b>1,29\u00d7105 N\/mm2<\/b><\/strong><\/td>\n<td width=\"274\"><strong><b>1,27\u00d7105 N\/mm2<\/b><\/strong><\/td>\n<\/tr>\n<tr>\n<td width=\"148\"><strong><b>Coeficiente de dilataci\u00f3n lineal<\/b><\/strong><\/td>\n<td width=\"166\"><strong><b>4.61\u00d710 -6\/\u2103<\/b><\/strong><\/td>\n<td><strong><b>4.61\u00d710 -6\/\u2103<\/b><\/strong><\/td>\n<td width=\"274\"><strong><b>4.61\u00d710 -6\/C<\/b><\/strong><\/td>\n<\/tr>\n<tr>\n<td width=\"148\"><strong><b>Coeficiente de dilataci\u00f3n t\u00e9rmica<\/b><\/strong><\/td>\n<td width=\"166\"><strong><b>0,18%\/C<\/b><\/strong><\/td>\n<td><strong><b>0,18%\/\u00b0C<\/b><\/strong><\/td>\n<td width=\"274\"><strong><b>0,2%\/C<\/b><\/strong><\/td>\n<\/tr>\n<tr>\n<td width=\"148\"><strong><b>Absorci\u00f3n de agua<\/b><\/strong><\/td>\n<td width=\"166\"><strong><b>&lt;0,013%<\/b><\/strong><\/td>\n<td><strong><b>&lt;0,011%<\/b><\/strong><\/td>\n<td width=\"274\"><strong><b>&lt;0,013%<\/b><\/strong><\/td>\n<\/tr>\n<tr>\n<td width=\"148\"><strong><b>Dureza Rockwell<\/b><\/strong><\/td>\n<td width=\"166\"><strong><b>&gt;70.9<\/b><\/strong><\/td>\n<td><strong><b>&gt;70.9<\/b><\/strong><\/td>\n<td width=\"274\"><strong><b>&gt;70.9<\/b><\/strong><\/td>\n<\/tr>\n<tr>\n<td width=\"148\"><strong><b>Radiaci\u00f3n equivalente<\/b><\/strong><\/td>\n<td width=\"166\"><strong><b>0,38uSv\/h<\/b><\/strong><\/td>\n<td><strong><b>0,35uSv\/h<\/b><\/strong><\/td>\n<td width=\"274\"><strong><b>0,38uSv\/h<\/b><\/strong><\/td>\n<\/tr>\n<tr>\n<td width=\"148\"><strong><b>Resistencia a la compresi\u00f3n en seco<\/b><\/strong><\/td>\n<td width=\"166\"><strong><b>220,1 MPa<\/b><\/strong><\/td>\n<td><strong><b>221,1 MPa<\/b><\/strong><\/td>\n<td width=\"274\"><strong><b>218,3MPa<\/b><\/strong><\/td>\n<\/tr>\n<tr>\n<td width=\"148\"><strong><b>Apariencia<\/b><\/strong><\/td>\n<td width=\"166\"><strong><b>Motas blancas distribuidas uniformemente, como copos de nieve (que parecen transl\u00facidos), con un aspecto limpio y brillante tras el mantenimiento.<\/b><\/strong><\/td>\n<td><strong><b>Motas blancas distribuidas uniformemente como copos de nieve, con un material de base negro y brillante. Tras el mantenimiento, el aspecto es<\/b><\/strong><strong><b><br \/>\n<\/b><\/strong><strong><b>limpio y brillante.<\/b><\/strong><\/td>\n<td width=\"274\"><strong><b>Hay picos blancos distribuidos uniformemente (no transparentes), m\u00e1s grandes en patr\u00f3n en comparaci\u00f3n con Jinan Negro.Despu\u00e9s del mantenimiento, el<\/b><\/strong><strong><b><br \/>\n<\/b><\/strong><strong><b>es limpio pero menos brillante que el JinanBlack.<\/b><\/strong><\/td>\n<\/tr>\n<\/tbody>\n<\/table>\n<p>Plataforma de instrumentos de precisi\u00f3n de granito, fabricada con material de piedra \u201cJinan Blue\u201d de alta calidad mediante procesamiento mec\u00e1nico y rectificado manual. Alta, sin deformaci\u00f3n, buena estabilidad, larga vida \u00fatil, adecuada para trabajos de medici\u00f3n en f\u00e1bricas mec\u00e1nicas y laboratorios.<\/p>\n<p>La composici\u00f3n mineral principal del granito \u201cJinan Blue\u201d es hornenda, plagioclasa, biotita y una peque\u00f1a cantidad de magnetita, con un color negro, una estructura precisa y, tras miles de millones de a\u00f1os de envejecimiento, uniforme, buena estabilidad, alta resistencia y gran dureza, que puede mantener una gran precisi\u00f3n bajo cargas pesadas.<\/p>\n<p>Ventajas:<\/p>\n<ol>\n<li>Alta precisi\u00f3n, buena estabilidad y no se deforma f\u00e1cilmente, lo que puede garantizar la precisi\u00f3n de la medici\u00f3n a temperatura ambiente.<\/li>\n<li>No se oxida, es resistente a \u00e1cidos y \u00e1lcalis y no requiere mantenimiento especial.<\/li>\n<li>resistencia al desgaste y larga vida \u00fatil.<\/li>\n<li>Los ara\u00f1azos y golpes en la superficie de trabajo no afectan a la precisi\u00f3n de la medici\u00f3n.<\/li>\n<li>No hay problemas de magnetizaci\u00f3n.<\/li>\n<\/ol>\n<p>. Puede deslizarse suavemente sin ninguna sensaci\u00f3n de arrastre durante la medici\u00f3n.<\/p>\n<p>La precisi\u00f3n de la placa plana de granito est\u00e1 referenciada a varias normas nacionales avanzadas, y la tolerancia de planitud se basa: Norma JB\/T7975-1999: grado 000 = 1 \u00d7 (1 d\/1000) um;grado 00 = 2 \u00d7 (1 d\/1000) um; grado 0 = 4 \u00d7 (1 d\/1000); grado 1 = 8 \u00d7 (1 d\/1000) um (d es la diagonal en mm) (la temperatura de medici\u00f3n suele ser de 20 \u00b1 \u2103).<\/p>\n<p>&nbsp;<\/p>\n<p>\u5927\u7406\u77f3\u5e73\u677f\u89c4\u683c\u3001\u91cd\u91cf\u53ca\u7cbe\u5ea6<\/p>\n<table>\n<tbody>\n<tr>\n<td>\u89c4\u683c \u957f\u00d7\u5bbd\u00d7\u539a<\/td>\n<td>\u91cd\u91cfkg<\/td>\n<td>000\u7ea7\u7cbe\u5ea6 \u03bcm<\/td>\n<td>00\u7ea7\u7cbe\u5ea6 \u03bcm<\/td>\n<td>0\u7ea7\u7cbe\u5ea6 \u03bcm<\/td>\n<td>1\u7ea7\u7cbe\u5ea6 \u03bcm<\/td>\n<\/tr>\n<tr>\n<td>300\u00d7300\u00d750<\/td>\n<td>19<\/td>\n<td>1.5<\/td>\n<td>3<\/td>\n<td>6<\/td>\n<td>12<\/td>\n<\/tr>\n<tr>\n<td>400\u00d7300\u00d770<\/td>\n<td>25<\/td>\n<td>1.5<\/td>\n<td>3<\/td>\n<td>6<\/td>\n<td>12<\/td>\n<\/tr>\n<tr>\n<td>400\u00d7400\u00d770<\/td>\n<td>48<\/td>\n<td>2<\/td>\n<td>3.5<\/td>\n<td>6.5<\/td>\n<td>13<\/td>\n<\/tr>\n<tr>\n<td>630\u00d7400\u00d7100<\/td>\n<td>76<\/td>\n<td>2<\/td>\n<td>3.5<\/td>\n<td>7<\/td>\n<td>14<\/td>\n<\/tr>\n<tr>\n<td>630\u00d7630\u00d7100<\/td>\n<td>155<\/td>\n<td>2<\/td>\n<td>4<\/td>\n<td>8<\/td>\n<td>16<\/td>\n<\/tr>\n<tr>\n<td>800\u00d7600\u00d7100<\/td>\n<td>156<\/td>\n<td>2<\/td>\n<td>4<\/td>\n<td>8<\/td>\n<td>16<\/td>\n<\/tr>\n<tr>\n<td>1000\u00d7630\u00d7130<\/td>\n<td>284<\/td>\n<td>2.5<\/td>\n<td>4.5<\/td>\n<td>9<\/td>\n<td>18<\/td>\n<\/tr>\n<tr>\n<td>1000\u00d7750\u00d7150<\/td>\n<td>338<\/td>\n<td>2.5<\/td>\n<td>5<\/td>\n<td>9<\/td>\n<td>18<\/td>\n<\/tr>\n<tr>\n<td>1000\u00d71000\u00d7150<\/td>\n<td>450<\/td>\n<td>2.5<\/td>\n<td>5<\/td>\n<td>10<\/td>\n<td>20<\/td>\n<\/tr>\n<tr>\n<td>1600\u00d7100\u00d70200<\/td>\n<td>963<\/td>\n<td>3<\/td>\n<td>6<\/td>\n<td>12<\/td>\n<td>24<\/td>\n<\/tr>\n<tr>\n<td>2000\u00d71000\u00d7200<\/td>\n<td>1200<\/td>\n<td>3.5<\/td>\n<td>6.5<\/td>\n<td>13<\/td>\n<td>26<\/td>\n<\/tr>\n<tr>\n<td>1600\u00d71600\u00d7300<\/td>\n<td>2312<\/td>\n<td>3.5<\/td>\n<td>6.5<\/td>\n<td>13<\/td>\n<td>26<\/td>\n<\/tr>\n<tr>\n<td>2000\u00d71600\u00d7300<\/td>\n<td>2890<\/td>\n<td>3.5<\/td>\n<td>7<\/td>\n<td>14<\/td>\n<td>28<\/td>\n<\/tr>\n<tr>\n<td>2500\u00d71600\u00d7300<\/td>\n<td>3612<\/td>\n<td>4<\/td>\n<td>8<\/td>\n<td>16<\/td>\n<td>32<\/td>\n<\/tr>\n<tr>\n<td>3000\u00d72000\u00d7500<\/td>\n<td>9030<\/td>\n<td>4.5<\/td>\n<td>9<\/td>\n<td>18<\/td>\n<td>36<\/td>\n<\/tr>\n<tr>\n<td>4000\u00d72000\u00d7500<\/td>\n<td>12040<\/td>\n<td>5.5<\/td>\n<td>11<\/td>\n<td>22<\/td>\n<td>44<\/td>\n<\/tr>\n<tr>\n<td>6000\u00d72000\u00d7700<\/td>\n<td>25284<\/td>\n<td>7.5<\/td>\n<td>15<\/td>\n<td>30<\/td>\n<td>60<\/td>\n<\/tr>\n<\/tbody>\n<\/table>","protected":false},"excerpt":{"rendered":"<p>Key attributes &nbsp; &nbsp; accuracy \u00a0Grade 0, Grade 00, Grade 000 place of origin Shandong, China brand name jintelai model number \u00a0Customized Product name Precision granite platform material Granite warranty 1 years Function measuring,inspection, calibration, and quality control customized support OEM, ODM material Raw Granite Features High hardness, wear resistance Product name Precision granite platform&#8230;<\/p>","protected":false},"featured_media":1279,"template":"","meta":{"_seopress_robots_primary_cat":"","_seopress_titles_title":"","_seopress_titles_desc":"","_seopress_robots_index":"","_kad_blocks_custom_css":"","_kad_blocks_head_custom_js":"","_kad_blocks_body_custom_js":"","_kad_blocks_footer_custom_js":"","_kadence_starter_templates_imported_post":false,"_kad_post_transparent":"default","_kad_post_title":"","_kad_post_layout":"default","_kad_post_sidebar_id":"","_kad_post_content_style":"default","_kad_post_vertical_padding":"default","_kad_post_feature":"","_kad_post_feature_position":"","_kad_post_header":false,"_kad_post_footer":false,"_kad_post_classname":""},"product_brand":[],"product_cat":[40],"product_tag":[],"class_list":{"0":"post-1964","1":"product","2":"type-product","3":"status-publish","4":"has-post-thumbnail","6":"product_cat-tool","8":"first","9":"instock","10":"shipping-taxable","11":"product-type-simple","12":"entry","13":"content-bg","14":"loop-entry"},"taxonomy_info":{"product_cat":[{"value":40,"label":"Granite precision measuring tool"}]},"featured_image_src_large":["https:\/\/jtlcnc.com\/wp-content\/uploads\/2026\/01\/\u5e73\u884c\u89c41.jpg",400,300,false],"author_info":[],"comment_info":"","_links":{"self":[{"href":"https:\/\/jtlcnc.com\/es\/wp-json\/wp\/v2\/product\/1964","targetHints":{"allow":["GET"]}}],"collection":[{"href":"https:\/\/jtlcnc.com\/es\/wp-json\/wp\/v2\/product"}],"about":[{"href":"https:\/\/jtlcnc.com\/es\/wp-json\/wp\/v2\/types\/product"}],"wp:featuredmedia":[{"embeddable":true,"href":"https:\/\/jtlcnc.com\/es\/wp-json\/wp\/v2\/media\/1279"}],"wp:attachment":[{"href":"https:\/\/jtlcnc.com\/es\/wp-json\/wp\/v2\/media?parent=1964"}],"wp:term":[{"taxonomy":"product_brand","embeddable":true,"href":"https:\/\/jtlcnc.com\/es\/wp-json\/wp\/v2\/product_brand?post=1964"},{"taxonomy":"product_cat","embeddable":true,"href":"https:\/\/jtlcnc.com\/es\/wp-json\/wp\/v2\/product_cat?post=1964"},{"taxonomy":"product_tag","embeddable":true,"href":"https:\/\/jtlcnc.com\/es\/wp-json\/wp\/v2\/product_tag?post=1964"}],"curies":[{"name":"wp","href":"https:\/\/api.w.org\/{rel}","templated":true}]}}