{"id":1857,"date":"2026-02-12T10:17:26","date_gmt":"2026-02-12T02:17:26","guid":{"rendered":"https:\/\/jtlcnc.com\/?post_type=product&#038;p=1857"},"modified":"2026-02-12T10:17:26","modified_gmt":"2026-02-12T02:17:26","slug":"high-precision-marble-mechanical-components-machine-bed-base-guide","status":"publish","type":"product","link":"https:\/\/jtlcnc.com\/es\/producto\/high-precision-marble-mechanical-components-machine-bed-base-guide\/","title":{"rendered":"Gu\u00eda del somier de la m\u00e1quina de componentes mec\u00e1nicos de m\u00e1rmol de alta precisi\u00f3n"},"content":{"rendered":"<p>Nuestra empresa puede procesar la base de granito, el p\u00f3rtico, la placa deslizante y otros accesorios para diversas taladradoras, fresadoras y m\u00e1quinas de grabado de PCB.<\/p>\n<p>Una amplia gama de productos de granito fabricados seg\u00fan los requisitos del cliente.<\/p>\n<p>Alta precisi\u00f3n, buena estabilidad, no es f\u00e1cil de deformar y puede garantizar la precisi\u00f3n de la medici\u00f3n a temperatura ambiente.<\/p>\n<p>No se oxida, resistente a \u00e1cidos y \u00e1lcalis, no requiere mantenimiento especial.<\/p>\n<p>Buena resistencia al desgaste y larga vida \u00fatil.<\/p>\n<p>Los ara\u00f1azos y abolladuras en la superficie de trabajo no afectan a la precisi\u00f3n de la medici\u00f3n.<\/p>\n<p>Sin problemas de magnetizaci\u00f3n.<\/p>\n<p>Puede deslizarse suavemente en medio de la medici\u00f3n, sin ninguna sensaci\u00f3n de estancamiento.<\/p>\n<p><img alt=\"\" fetchpriority=\"high\" decoding=\"async\" class=\"alignnone size-full wp-image-1670\" src=\"https:\/\/jtlcnc.com\/wp-content\/uploads\/2026\/01\/\u82b1\u5c97\u5ca9\u6784\u4ef6-20.jpg\" width=\"1078\" height=\"1123\" srcset=\"https:\/\/jtlcnc.com\/wp-content\/uploads\/2026\/01\/\u82b1\u5c97\u5ca9\u6784\u4ef6-20.jpg 1078w, https:\/\/jtlcnc.com\/wp-content\/uploads\/2026\/01\/\u82b1\u5c97\u5ca9\u6784\u4ef6-20-288x300.jpg 288w, https:\/\/jtlcnc.com\/wp-content\/uploads\/2026\/01\/\u82b1\u5c97\u5ca9\u6784\u4ef6-20-983x1024.jpg 983w, https:\/\/jtlcnc.com\/wp-content\/uploads\/2026\/01\/\u82b1\u5c97\u5ca9\u6784\u4ef6-20-768x800.jpg 768w, https:\/\/jtlcnc.com\/wp-content\/uploads\/2026\/01\/\u82b1\u5c97\u5ca9\u6784\u4ef6-20-12x12.jpg 12w, https:\/\/jtlcnc.com\/wp-content\/uploads\/2026\/01\/\u82b1\u5c97\u5ca9\u6784\u4ef6-20-800x833.jpg 800w\" sizes=\"(max-width: 1078px) 100vw, 1078px\" \/><\/p>","protected":false},"excerpt":{"rendered":"<p>Our company can process granite base, gantry, sliding plate and other accessories for various PCB drills, milling machines and engraving machines. A wide range of granite products manufactured to customers requirements. High precision, good stability, not easy to deform, and can ensure measurement accuracy at room temperature. No rust, acid and alkali resistant, no special&#8230;<\/p>","protected":false},"featured_media":1610,"template":"","meta":{"_seopress_robots_primary_cat":"","_seopress_titles_title":"","_seopress_titles_desc":"","_seopress_robots_index":"","_kad_blocks_custom_css":"","_kad_blocks_head_custom_js":"","_kad_blocks_body_custom_js":"","_kad_blocks_footer_custom_js":"","_kadence_starter_templates_imported_post":false,"_kad_post_transparent":"default","_kad_post_title":"","_kad_post_layout":"default","_kad_post_sidebar_id":"","_kad_post_content_style":"default","_kad_post_vertical_padding":"default","_kad_post_feature":"","_kad_post_feature_position":"","_kad_post_header":false,"_kad_post_footer":false,"_kad_post_classname":""},"product_brand":[],"product_cat":[45],"product_tag":[],"class_list":{"0":"post-1857","1":"product","2":"type-product","3":"status-publish","4":"has-post-thumbnail","6":"product_cat-base","8":"first","9":"instock","10":"shipping-taxable","11":"product-type-simple","12":"entry","13":"content-bg","14":"loop-entry"},"taxonomy_info":{"product_cat":[{"value":45,"label":"Granite equipment base"}]},"featured_image_src_large":["https:\/\/jtlcnc.com\/wp-content\/uploads\/2026\/01\/\u5fae\u4fe1\u56fe\u7247_20260108100952_20_25.jpg",519,516,false],"author_info":[],"comment_info":"","_links":{"self":[{"href":"https:\/\/jtlcnc.com\/es\/wp-json\/wp\/v2\/product\/1857","targetHints":{"allow":["GET"]}}],"collection":[{"href":"https:\/\/jtlcnc.com\/es\/wp-json\/wp\/v2\/product"}],"about":[{"href":"https:\/\/jtlcnc.com\/es\/wp-json\/wp\/v2\/types\/product"}],"wp:featuredmedia":[{"embeddable":true,"href":"https:\/\/jtlcnc.com\/es\/wp-json\/wp\/v2\/media\/1610"}],"wp:attachment":[{"href":"https:\/\/jtlcnc.com\/es\/wp-json\/wp\/v2\/media?parent=1857"}],"wp:term":[{"taxonomy":"product_brand","embeddable":true,"href":"https:\/\/jtlcnc.com\/es\/wp-json\/wp\/v2\/product_brand?post=1857"},{"taxonomy":"product_cat","embeddable":true,"href":"https:\/\/jtlcnc.com\/es\/wp-json\/wp\/v2\/product_cat?post=1857"},{"taxonomy":"product_tag","embeddable":true,"href":"https:\/\/jtlcnc.com\/es\/wp-json\/wp\/v2\/product_tag?post=1857"}],"curies":[{"name":"wp","href":"https:\/\/api.w.org\/{rel}","templated":true}]}}