{"id":1839,"date":"2026-02-11T10:42:36","date_gmt":"2026-02-11T02:42:36","guid":{"rendered":"https:\/\/jtlcnc.com\/?post_type=product&#038;p=1839"},"modified":"2026-02-11T10:42:36","modified_gmt":"2026-02-11T02:42:36","slug":"marble-height-gauge-measuring-seat","status":"publish","type":"product","link":"https:\/\/jtlcnc.com\/es\/producto\/marble-height-gauge-measuring-seat\/","title":{"rendered":"Asiento con medidor de altura de m\u00e1rmol"},"content":{"rendered":"<p><img alt=\"\" fetchpriority=\"high\" decoding=\"async\" class=\"alignnone size-full wp-image-1843\" src=\"https:\/\/jtlcnc.com\/wp-content\/uploads\/2026\/02\/\u6d4b\u91cf\u5ea7.jpg\" width=\"850\" height=\"566\" srcset=\"https:\/\/jtlcnc.com\/wp-content\/uploads\/2026\/02\/\u6d4b\u91cf\u5ea7.jpg 850w, https:\/\/jtlcnc.com\/wp-content\/uploads\/2026\/02\/\u6d4b\u91cf\u5ea7-300x200.jpg 300w, https:\/\/jtlcnc.com\/wp-content\/uploads\/2026\/02\/\u6d4b\u91cf\u5ea7-768x511.jpg 768w, https:\/\/jtlcnc.com\/wp-content\/uploads\/2026\/02\/\u6d4b\u91cf\u5ea7-18x12.jpg 18w, https:\/\/jtlcnc.com\/wp-content\/uploads\/2026\/02\/\u6d4b\u91cf\u5ea7-800x533.jpg 800w\" sizes=\"(max-width: 850px) 100vw, 850px\" \/><\/p>","protected":false},"excerpt":{"rendered":"<p>Para aspectos de medici\u00f3n de alta precisi\u00f3n<br \/>\nMaterial: Piedra verde natural de Jinan de alta calidad<br \/>\nCaracter\u00edsticas: Alta precisi\u00f3n, resistente al desgaste, a la corrosi\u00f3n y no se oxida<br \/>\nDescripci\u00f3n: Los clientes lo utilizan con un contador de mil\u00e9simas y un contador de porcentajes<br \/>\nIntroducci\u00f3n de la base: La etapa de comparaci\u00f3n de la marca Jiqing utiliza un material estrictamente gran\u00edtico \u2018Natural Jinan Greenstone\u2019 para fabricar una herramienta de medici\u00f3n de referencia precisa. Es ideal para la inspecci\u00f3n de instrumentos, herramientas de precisi\u00f3n y componentes mec\u00e1nicos. Especialmente la platina de comparaci\u00f3n, que ha envejecido de forma natural durante cientos de millones de a\u00f1os, tiene una forma muy estable y no necesita preocuparse por la deformaci\u00f3n debida a las diferencias normales de temperatura. Dado que es un material no met\u00e1lico, no tiene reacci\u00f3n magn\u00e9tica y no deformaci\u00f3n pl\u00e1stica, y tiene las ventajas de ser resistente al \u00e1cido y \u00e1lcali, no magnetizado, no, y tiene buena resistencia al desgaste.<br \/>\nIntroducci\u00f3n de accesorios: La barra est\u00e1 hecha de acero de alta calidad 45 barra cromada como materia prima, y el mandril hecho de molde de aleaci\u00f3n de aluminio.<\/p>\n<table>\n<tbody>\n<tr>\n<td>\u89c4\u683c \uff08mm\uff09<\/p>\n<p>Dimensi\u00f3n<\/td>\n<td>\u7acb\u67f1\u5c3a\u5bf8\uff08mm\uff09<\/p>\n<p>Tama\u00f1o de la columna<\/td>\n<td>\u6d4b\u91cf\u5ea7\u5de5\u4f5c\u9762\u7684\u5e73\u9762\u5ea6\uff08 \u03bcm\uff09<\/p>\n<p>planitud de la superficie de trabajo de la base<\/td>\n<td>\u6d4b\u91cf\u9ad8\u5ea6\uff08mm\uff09<\/p>\n<p>rango de medida<\/td>\n<\/tr>\n<tr>\n<td>150\u00d7100\u00d740<\/td>\n<td>150x\u03a630<\/td>\n<td>2<\/td>\n<td>0~100<\/td>\n<\/tr>\n<tr>\n<td>200\u00d7150\u00d750<\/td>\n<td>300x\u03a630<\/td>\n<td>2<\/td>\n<td>0~250<\/td>\n<\/tr>\n<tr>\n<td>300\u00d7200\u00d750<\/td>\n<td>300x\u03a630<\/td>\n<td>2<\/td>\n<td>0~250<\/td>\n<\/tr>\n<tr>\n<td colspan=\"4\">\u914d\u5408\u5757\u89c4\u7528\u767e\u5206\u8868\u3001\u5343\u5206\u8868\u3001\u7535\u5b50\u6d4b\u5934\u5bf9\u96f6\u4ef6\u6216\u6210\u54c1\u8fdb\u884c\u76f8\u5bf9\u6d4b\u91cf\u4e4b\u5c3a\u5bf8\u68c0\u6d4b\u3002<\/td>\n<\/tr>\n<\/tbody>\n<\/table>","protected":false},"featured_media":1843,"template":"","meta":{"_seopress_robots_primary_cat":"","_seopress_titles_title":"","_seopress_titles_desc":"","_seopress_robots_index":"","_kad_blocks_custom_css":"","_kad_blocks_head_custom_js":"","_kad_blocks_body_custom_js":"","_kad_blocks_footer_custom_js":"","_kadence_starter_templates_imported_post":false,"_kad_post_transparent":"default","_kad_post_title":"","_kad_post_layout":"default","_kad_post_sidebar_id":"","_kad_post_content_style":"default","_kad_post_vertical_padding":"default","_kad_post_feature":"","_kad_post_feature_position":"","_kad_post_header":false,"_kad_post_footer":false,"_kad_post_classname":""},"product_brand":[],"product_cat":[41],"product_tag":[],"class_list":{"0":"post-1839","1":"product","2":"type-product","3":"status-publish","4":"has-post-thumbnail","6":"product_cat-comparison","8":"first","9":"instock","10":"shipping-taxable","11":"product-type-simple","12":"entry","13":"content-bg","14":"loop-entry"},"taxonomy_info":{"product_cat":[{"value":41,"label":"Granite comparison platform"}]},"featured_image_src_large":["https:\/\/jtlcnc.com\/wp-content\/uploads\/2026\/02\/\u6d4b\u91cf\u5ea7.jpg",850,566,false],"author_info":[],"comment_info":"","_links":{"self":[{"href":"https:\/\/jtlcnc.com\/es\/wp-json\/wp\/v2\/product\/1839","targetHints":{"allow":["GET"]}}],"collection":[{"href":"https:\/\/jtlcnc.com\/es\/wp-json\/wp\/v2\/product"}],"about":[{"href":"https:\/\/jtlcnc.com\/es\/wp-json\/wp\/v2\/types\/product"}],"wp:featuredmedia":[{"embeddable":true,"href":"https:\/\/jtlcnc.com\/es\/wp-json\/wp\/v2\/media\/1843"}],"wp:attachment":[{"href":"https:\/\/jtlcnc.com\/es\/wp-json\/wp\/v2\/media?parent=1839"}],"wp:term":[{"taxonomy":"product_brand","embeddable":true,"href":"https:\/\/jtlcnc.com\/es\/wp-json\/wp\/v2\/product_brand?post=1839"},{"taxonomy":"product_cat","embeddable":true,"href":"https:\/\/jtlcnc.com\/es\/wp-json\/wp\/v2\/product_cat?post=1839"},{"taxonomy":"product_tag","embeddable":true,"href":"https:\/\/jtlcnc.com\/es\/wp-json\/wp\/v2\/product_tag?post=1839"}],"curies":[{"name":"wp","href":"https:\/\/api.w.org\/{rel}","templated":true}]}}