{"id":1810,"date":"2026-02-09T11:22:33","date_gmt":"2026-02-09T03:22:33","guid":{"rendered":"https:\/\/jtlcnc.com\/?post_type=product&#038;p=1810"},"modified":"2026-02-09T11:22:33","modified_gmt":"2026-02-09T03:22:33","slug":"marble-platform-guide-base","status":"publish","type":"product","link":"https:\/\/jtlcnc.com\/es\/producto\/marble-platform-guide-base\/","title":{"rendered":"Base gu\u00eda de plataforma de m\u00e1rmol"},"content":{"rendered":"<p>Requisitos de instalaci\u00f3n para gu\u00edas lineales en plataformas de m\u00e1rmol<\/p>\n<p>En el proceso de producci\u00f3n industrial, las plataformas de m\u00e1rmol son un tipo de superficie de referencia de medici\u00f3n de alta precisi\u00f3n, y sus caracter\u00edsticas f\u00edsicas \u00fanicas les confieren ventajas significativas en el campo de la medici\u00f3n de precisi\u00f3n.<\/p>\n<p>En algunas industrias, es necesario instalar gu\u00edas de m\u00e1rmol, principalmente dividido en dos categor\u00edas: una es perforar agujeros en la plataforma de m\u00e1rmol e instalar gu\u00edas para probar la rectitud y planitud de los productos. La segunda categor\u00eda es a las gu\u00edas en los componentes de m\u00e1rmol no est\u00e1ndar para lograr el prop\u00f3sito de dise\u00f1o de componentes. Entonces, \u00bfcu\u00e1les son las precauciones cuando instalan gu\u00edas?<\/p>\n<p>Precauciones para la instalaci\u00f3n de gu\u00edas<\/p>\n<p>1 Mantenga limpia y ordenada la plataforma de m\u00e1rmol (la zona donde est\u00e1 instalada la gu\u00eda). Para limpiarla, vierta alcohol en un pa\u00f1o sin polvo y limpie la superficie plana. Despu\u00e9s de limpiar con el pa\u00f1o, utilice una mano seca y limpia para arrastrarlo ligeramente por la superficie de la plataforma. Si hay una sensaci\u00f3n de obstrucci\u00f3n, es necesario raspar con un; si es suave y sin obstrucciones, entonces el primer paso se ha completado.<\/p>\n<ol start=\"2\">\n<li>Saque la gu\u00eda (utilice guantes de goma para evitar que la gu\u00eda se oxide, utilice un pa\u00f1o sin polvo con alcohol para limpiar la superficie de instalaci\u00f3n de la gu\u00eda y elimine el aceite de la gu\u00eda. Despu\u00e9s de la limpieza, coloque la gu\u00eda en el \u00e1rea de instalaci\u00f3n de la plataforma de m\u00e1rmol alinear las posiciones de los agujeros.<\/li>\n<li>Alinee las posiciones de los orificios de la gu\u00eda y los orificios de instalaci\u00f3n de la canica, coloque el nivel de la canica junto a la gu\u00eda (la distancia debe ser cercana, no lejana) y h\u00e1galo aproximadamente paralelo a la gu\u00eda. Si la canica tiene una superficie de referencia para la instalaci\u00f3n, se puede omitir el nivel de la canica y utilizar la superficie de referencia de la propia canica o componente para ajustar la gu\u00eda.<\/li>\n<li>Fije la posici\u00f3n del primer orificio de la gu\u00eda, dejando espacio para el ajuste hacia arriba, hacia abajo, hacia la izquierda y hacia la derecha. un indicador de palanca de dial magn\u00e9tico (no se recomienda utilizar otros tipos de indicadores) en el bloque de deslizamiento de la gu\u00eda y, a continuaci\u00f3n, ajuste el nivel de m\u00e1rmol para garantizar la instalaci\u00f3n de la gu\u00eda (si tiene alguna duda, consulte a nuestro personal profesional).<\/li>\n<li>Endereza la gu\u00eda.<\/li>\n<\/ol>\n<p>Debe tenerse en cuenta que en este estado, no hay problema en utilizar esta gu\u00eda para medir la rectitud relativa de la pieza de trabajo, pero no es precisa para medir el plano de la pieza de trabajo en la direcci\u00f3n arriba-abajo. Esto se debe a que hay un error en la ondulaci\u00f3n en forma de Y de la propia gu\u00eda, y el paralelismo de marcha despu\u00e9s debe confirmarse con el fabricante de la gu\u00eda. Si la gu\u00eda se selecciona como una gu\u00eda importada de ultraprecisi\u00f3n, su paralelismo de marcha es suficientemente peque\u00f1o, y este m\u00e9todo tambi\u00e9n se puede utilizar para medir la planitud de la pieza de trabajo.<\/p>","protected":false},"excerpt":{"rendered":"<p><img alt=\"\" fetchpriority=\"high\" decoding=\"async\" class=\"alignnone size-full wp-image-1801\" src=\"https:\/\/jtlcnc.com\/wp-content\/uploads\/2026\/02\/\u5fae\u4fe1\u56fe\u7247_20260209100058_2_11.jpg\" width=\"592\" height=\"824\" srcset=\"https:\/\/jtlcnc.com\/wp-content\/uploads\/2026\/02\/\u5fae\u4fe1\u56fe\u7247_20260209100058_2_11.jpg 592w, https:\/\/jtlcnc.com\/wp-content\/uploads\/2026\/02\/\u5fae\u4fe1\u56fe\u7247_20260209100058_2_11-216x300.jpg 216w, https:\/\/jtlcnc.com\/wp-content\/uploads\/2026\/02\/\u5fae\u4fe1\u56fe\u7247_20260209100058_2_11-9x12.jpg 9w\" sizes=\"(max-width: 592px) 100vw, 592px\" \/><\/p>","protected":false},"featured_media":1609,"template":"","meta":{"_seopress_robots_primary_cat":"","_seopress_titles_title":"","_seopress_titles_desc":"","_seopress_robots_index":"","_kad_blocks_custom_css":"","_kad_blocks_head_custom_js":"","_kad_blocks_body_custom_js":"","_kad_blocks_footer_custom_js":"","_kadence_starter_templates_imported_post":false,"_kad_post_transparent":"default","_kad_post_title":"","_kad_post_layout":"default","_kad_post_sidebar_id":"","_kad_post_content_style":"default","_kad_post_vertical_padding":"default","_kad_post_feature":"","_kad_post_feature_position":"","_kad_post_header":false,"_kad_post_footer":false,"_kad_post_classname":""},"product_brand":[],"product_cat":[39],"product_tag":[],"class_list":{"0":"post-1810","1":"product","2":"type-product","3":"status-publish","4":"has-post-thumbnail","6":"product_cat-components","8":"first","9":"instock","10":"shipping-taxable","11":"product-type-simple","12":"entry","13":"content-bg","14":"loop-entry"},"taxonomy_info":{"product_cat":[{"value":39,"label":"Granite mechanical components"}]},"featured_image_src_large":["https:\/\/jtlcnc.com\/wp-content\/uploads\/2026\/01\/\u5fae\u4fe1\u56fe\u7247_20260108100951_19_25.jpg",520,521,false],"author_info":[],"comment_info":"","_links":{"self":[{"href":"https:\/\/jtlcnc.com\/es\/wp-json\/wp\/v2\/product\/1810","targetHints":{"allow":["GET"]}}],"collection":[{"href":"https:\/\/jtlcnc.com\/es\/wp-json\/wp\/v2\/product"}],"about":[{"href":"https:\/\/jtlcnc.com\/es\/wp-json\/wp\/v2\/types\/product"}],"wp:featuredmedia":[{"embeddable":true,"href":"https:\/\/jtlcnc.com\/es\/wp-json\/wp\/v2\/media\/1609"}],"wp:attachment":[{"href":"https:\/\/jtlcnc.com\/es\/wp-json\/wp\/v2\/media?parent=1810"}],"wp:term":[{"taxonomy":"product_brand","embeddable":true,"href":"https:\/\/jtlcnc.com\/es\/wp-json\/wp\/v2\/product_brand?post=1810"},{"taxonomy":"product_cat","embeddable":true,"href":"https:\/\/jtlcnc.com\/es\/wp-json\/wp\/v2\/product_cat?post=1810"},{"taxonomy":"product_tag","embeddable":true,"href":"https:\/\/jtlcnc.com\/es\/wp-json\/wp\/v2\/product_tag?post=1810"}],"curies":[{"name":"wp","href":"https:\/\/api.w.org\/{rel}","templated":true}]}}