{"id":1774,"date":"2026-02-05T10:41:25","date_gmt":"2026-02-05T02:41:25","guid":{"rendered":"https:\/\/jtlcnc.com\/?post_type=product&#038;p=1774"},"modified":"2026-02-05T10:41:25","modified_gmt":"2026-02-05T02:41:25","slug":"anti-vibration-granite-inspection-laboratory-working-table","status":"publish","type":"product","link":"https:\/\/jtlcnc.com\/es\/producto\/anti-vibration-granite-inspection-laboratory-working-table\/","title":{"rendered":"Mesa de trabajo antivibraciones para laboratorio de inspecci\u00f3n de granito"},"content":{"rendered":"<p>Plataforma de instrumentos de precisi\u00f3n de granito, fabricada con material de piedra \u201cJinan Blue\u201d de alta calidad mediante procesamiento mec\u00e1nico y rectificado manual. Alta, sin deformaci\u00f3n, buena estabilidad, larga vida \u00fatil, adecuada para trabajos de medici\u00f3n en f\u00e1bricas mec\u00e1nicas y laboratorios.<\/p>\n<p>La composici\u00f3n mineral principal del granito \u201cJinan Blue\u201d es hornenda, plagioclasa, biotita y una peque\u00f1a cantidad de magnetita, con un color negro, una estructura precisa y, tras miles de millones de a\u00f1os de envejecimiento, uniforme, buena estabilidad, alta resistencia y gran dureza, que puede mantener una gran precisi\u00f3n bajo cargas pesadas.<\/p>\n<p>Ventajas:<\/p>\n<ol>\n<li>Alta precisi\u00f3n, buena estabilidad y no se deforma f\u00e1cilmente, lo que puede garantizar la precisi\u00f3n de la medici\u00f3n a temperatura ambiente.<\/li>\n<li>No se oxida, es resistente a \u00e1cidos y \u00e1lcalis y no requiere mantenimiento especial.<\/li>\n<li>resistencia al desgaste y larga vida \u00fatil.<\/li>\n<li>Los ara\u00f1azos y golpes en la superficie de trabajo no afectan a la precisi\u00f3n de la medici\u00f3n.<\/li>\n<li>No hay problemas de magnetizaci\u00f3n.<\/li>\n<\/ol>\n<p>. Puede deslizarse suavemente sin ninguna sensaci\u00f3n de arrastre durante la medici\u00f3n.<\/p>\n<p>La precisi\u00f3n de la placa plana de granito est\u00e1 referenciada a varias normas nacionales avanzadas, y la tolerancia de planitud se basa: Norma JB\/T7975-1999: grado 000 = 1 \u00d7 (1 d\/1000) um;grado 00 = 2 \u00d7 (1 d\/1000) um; grado 0 = 4 \u00d7 (1 d\/1000); grado 1 = 8 \u00d7 (1 d\/1000) um (d es la diagonal en mm) (la temperatura de medici\u00f3n suele ser de 20 \u00b1 \u2103).<\/p>","protected":false},"excerpt":{"rendered":"<table>\n<tbody>\n<tr>\n<td colspan=\"2\" width=\"411\"><strong><b>Atributos clave<\/b><\/strong><\/td>\n<td width=\"211\">&nbsp;<\/td>\n<td width=\"251\">&nbsp;<\/td>\n<\/tr>\n<tr>\n<td><strong><b>precisi\u00f3n<\/b><\/strong><\/td>\n<td><strong><b>\u00a0Grado 0, Grado 00, Grado 000<\/b><\/strong><\/td>\n<td><strong><b>lugar de origen<\/b><\/strong><\/td>\n<td><strong><b>Shandong, China<\/b><\/strong><\/td>\n<\/tr>\n<tr>\n<td><strong><b>marca<\/b><\/strong><\/td>\n<td><strong><b>jintelai<\/b><\/strong><\/td>\n<td><strong><b>n\u00famero de modelo<\/b><\/strong><\/td>\n<td><strong><b>\u00a0Personalizado<\/b><\/strong><\/td>\n<\/tr>\n<tr>\n<td><strong><b>Nombre del producto<\/b><\/strong><\/td>\n<td><strong><b>Plataforma de granito de precisi\u00f3n<\/b><\/strong><\/td>\n<td><strong><b>garant\u00eda de materiales Granite<\/b><\/strong><\/td>\n<td><strong><b>1 a\u00f1o<\/b><\/strong><\/td>\n<\/tr>\n<tr>\n<td><strong><b>Funci\u00f3n<\/b><\/strong><\/td>\n<td width=\"265\"><strong><b>medici\u00f3n, inspecci\u00f3n, calibraci\u00f3n y control de calidad<\/b><\/strong><\/td>\n<td><strong><b>asistencia personalizada<\/b><\/strong><\/td>\n<td><strong><b>OEM, ODM<\/b><\/strong><\/td>\n<\/tr>\n<tr>\n<td><strong><b>material<\/b><\/strong><\/td>\n<td><strong><b>Granito en bruto<\/b><\/strong><\/td>\n<td><strong><b>Caracter\u00edsticas<\/b><\/strong><\/td>\n<td><strong><b>Gran dureza, resistencia al desgaste<\/b><\/strong><\/td>\n<\/tr>\n<tr>\n<td><strong><b>Nombre del producto<\/b><\/strong><\/td>\n<td><strong><b>Plataforma de granito de precisi\u00f3n<\/b><\/strong><\/td>\n<td><strong><b>Paquete<\/b><\/strong><\/td>\n<td><strong><b>Caja de madera<\/b><\/strong><\/td>\n<\/tr>\n<tr>\n<td><strong><b>MOQ<\/b><\/strong><\/td>\n<td><strong><b>1 unidad<\/b><\/strong><\/td>\n<td><strong><b>Talla<\/b><\/strong><\/td>\n<td><strong><b>\u00a0Personalizado<\/b><\/strong><\/td>\n<\/tr>\n<tr>\n<td><strong><b>Aplicaci\u00f3n<\/b><\/strong><\/td>\n<td><strong><b>Autom\u00e1tica industrial<\/b><\/strong><\/td>\n<td><strong><b>Env\u00edo<\/b><\/strong><\/td>\n<td><strong><b>Mar<\/b><\/strong><\/td>\n<\/tr>\n<tr>\n<td><strong><b>Puntos clave de venta<\/b><\/strong><\/td>\n<td colspan=\"3\"><strong><b>Bajo coste de mantenimiento<\/b><\/strong><\/td>\n<\/tr>\n<\/tbody>\n<\/table>","protected":false},"featured_media":1771,"template":"","meta":{"_seopress_robots_primary_cat":"","_seopress_titles_title":"","_seopress_titles_desc":"","_seopress_robots_index":"","_kad_blocks_custom_css":"","_kad_blocks_head_custom_js":"","_kad_blocks_body_custom_js":"","_kad_blocks_footer_custom_js":"","_kadence_starter_templates_imported_post":false,"_kad_post_transparent":"default","_kad_post_title":"","_kad_post_layout":"default","_kad_post_sidebar_id":"","_kad_post_content_style":"default","_kad_post_vertical_padding":"default","_kad_post_feature":"","_kad_post_feature_position":"","_kad_post_header":false,"_kad_post_footer":false,"_kad_post_classname":""},"product_brand":[],"product_cat":[38],"product_tag":[],"class_list":{"0":"post-1774","1":"product","2":"type-product","3":"status-publish","4":"has-post-thumbnail","6":"product_cat-platform","8":"first","9":"instock","10":"shipping-taxable","11":"product-type-simple","12":"entry","13":"content-bg","14":"loop-entry"},"taxonomy_info":{"product_cat":[{"value":38,"label":"Granite detection platform"}]},"featured_image_src_large":["https:\/\/jtlcnc.com\/wp-content\/uploads\/2026\/02\/c9ab6e51-6b3c-4199-aad8-97b16059804f.jpg",500,500,false],"author_info":[],"comment_info":"","_links":{"self":[{"href":"https:\/\/jtlcnc.com\/es\/wp-json\/wp\/v2\/product\/1774","targetHints":{"allow":["GET"]}}],"collection":[{"href":"https:\/\/jtlcnc.com\/es\/wp-json\/wp\/v2\/product"}],"about":[{"href":"https:\/\/jtlcnc.com\/es\/wp-json\/wp\/v2\/types\/product"}],"wp:featuredmedia":[{"embeddable":true,"href":"https:\/\/jtlcnc.com\/es\/wp-json\/wp\/v2\/media\/1771"}],"wp:attachment":[{"href":"https:\/\/jtlcnc.com\/es\/wp-json\/wp\/v2\/media?parent=1774"}],"wp:term":[{"taxonomy":"product_brand","embeddable":true,"href":"https:\/\/jtlcnc.com\/es\/wp-json\/wp\/v2\/product_brand?post=1774"},{"taxonomy":"product_cat","embeddable":true,"href":"https:\/\/jtlcnc.com\/es\/wp-json\/wp\/v2\/product_cat?post=1774"},{"taxonomy":"product_tag","embeddable":true,"href":"https:\/\/jtlcnc.com\/es\/wp-json\/wp\/v2\/product_tag?post=1774"}],"curies":[{"name":"wp","href":"https:\/\/api.w.org\/{rel}","templated":true}]}}