{"id":1757,"date":"2026-02-03T11:05:41","date_gmt":"2026-02-03T03:05:41","guid":{"rendered":"https:\/\/jtlcnc.com\/?post_type=product&#038;p=1757"},"modified":"2026-02-03T11:05:42","modified_gmt":"2026-02-03T03:05:42","slug":"granite-flatness-measuring-table","status":"publish","type":"product","link":"https:\/\/jtlcnc.com\/es\/producto\/granite-flatness-measuring-table\/","title":{"rendered":"Mesa de medici\u00f3n de la planitud del granito"},"content":{"rendered":"<p>Plataforma de instrumentos de precisi\u00f3n de granito, fabricada con material de piedra \u201cJinan Blue\u201d de alta calidad mediante procesamiento mec\u00e1nico y rectificado manual. Alta, sin deformaci\u00f3n, buena estabilidad, larga vida \u00fatil, adecuada para trabajos de medici\u00f3n en f\u00e1bricas mec\u00e1nicas y laboratorios.<\/p>\n<p>La composici\u00f3n mineral principal del granito \u201cJinan Blue\u201d es hornenda, plagioclasa, biotita y una peque\u00f1a cantidad de magnetita, con un color negro, una estructura precisa y, tras miles de millones de a\u00f1os de envejecimiento, uniforme, buena estabilidad, alta resistencia y gran dureza, que puede mantener una gran precisi\u00f3n bajo cargas pesadas.<\/p>\n<p>Ventajas:<\/p>\n<ol>\n<li>Alta precisi\u00f3n, buena estabilidad y no se deforma f\u00e1cilmente, lo que puede garantizar la precisi\u00f3n de la medici\u00f3n a temperatura ambiente.<\/li>\n<li>No se oxida, es resistente a \u00e1cidos y \u00e1lcalis y no requiere mantenimiento especial.<\/li>\n<li>resistencia al desgaste y larga vida \u00fatil.<\/li>\n<li>Los ara\u00f1azos y golpes en la superficie de trabajo no afectan a la precisi\u00f3n de la medici\u00f3n.<\/li>\n<li>No hay problemas de magnetizaci\u00f3n.<\/li>\n<\/ol>\n<p>. Puede deslizarse suavemente sin ninguna sensaci\u00f3n de arrastre durante la medici\u00f3n.<\/p>\n<p>La precisi\u00f3n de la placa plana de granito est\u00e1 referenciada a varias normas nacionales avanzadas, y la tolerancia de planitud se basa: Norma JB\/T7975-1999: grado 000 = 1 \u00d7 (1 d\/1000) um;grado 00 = 2 \u00d7 (1 d\/1000) um; grado 0 = 4 \u00d7 (1 d\/1000); grado 1 = 8 \u00d7 (1 d\/1000) um (d es la diagonal en mm) (la temperatura de medici\u00f3n suele ser de 20 \u00b1 \u2103).<\/p>\n<p>\u5927\u7406\u77f3\u5e73\u677f\u89c4\u683c\u3001\u91cd\u91cf\u53ca\u7cbe\u5ea6<\/p>\n<table>\n<tbody>\n<tr>\n<td>\u89c4\u683c \u957f\u00d7\u5bbd\u00d7\u539a<\/td>\n<td>\u91cd\u91cfkg<\/td>\n<td>000\u7ea7\u7cbe\u5ea6 \u03bcm<\/td>\n<td>00\u7ea7\u7cbe\u5ea6 \u03bcm<\/td>\n<td>0\u7ea7\u7cbe\u5ea6 \u03bcm<\/td>\n<td>1\u7ea7\u7cbe\u5ea6 \u03bcm<\/td>\n<\/tr>\n<tr>\n<td>300\u00d7300\u00d750<\/td>\n<td>19<\/td>\n<td>1.5<\/td>\n<td>3<\/td>\n<td>6<\/td>\n<td>12<\/td>\n<\/tr>\n<tr>\n<td>400\u00d7300\u00d770<\/td>\n<td>25<\/td>\n<td>1.5<\/td>\n<td>3<\/td>\n<td>6<\/td>\n<td>12<\/td>\n<\/tr>\n<tr>\n<td>400\u00d7400\u00d770<\/td>\n<td>48<\/td>\n<td>2<\/td>\n<td>3.5<\/td>\n<td>6.5<\/td>\n<td>13<\/td>\n<\/tr>\n<tr>\n<td>630\u00d7400\u00d7100<\/td>\n<td>76<\/td>\n<td>2<\/td>\n<td>3.5<\/td>\n<td>7<\/td>\n<td>14<\/td>\n<\/tr>\n<tr>\n<td>630\u00d7630\u00d7100<\/td>\n<td>155<\/td>\n<td>2<\/td>\n<td>4<\/td>\n<td>8<\/td>\n<td>16<\/td>\n<\/tr>\n<tr>\n<td>800\u00d7600\u00d7100<\/td>\n<td>156<\/td>\n<td>2<\/td>\n<td>4<\/td>\n<td>8<\/td>\n<td>16<\/td>\n<\/tr>\n<tr>\n<td>1000\u00d7630\u00d7130<\/td>\n<td>284<\/td>\n<td>2.5<\/td>\n<td>4.5<\/td>\n<td>9<\/td>\n<td>18<\/td>\n<\/tr>\n<tr>\n<td>1000\u00d7750\u00d7150<\/td>\n<td>338<\/td>\n<td>2.5<\/td>\n<td>5<\/td>\n<td>9<\/td>\n<td>18<\/td>\n<\/tr>\n<tr>\n<td>1000\u00d71000\u00d7150<\/td>\n<td>450<\/td>\n<td>2.5<\/td>\n<td>5<\/td>\n<td>10<\/td>\n<td>20<\/td>\n<\/tr>\n<tr>\n<td>1600\u00d7100\u00d70200<\/td>\n<td>963<\/td>\n<td>3<\/td>\n<td>6<\/td>\n<td>12<\/td>\n<td>24<\/td>\n<\/tr>\n<tr>\n<td>2000\u00d71000\u00d7200<\/td>\n<td>1200<\/td>\n<td>3.5<\/td>\n<td>6.5<\/td>\n<td>13<\/td>\n<td>26<\/td>\n<\/tr>\n<tr>\n<td>1600\u00d71600\u00d7300<\/td>\n<td>2312<\/td>\n<td>3.5<\/td>\n<td>6.5<\/td>\n<td>13<\/td>\n<td>26<\/td>\n<\/tr>\n<tr>\n<td>2000\u00d71600\u00d7300<\/td>\n<td>2890<\/td>\n<td>3.5<\/td>\n<td>7<\/td>\n<td>14<\/td>\n<td>28<\/td>\n<\/tr>\n<tr>\n<td>2500\u00d71600\u00d7300<\/td>\n<td>3612<\/td>\n<td>4<\/td>\n<td>8<\/td>\n<td>16<\/td>\n<td>32<\/td>\n<\/tr>\n<tr>\n<td>3000\u00d72000\u00d7500<\/td>\n<td>9030<\/td>\n<td>4.5<\/td>\n<td>9<\/td>\n<td>18<\/td>\n<td>36<\/td>\n<\/tr>\n<tr>\n<td>4000\u00d72000\u00d7500<\/td>\n<td>12040<\/td>\n<td>5.5<\/td>\n<td>11<\/td>\n<td>22<\/td>\n<td>44<\/td>\n<\/tr>\n<tr>\n<td>6000\u00d72000\u00d7700<\/td>\n<td>25284<\/td>\n<td>7.5<\/td>\n<td>15<\/td>\n<td>30<\/td>\n<td>60<\/td>\n<\/tr>\n<\/tbody>\n<\/table>\n<table width=\"873\">\n<tbody>\n<tr>\n<td colspan=\"2\" width=\"411\">Atributos clave<\/td>\n<td width=\"211\"><\/td>\n<td width=\"251\"><\/td>\n<\/tr>\n<tr>\n<td>precisi\u00f3n<\/td>\n<td>\u00a0Grado 0, Grado 00, Grado 000<\/td>\n<td>lugar de origen<\/td>\n<td>Shandong, China<\/td>\n<\/tr>\n<tr>\n<td>marca<\/td>\n<td>jintelai<\/td>\n<td>n\u00famero de modelo<\/td>\n<td>\u00a0Personalizado<\/td>\n<\/tr>\n<tr>\n<td>Nombre del producto<\/td>\n<td>Plataforma de granito de precisi\u00f3n<\/td>\n<td>garant\u00eda de materiales Granite<\/td>\n<td>1 a\u00f1o<\/td>\n<\/tr>\n<tr>\n<td>Funci\u00f3n<\/td>\n<td width=\"265\">medici\u00f3n, inspecci\u00f3n, calibraci\u00f3n y control de calidad<\/td>\n<td>asistencia personalizada<\/td>\n<td>OEM, ODM<\/td>\n<\/tr>\n<tr>\n<td>material<\/td>\n<td>Granito en bruto<\/td>\n<td>Caracter\u00edsticas<\/td>\n<td>Gran dureza, resistencia al desgaste<\/td>\n<\/tr>\n<tr>\n<td>Nombre del producto<\/td>\n<td>Plataforma de granito de precisi\u00f3n<\/td>\n<td>Paquete<\/td>\n<td>Caja de madera<\/td>\n<\/tr>\n<tr>\n<td>MOQ<\/td>\n<td>1 unidad<\/td>\n<td>Talla<\/td>\n<td>\u00a0Personalizado<\/td>\n<\/tr>\n<tr>\n<td>Aplicaci\u00f3n<\/td>\n<td>Autom\u00e1tica industrial<\/td>\n<td>Env\u00edo<\/td>\n<td>Mar<\/td>\n<\/tr>\n<tr>\n<td>Puntos clave de venta<\/td>\n<td colspan=\"3\">Bajo coste de mantenimiento<\/td>\n<\/tr>\n<\/tbody>\n<\/table>","protected":false},"excerpt":{"rendered":"<p>Granite precision instrument platform, made of high-quality &#8220;Jinan Blue&#8221; stone material through mechanical processing and manual grinding. High, no deformation, good stability, long service life, suitable for measurement work in mechanical factories and laboratories. The main mineral composition of &#8220;Jinan Blue&#8221; granite is hornende, plagioclase, biotite, and a small amount of magnetite, with a black&#8230;<\/p>","protected":false},"featured_media":1663,"template":"","meta":{"_seopress_robots_primary_cat":"","_seopress_titles_title":"","_seopress_titles_desc":"","_seopress_robots_index":"","_kad_blocks_custom_css":"","_kad_blocks_head_custom_js":"","_kad_blocks_body_custom_js":"","_kad_blocks_footer_custom_js":"","_kadence_starter_templates_imported_post":false,"_kad_post_transparent":"default","_kad_post_title":"","_kad_post_layout":"default","_kad_post_sidebar_id":"","_kad_post_content_style":"default","_kad_post_vertical_padding":"default","_kad_post_feature":"","_kad_post_feature_position":"","_kad_post_header":false,"_kad_post_footer":false,"_kad_post_classname":""},"product_brand":[],"product_cat":[38],"product_tag":[],"class_list":{"0":"post-1757","1":"product","2":"type-product","3":"status-publish","4":"has-post-thumbnail","6":"product_cat-platform","8":"first","9":"instock","10":"shipping-taxable","11":"product-type-simple","12":"entry","13":"content-bg","14":"loop-entry"},"taxonomy_info":{"product_cat":[{"value":38,"label":"Granite detection platform"}]},"featured_image_src_large":["https:\/\/jtlcnc.com\/wp-content\/uploads\/2026\/01\/\u82b1\u5c97\u5ca9\u6784\u4ef6-17-768x1024.jpg",768,1024,true],"author_info":[],"comment_info":"","_links":{"self":[{"href":"https:\/\/jtlcnc.com\/es\/wp-json\/wp\/v2\/product\/1757","targetHints":{"allow":["GET"]}}],"collection":[{"href":"https:\/\/jtlcnc.com\/es\/wp-json\/wp\/v2\/product"}],"about":[{"href":"https:\/\/jtlcnc.com\/es\/wp-json\/wp\/v2\/types\/product"}],"wp:featuredmedia":[{"embeddable":true,"href":"https:\/\/jtlcnc.com\/es\/wp-json\/wp\/v2\/media\/1663"}],"wp:attachment":[{"href":"https:\/\/jtlcnc.com\/es\/wp-json\/wp\/v2\/media?parent=1757"}],"wp:term":[{"taxonomy":"product_brand","embeddable":true,"href":"https:\/\/jtlcnc.com\/es\/wp-json\/wp\/v2\/product_brand?post=1757"},{"taxonomy":"product_cat","embeddable":true,"href":"https:\/\/jtlcnc.com\/es\/wp-json\/wp\/v2\/product_cat?post=1757"},{"taxonomy":"product_tag","embeddable":true,"href":"https:\/\/jtlcnc.com\/es\/wp-json\/wp\/v2\/product_tag?post=1757"}],"curies":[{"name":"wp","href":"https:\/\/api.w.org\/{rel}","templated":true}]}}