{"id":1710,"date":"2026-02-02T10:37:49","date_gmt":"2026-02-02T02:37:49","guid":{"rendered":"https:\/\/jtlcnc.com\/?post_type=product&#038;p=1710"},"modified":"2026-02-02T10:37:49","modified_gmt":"2026-02-02T02:37:49","slug":"granite-00-grade-precision-mechanical-components-bed-beam-guide","status":"publish","type":"product","link":"https:\/\/jtlcnc.com\/es\/producto\/granite-00-grade-precision-mechanical-components-bed-beam-guide\/","title":{"rendered":"Granito 00 componentes mec\u00e1nicos de precisi\u00f3n gu\u00eda de la viga de la cama"},"content":{"rendered":"<p>Precision granite mechanical components, made of high-quality &#8220;Jinan Blue&#8221; stone, are processed by machinery and finely ground by hand. have high precision, no deformation, good stability and long service life.<br \/>\nWe can process various components for the user, such as granite base columns, beams, and guides for threecoordinate measuring machines. We can also process various granite bases, gantries, and slides for printed circuit board drilling, milling, and engraving machines.<br \/>\nWe can process irregular products for the user.<br \/>\nThe perfect combination of granite with metal and electronics.<\/p>\n<p>Ventajas:<br \/>\n1. High precision, good stability, and not easy to deform which can guarantee the measurement accuracy at room temperature.<br \/>\n2. Will not rust, resistant to acid and alkali, no need for special maintenance.<br \/>\n3. Good wear resistance long service life.<br \/>\n4. Los ara\u00f1azos y golpes en la superficie de trabajo no afectan a la precisi\u00f3n de la medici\u00f3n.<br \/>\n5. No hay problemas de magnetizaci\u00f3n.<br \/>\n6. It slide smoothly without any drag during measurement.<\/p>\n<p><strong><b>COMPARACI\u00d3N DE MATERIALES DE GRANITO<\/b><\/strong><\/p>\n<table>\n<tbody>\n<tr>\n<td width=\"148\"><strong><b>contenido<\/b><\/strong><\/td>\n<td width=\"166\"><strong><b>Jinan Negro<\/b><\/strong><\/td>\n<td><strong><b>Negro indio<\/b><\/strong><\/td>\n<td width=\"274\"><strong><b>S\u00e9samo negro 654<\/b><\/strong><\/td>\n<\/tr>\n<tr>\n<td width=\"148\"><strong><b>Peso espec\u00edfico<\/b><\/strong><\/td>\n<td width=\"166\"><strong><b>3100-3300kg\/m3<\/b><\/strong><\/td>\n<td><strong><b>3200-3300kg\/m3<\/b><\/strong><\/td>\n<td width=\"274\"><strong><b>2900-3000 kg\/m3<\/b><\/strong><\/td>\n<\/tr>\n<tr>\n<td width=\"148\"><strong><b>M\u00f3dulo el\u00e1stico<\/b><\/strong><\/td>\n<td width=\"166\"><strong><b>1,27\u00d7105 N\/mm2<\/b><\/strong><\/td>\n<td><strong><b>1,29\u00d7105 N\/mm2<\/b><\/strong><\/td>\n<td width=\"274\"><strong><b>1,27\u00d7105 N\/mm2<\/b><\/strong><\/td>\n<\/tr>\n<tr>\n<td width=\"148\"><strong><b>Coeficiente de dilataci\u00f3n lineal<\/b><\/strong><\/td>\n<td width=\"166\"><strong><b>4.61\u00d710 -6\/\u2103<\/b><\/strong><\/td>\n<td><strong><b>4.61\u00d710 -6\/\u2103<\/b><\/strong><\/td>\n<td width=\"274\"><strong><b>4.61\u00d710 -6\/C<\/b><\/strong><\/td>\n<\/tr>\n<tr>\n<td width=\"148\"><strong><b>Coeficiente de dilataci\u00f3n t\u00e9rmica<\/b><\/strong><\/td>\n<td width=\"166\"><strong><b>0,18%\/C<\/b><\/strong><\/td>\n<td><strong><b>0,18%\/\u00b0C<\/b><\/strong><\/td>\n<td width=\"274\"><strong><b>0,2%\/C<\/b><\/strong><\/td>\n<\/tr>\n<tr>\n<td width=\"148\"><strong><b>Absorci\u00f3n de agua<\/b><\/strong><\/td>\n<td width=\"166\"><strong><b>&lt;0,013%<\/b><\/strong><\/td>\n<td><strong><b>&lt;0,011%<\/b><\/strong><\/td>\n<td width=\"274\"><strong><b>&lt;0,013%<\/b><\/strong><\/td>\n<\/tr>\n<tr>\n<td width=\"148\"><strong><b>Dureza Rockwell<\/b><\/strong><\/td>\n<td width=\"166\"><strong><b>&gt;70.9<\/b><\/strong><\/td>\n<td><strong><b>&gt;70.9<\/b><\/strong><\/td>\n<td width=\"274\"><strong><b>&gt;70.9<\/b><\/strong><\/td>\n<\/tr>\n<tr>\n<td width=\"148\"><strong><b>Radiaci\u00f3n equivalente<\/b><\/strong><\/td>\n<td width=\"166\"><strong><b>0,38uSv\/h<\/b><\/strong><\/td>\n<td><strong><b>0,35uSv\/h<\/b><\/strong><\/td>\n<td width=\"274\"><strong><b>0,38uSv\/h<\/b><\/strong><\/td>\n<\/tr>\n<tr>\n<td width=\"148\"><strong><b>Resistencia a la compresi\u00f3n en seco<\/b><\/strong><\/td>\n<td width=\"166\"><strong><b>220,1 MPa<\/b><\/strong><\/td>\n<td><strong><b>221,1 MPa<\/b><\/strong><\/td>\n<td width=\"274\"><strong><b>218,3MPa<\/b><\/strong><\/td>\n<\/tr>\n<tr>\n<td width=\"148\"><strong><b>Apariencia<\/b><\/strong><\/td>\n<td width=\"166\"><strong><b>Motas blancas distribuidas uniformemente, como copos de nieve (que parecen transl\u00facidos), con un aspecto limpio y brillante tras el mantenimiento.<\/b><\/strong><\/td>\n<td><strong><b>Motas blancas distribuidas uniformemente como copos de nieve, con un material de base negro y brillante. Tras el mantenimiento, el aspecto es<\/b><\/strong><strong><b><br \/>\n<\/b><\/strong><strong><b>limpio y brillante.<\/b><\/strong><\/td>\n<td width=\"274\"><strong><b>Hay picos blancos distribuidos uniformemente (no transparentes), m\u00e1s grandes en patr\u00f3n en comparaci\u00f3n con Jinan Negro.Despu\u00e9s del mantenimiento, el<\/b><\/strong><strong><b><br \/>\n<\/b><\/strong><strong><b>es limpio pero menos brillante que el JinanBlack.<\/b><\/strong><\/td>\n<\/tr>\n<tr>\n<td width=\"148\"><strong><b>Retenci\u00f3n de precisi\u00f3n<\/b><\/strong><\/td>\n<td width=\"166\"><strong><b>Por debajo de 5 micr\u00f3metros (um)<\/b><\/strong><\/td>\n<td><strong><b>Por debajo de 5 micr\u00f3metros (um)<\/b><\/strong><\/td>\n<td width=\"274\"><strong><b>5-10um<\/b><\/strong><\/td>\n<\/tr>\n<tr>\n<td width=\"148\"><strong><b>Facilidad de procesamiento<\/b><\/strong><\/td>\n<td width=\"166\"><strong><b>F\u00e1cil<\/b><\/strong><\/td>\n<td><strong><b>Duro<\/b><\/strong><\/td>\n<td width=\"274\"><strong><b>M\u00e1s duro<\/b><\/strong><\/td>\n<\/tr>\n<tr>\n<td colspan=\"4\" width=\"803\"><strong><b>Debido a las pol\u00edticas medioambientales de China, la extracci\u00f3n de granito negro de Jinan est\u00e1 paralizada desde 2006. Despu\u00e9s de 15 a\u00f1os, la<\/b><\/strong><strong><b><br \/>\n<\/b><\/strong><strong><b>jinan Los bloques de granito negro se han vuelto escasos, s\u00f3lo se pueden encontrar unas pocas piezas, y ya no es posible obtenerlos en<\/b><\/strong><strong><b><br \/>\n<\/b><\/strong><strong><b>grandes cantidades.<\/b><\/strong><\/td>\n<\/tr>\n<\/tbody>\n<\/table>\n<div style=\"width: 540px;\" class=\"wp-video\"><video class=\"wp-video-shortcode\" id=\"video-1710-1\" width=\"540\" height=\"960\" preload=\"metadata\" controls=\"controls\"><source type=\"video\/mp4\" src=\"https:\/\/jtlcnc.com\/wp-content\/uploads\/2026\/02\/\u82b1\u5c97\u5ca9\u6784\u4ef6.mp4?_=1\" \/><a href=\"https:\/\/jtlcnc.com\/wp-content\/uploads\/2026\/02\/\u82b1\u5c97\u5ca9\u6784\u4ef6.mp4\">https:\/\/jtlcnc.com\/wp-content\/uploads\/2026\/02\/\u82b1\u5c97\u5ca9\u6784\u4ef6.mp4<\/a><\/video><\/div>","protected":false},"excerpt":{"rendered":"<p>Precision granite mechanical components, made of high-quality &#8220;Jinan Blue&#8221; stone, are processed by machinery and finely ground by hand. have high precision, no deformation, good stability and long service life. We can process various components for the user, such as granite base columns, beams, and guides for threecoordinate measuring machines. We can also process various&#8230;<\/p>","protected":false},"featured_media":1713,"template":"","meta":{"_seopress_robots_primary_cat":"","_seopress_titles_title":"","_seopress_titles_desc":"","_seopress_robots_index":"","_kad_blocks_custom_css":"","_kad_blocks_head_custom_js":"","_kad_blocks_body_custom_js":"","_kad_blocks_footer_custom_js":"","_kadence_starter_templates_imported_post":false,"_kad_post_transparent":"default","_kad_post_title":"","_kad_post_layout":"default","_kad_post_sidebar_id":"","_kad_post_content_style":"default","_kad_post_vertical_padding":"default","_kad_post_feature":"","_kad_post_feature_position":"","_kad_post_header":false,"_kad_post_footer":false,"_kad_post_classname":""},"product_brand":[],"product_cat":[39],"product_tag":[],"class_list":{"0":"post-1710","1":"product","2":"type-product","3":"status-publish","4":"has-post-thumbnail","6":"product_cat-components","8":"first","9":"instock","10":"shipping-taxable","11":"product-type-simple","12":"entry","13":"content-bg","14":"loop-entry"},"taxonomy_info":{"product_cat":[{"value":39,"label":"Granite mechanical components"}]},"featured_image_src_large":["https:\/\/jtlcnc.com\/wp-content\/uploads\/2026\/02\/\u5fae\u4fe1\u56fe\u7247_20250421101046-768x1024.jpg",768,1024,true],"author_info":[],"comment_info":"","_links":{"self":[{"href":"https:\/\/jtlcnc.com\/es\/wp-json\/wp\/v2\/product\/1710","targetHints":{"allow":["GET"]}}],"collection":[{"href":"https:\/\/jtlcnc.com\/es\/wp-json\/wp\/v2\/product"}],"about":[{"href":"https:\/\/jtlcnc.com\/es\/wp-json\/wp\/v2\/types\/product"}],"wp:featuredmedia":[{"embeddable":true,"href":"https:\/\/jtlcnc.com\/es\/wp-json\/wp\/v2\/media\/1713"}],"wp:attachment":[{"href":"https:\/\/jtlcnc.com\/es\/wp-json\/wp\/v2\/media?parent=1710"}],"wp:term":[{"taxonomy":"product_brand","embeddable":true,"href":"https:\/\/jtlcnc.com\/es\/wp-json\/wp\/v2\/product_brand?post=1710"},{"taxonomy":"product_cat","embeddable":true,"href":"https:\/\/jtlcnc.com\/es\/wp-json\/wp\/v2\/product_cat?post=1710"},{"taxonomy":"product_tag","embeddable":true,"href":"https:\/\/jtlcnc.com\/es\/wp-json\/wp\/v2\/product_tag?post=1710"}],"curies":[{"name":"wp","href":"https:\/\/api.w.org\/{rel}","templated":true}]}}