{"id":1702,"date":"2026-01-29T10:13:15","date_gmt":"2026-01-29T02:13:15","guid":{"rendered":"https:\/\/jtlcnc.com\/?post_type=product&#038;p=1702"},"modified":"2026-01-29T10:13:15","modified_gmt":"2026-01-29T02:13:15","slug":"granite-inspection-and-measurement-working-platform","status":"publish","type":"product","link":"https:\/\/jtlcnc.com\/es\/producto\/granite-inspection-and-measurement-working-platform\/","title":{"rendered":"Plataforma de trabajo para inspecci\u00f3n y medici\u00f3n de granito"},"content":{"rendered":"<p>Plataforma de instrumentos de precisi\u00f3n de granito, fabricada con material de piedra \u201cJinan Blue\u201d de alta calidad mediante procesamiento mec\u00e1nico y rectificado manual. Alta, sin deformaci\u00f3n, buena estabilidad, larga vida \u00fatil, adecuada para trabajos de medici\u00f3n en f\u00e1bricas mec\u00e1nicas y laboratorios.<\/p>\n<p>La composici\u00f3n mineral principal del granito \u201cJinan Blue\u201d es hornenda, plagioclasa, biotita y una peque\u00f1a cantidad de magnetita, con un color negro, una estructura precisa y, tras miles de millones de a\u00f1os de envejecimiento, uniforme, buena estabilidad, alta resistencia y gran dureza, que puede mantener una gran precisi\u00f3n bajo cargas pesadas.<\/p>\n<p>Ventajas:<\/p>\n<ol>\n<li>Alta precisi\u00f3n, buena estabilidad y no se deforma f\u00e1cilmente, lo que puede garantizar la precisi\u00f3n de la medici\u00f3n a temperatura ambiente.<\/li>\n<li>No se oxida, es resistente a \u00e1cidos y \u00e1lcalis y no requiere mantenimiento especial.<\/li>\n<li>resistencia al desgaste y larga vida \u00fatil.<\/li>\n<li>Los ara\u00f1azos y golpes en la superficie de trabajo no afectan a la precisi\u00f3n de la medici\u00f3n.<\/li>\n<li>No hay problemas de magnetizaci\u00f3n.<\/li>\n<\/ol>\n<p>. Puede deslizarse suavemente sin ninguna sensaci\u00f3n de arrastre durante la medici\u00f3n.<\/p>\n<p>La precisi\u00f3n de la placa plana de granito est\u00e1 referenciada a varias normas nacionales avanzadas, y la tolerancia de planitud se basa: Norma JB\/T7975-1999: grado 000 = 1 \u00d7 (1 d\/1000) um;grado 00 = 2 \u00d7 (1 d\/1000) um; grado 0 = 4 \u00d7 (1 d\/1000); grado 1 = 8 \u00d7 (1 d\/1000) um (d es la diagonal en mm) (la temperatura de medici\u00f3n suele ser de 20 \u00b1 \u2103).<\/p>\n<p><strong><b>COMPARACI\u00d3N DE MATERIALES DE GRANITO<\/b><\/strong><\/p>\n<table>\n<tbody>\n<tr>\n<td width=\"148\"><strong><b>contenido<\/b><\/strong><\/td>\n<td width=\"166\"><strong><b>Jinan Negro<\/b><\/strong><\/td>\n<td><strong><b>Negro indio<\/b><\/strong><\/td>\n<td width=\"274\"><strong><b>S\u00e9samo negro 654<\/b><\/strong><\/td>\n<\/tr>\n<tr>\n<td width=\"148\"><strong><b>Peso espec\u00edfico<\/b><\/strong><\/td>\n<td width=\"166\"><strong><b>3100-3300kg\/m3<\/b><\/strong><\/td>\n<td><strong><b>3200-3300kg\/m3<\/b><\/strong><\/td>\n<td width=\"274\"><strong><b>2900-3000 kg\/m3<\/b><\/strong><\/td>\n<\/tr>\n<tr>\n<td width=\"148\"><strong><b>M\u00f3dulo el\u00e1stico<\/b><\/strong><\/td>\n<td width=\"166\"><strong><b>1,27\u00d7105 N\/mm2<\/b><\/strong><\/td>\n<td><strong><b>1,29\u00d7105 N\/mm2<\/b><\/strong><\/td>\n<td width=\"274\"><strong><b>1,27\u00d7105 N\/mm2<\/b><\/strong><\/td>\n<\/tr>\n<tr>\n<td width=\"148\"><strong><b>Coeficiente de dilataci\u00f3n lineal<\/b><\/strong><\/td>\n<td width=\"166\"><strong><b>4.61\u00d710 -6\/\u2103<\/b><\/strong><\/td>\n<td><strong><b>4.61\u00d710 -6\/\u2103<\/b><\/strong><\/td>\n<td width=\"274\"><strong><b>4.61\u00d710 -6\/C<\/b><\/strong><\/td>\n<\/tr>\n<tr>\n<td width=\"148\"><strong><b>Coeficiente de dilataci\u00f3n t\u00e9rmica<\/b><\/strong><\/td>\n<td width=\"166\"><strong><b>0,18%\/C<\/b><\/strong><\/td>\n<td><strong><b>0,18%\/\u00b0C<\/b><\/strong><\/td>\n<td width=\"274\"><strong><b>0,2%\/C<\/b><\/strong><\/td>\n<\/tr>\n<tr>\n<td width=\"148\"><strong><b>Absorci\u00f3n de agua<\/b><\/strong><\/td>\n<td width=\"166\"><strong><b>&lt;0,013%<\/b><\/strong><\/td>\n<td><strong><b>&lt;0,011%<\/b><\/strong><\/td>\n<td width=\"274\"><strong><b>&lt;0,013%<\/b><\/strong><\/td>\n<\/tr>\n<tr>\n<td width=\"148\"><strong><b>Dureza Rockwell<\/b><\/strong><\/td>\n<td width=\"166\"><strong><b>&gt;70.9<\/b><\/strong><\/td>\n<td><strong><b>&gt;70.9<\/b><\/strong><\/td>\n<td width=\"274\"><strong><b>&gt;70.9<\/b><\/strong><\/td>\n<\/tr>\n<tr>\n<td width=\"148\"><strong><b>Radiaci\u00f3n equivalente<\/b><\/strong><\/td>\n<td width=\"166\"><strong><b>0,38uSv\/h<\/b><\/strong><\/td>\n<td><strong><b>0,35uSv\/h<\/b><\/strong><\/td>\n<td width=\"274\"><strong><b>0,38uSv\/h<\/b><\/strong><\/td>\n<\/tr>\n<tr>\n<td width=\"148\"><strong><b>Resistencia a la compresi\u00f3n en seco<\/b><\/strong><\/td>\n<td width=\"166\"><strong><b>220,1 MPa<\/b><\/strong><\/td>\n<td><strong><b>221,1 MPa<\/b><\/strong><\/td>\n<td width=\"274\"><strong><b>218,3MPa<\/b><\/strong><\/td>\n<\/tr>\n<tr>\n<td width=\"148\"><strong><b>Apariencia<\/b><\/strong><\/td>\n<td width=\"166\"><strong><b>Motas blancas distribuidas uniformemente, como copos de nieve (que parecen transl\u00facidos), con un aspecto limpio y brillante tras el mantenimiento.<\/b><\/strong><\/td>\n<td><strong><b>Motas blancas distribuidas uniformemente como copos de nieve, con un material de base negro y brillante. Tras el mantenimiento, el aspecto es<\/b><\/strong><strong><b><br \/>\n<\/b><\/strong><strong><b>limpio y brillante.<\/b><\/strong><\/td>\n<td width=\"274\"><strong><b>Hay picos blancos distribuidos uniformemente (no transparentes), m\u00e1s grandes en patr\u00f3n en comparaci\u00f3n con Jinan Negro.Despu\u00e9s del mantenimiento, el<\/b><\/strong><strong><b><br \/>\n<\/b><\/strong><strong><b>es limpio pero menos brillante que el JinanBlack.<\/b><\/strong><\/td>\n<\/tr>\n<tr>\n<td width=\"148\"><strong><b>Retenci\u00f3n de precisi\u00f3n<\/b><\/strong><\/td>\n<td width=\"166\"><strong><b>Por debajo de 5 micr\u00f3metros (um)<\/b><\/strong><\/td>\n<td><strong><b>Por debajo de 5 micr\u00f3metros (um)<\/b><\/strong><\/td>\n<td width=\"274\"><strong><b>5-10um<\/b><\/strong><\/td>\n<\/tr>\n<tr>\n<td width=\"148\"><strong><b>Facilidad de procesamiento<\/b><\/strong><\/td>\n<td width=\"166\"><strong><b>F\u00e1cil<\/b><\/strong><\/td>\n<td><strong><b>Duro<\/b><\/strong><\/td>\n<td width=\"274\"><strong><b>M\u00e1s duro<\/b><\/strong><\/td>\n<\/tr>\n<tr>\n<td colspan=\"4\" width=\"803\"><strong><b>Debido a las pol\u00edticas medioambientales de China, la extracci\u00f3n de granito negro de Jinan est\u00e1 paralizada desde 2006. Despu\u00e9s de 15 a\u00f1os, la<\/b><\/strong><strong><b><br \/>\n<\/b><\/strong><strong><b>jinan Los bloques de granito negro se han vuelto escasos, s\u00f3lo se pueden encontrar unas pocas piezas, y ya no es posible obtenerlos en<\/b><\/strong><strong><b><br \/>\n<\/b><\/strong><strong><b>grandes cantidades.<\/b><\/strong><\/td>\n<\/tr>\n<\/tbody>\n<\/table>","protected":false},"excerpt":{"rendered":"<p>Granite precision instrument platform, made of high-quality &#8220;Jinan Blue&#8221; stone material through mechanical processing and manual grinding. High, no deformation, good stability, long service life, suitable for measurement work in mechanical factories and laboratories. The main mineral composition of &#8220;Jinan Blue&#8221; granite is hornende, plagioclase, biotite, and a small amount of magnetite, with a black&#8230;<\/p>","protected":false},"featured_media":1568,"template":"","meta":{"_seopress_robots_primary_cat":"","_seopress_titles_title":"","_seopress_titles_desc":"","_seopress_robots_index":"","_kad_blocks_custom_css":"","_kad_blocks_head_custom_js":"","_kad_blocks_body_custom_js":"","_kad_blocks_footer_custom_js":"","_kadence_starter_templates_imported_post":false,"_kad_post_transparent":"default","_kad_post_title":"","_kad_post_layout":"default","_kad_post_sidebar_id":"","_kad_post_content_style":"default","_kad_post_vertical_padding":"default","_kad_post_feature":"","_kad_post_feature_position":"","_kad_post_header":false,"_kad_post_footer":false,"_kad_post_classname":""},"product_brand":[],"product_cat":[38],"product_tag":[],"class_list":{"0":"post-1702","1":"product","2":"type-product","3":"status-publish","4":"has-post-thumbnail","6":"product_cat-platform","8":"first","9":"instock","10":"shipping-taxable","11":"product-type-simple","12":"entry","13":"content-bg","14":"loop-entry"},"taxonomy_info":{"product_cat":[{"value":38,"label":"Granite detection platform"}]},"featured_image_src_large":["https:\/\/jtlcnc.com\/wp-content\/uploads\/2026\/01\/23-1024x667.jpg",1024,667,true],"author_info":[],"comment_info":"","_links":{"self":[{"href":"https:\/\/jtlcnc.com\/es\/wp-json\/wp\/v2\/product\/1702","targetHints":{"allow":["GET"]}}],"collection":[{"href":"https:\/\/jtlcnc.com\/es\/wp-json\/wp\/v2\/product"}],"about":[{"href":"https:\/\/jtlcnc.com\/es\/wp-json\/wp\/v2\/types\/product"}],"wp:featuredmedia":[{"embeddable":true,"href":"https:\/\/jtlcnc.com\/es\/wp-json\/wp\/v2\/media\/1568"}],"wp:attachment":[{"href":"https:\/\/jtlcnc.com\/es\/wp-json\/wp\/v2\/media?parent=1702"}],"wp:term":[{"taxonomy":"product_brand","embeddable":true,"href":"https:\/\/jtlcnc.com\/es\/wp-json\/wp\/v2\/product_brand?post=1702"},{"taxonomy":"product_cat","embeddable":true,"href":"https:\/\/jtlcnc.com\/es\/wp-json\/wp\/v2\/product_cat?post=1702"},{"taxonomy":"product_tag","embeddable":true,"href":"https:\/\/jtlcnc.com\/es\/wp-json\/wp\/v2\/product_tag?post=1702"}],"curies":[{"name":"wp","href":"https:\/\/api.w.org\/{rel}","templated":true}]}}