{"id":1688,"date":"2026-01-28T10:24:49","date_gmt":"2026-01-28T02:24:49","guid":{"rendered":"https:\/\/jtlcnc.com\/?post_type=product&#038;p=1688"},"modified":"2026-01-28T10:24:49","modified_gmt":"2026-01-28T02:24:49","slug":"high-precision-granite-surface-plate-for-measuring-instruments-setup","status":"publish","type":"product","link":"https:\/\/jtlcnc.com\/es\/producto\/high-precision-granite-surface-plate-for-measuring-instruments-setup\/","title":{"rendered":"Placa de superficie de granito de alta precisi\u00f3n para la configuraci\u00f3n de instrumentos de medici\u00f3n"},"content":{"rendered":"<p>Plataforma de instrumentos de precisi\u00f3n de granito, fabricada con material de piedra \u201cJinan Qing\u201d de alta calidad mediante procesamiento mec\u00e1nico y rectificado manual. Alta precisi\u00f3n ninguna deformaci\u00f3n, buena estabilidad, larga vida \u00fatil, conveniente para el trabajo de medici\u00f3n en f\u00e1bricas mec\u00e1nicas y laboratorios.<br \/>\n\u201cEl granito \u201dJinan Qing\" se compone principalmente de hornblenda, ioclasa, biotita y una peque\u00f1a cantidad de magnetita, con un color negro, estructura precisa, textura uniforme, buena estabilidad, alta resistencia y dureza, puede mantener una alta precisi\u00f3n bajo cargas pesadas.<\/p>\n<p>Especificaciones, peso y precisi\u00f3n de la placa plana de m\u00e1rmol<\/p>\n<table>\n<tbody>\n<tr>\n<td>\u89c4\u683c \u957f\u00d7\u5bbd\u00d7\u539a<\/td>\n<td>\u91cd\u91cfkg<\/td>\n<td>000\u7ea7\u7cbe\u5ea6 \u03bcm<\/td>\n<td>00\u7ea7\u7cbe\u5ea6 \u03bcm<\/td>\n<td>0\u7ea7\u7cbe\u5ea6 \u03bcm<\/td>\n<td>1\u7ea7\u7cbe\u5ea6 \u03bcm<\/td>\n<\/tr>\n<tr>\n<td>300\u00d7300\u00d750<\/td>\n<td>19<\/td>\n<td>1.5<\/td>\n<td>3<\/td>\n<td>6<\/td>\n<td>12<\/td>\n<\/tr>\n<tr>\n<td>400\u00d7300\u00d770<\/td>\n<td>25<\/td>\n<td>1.5<\/td>\n<td>3<\/td>\n<td>6<\/td>\n<td>12<\/td>\n<\/tr>\n<tr>\n<td>400\u00d7400\u00d770<\/td>\n<td>48<\/td>\n<td>2<\/td>\n<td>3.5<\/td>\n<td>6.5<\/td>\n<td>13<\/td>\n<\/tr>\n<tr>\n<td>630\u00d7400\u00d7100<\/td>\n<td>76<\/td>\n<td>2<\/td>\n<td>3.5<\/td>\n<td>7<\/td>\n<td>14<\/td>\n<\/tr>\n<tr>\n<td>630\u00d7630\u00d7100<\/td>\n<td>155<\/td>\n<td>2<\/td>\n<td>4<\/td>\n<td>8<\/td>\n<td>16<\/td>\n<\/tr>\n<tr>\n<td>800\u00d7600\u00d7100<\/td>\n<td>156<\/td>\n<td>2<\/td>\n<td>4<\/td>\n<td>8<\/td>\n<td>16<\/td>\n<\/tr>\n<tr>\n<td>1000\u00d7630\u00d7130<\/td>\n<td>284<\/td>\n<td>2.5<\/td>\n<td>4.5<\/td>\n<td>9<\/td>\n<td>18<\/td>\n<\/tr>\n<tr>\n<td>1000\u00d7750\u00d7150<\/td>\n<td>338<\/td>\n<td>2.5<\/td>\n<td>5<\/td>\n<td>9<\/td>\n<td>18<\/td>\n<\/tr>\n<tr>\n<td>1000\u00d71000\u00d7150<\/td>\n<td>450<\/td>\n<td>2.5<\/td>\n<td>5<\/td>\n<td>10<\/td>\n<td>20<\/td>\n<\/tr>\n<tr>\n<td>1600\u00d7100\u00d70200<\/td>\n<td>963<\/td>\n<td>3<\/td>\n<td>6<\/td>\n<td>12<\/td>\n<td>24<\/td>\n<\/tr>\n<tr>\n<td>2000\u00d71000\u00d7200<\/td>\n<td>1200<\/td>\n<td>3.5<\/td>\n<td>6.5<\/td>\n<td>13<\/td>\n<td>26<\/td>\n<\/tr>\n<tr>\n<td>1600\u00d71600\u00d7300<\/td>\n<td>2312<\/td>\n<td>3.5<\/td>\n<td>6.5<\/td>\n<td>13<\/td>\n<td>26<\/td>\n<\/tr>\n<tr>\n<td>2000\u00d71600\u00d7300<\/td>\n<td>2890<\/td>\n<td>3.5<\/td>\n<td>7<\/td>\n<td>14<\/td>\n<td>28<\/td>\n<\/tr>\n<tr>\n<td>2500\u00d71600\u00d7300<\/td>\n<td>3612<\/td>\n<td>4<\/td>\n<td>8<\/td>\n<td>16<\/td>\n<td>32<\/td>\n<\/tr>\n<tr>\n<td>3000\u00d72000\u00d7500<\/td>\n<td>9030<\/td>\n<td>4.5<\/td>\n<td>9<\/td>\n<td>18<\/td>\n<td>36<\/td>\n<\/tr>\n<tr>\n<td>4000\u00d72000\u00d7500<\/td>\n<td>12040<\/td>\n<td>5.5<\/td>\n<td>11<\/td>\n<td>22<\/td>\n<td>44<\/td>\n<\/tr>\n<tr>\n<td>6000\u00d72000\u00d7700<\/td>\n<td>25284<\/td>\n<td>7.5<\/td>\n<td>15<\/td>\n<td>30<\/td>\n<td>60<\/td>\n<\/tr>\n<\/tbody>\n<\/table>\n<p>&nbsp;<\/p>\n<table width=\"873\">\n<tbody>\n<tr>\n<td colspan=\"2\" width=\"411\">Atributos clave<\/td>\n<td width=\"211\"><\/td>\n<td width=\"251\"><\/td>\n<\/tr>\n<tr>\n<td>precisi\u00f3n<\/td>\n<td>\u00a0Grado 0, Grado 00, Grado 000<\/td>\n<td>lugar de origen<\/td>\n<td>Shandong, China<\/td>\n<\/tr>\n<tr>\n<td>marca<\/td>\n<td>jintelai<\/td>\n<td>n\u00famero de modelo<\/td>\n<td>\u00a0Personalizado<\/td>\n<\/tr>\n<tr>\n<td>Nombre del producto<\/td>\n<td>Plataforma de granito de precisi\u00f3n<\/td>\n<td>garant\u00eda de materiales Granite<\/td>\n<td>1 a\u00f1o<\/td>\n<\/tr>\n<tr>\n<td>Funci\u00f3n<\/td>\n<td width=\"265\">medici\u00f3n, inspecci\u00f3n, calibraci\u00f3n y control de calidad<\/td>\n<td>asistencia personalizada<\/td>\n<td>OEM, ODM<\/td>\n<\/tr>\n<tr>\n<td>material<\/td>\n<td>Granito en bruto<\/td>\n<td>Caracter\u00edsticas<\/td>\n<td>Gran dureza, resistencia al desgaste<\/td>\n<\/tr>\n<tr>\n<td>Nombre del producto<\/td>\n<td>Plataforma de granito de precisi\u00f3n<\/td>\n<td>Paquete<\/td>\n<td>Caja de madera<\/td>\n<\/tr>\n<tr>\n<td>MOQ<\/td>\n<td>1 unidad<\/td>\n<td>Talla<\/td>\n<td>\u00a0Personalizado<\/td>\n<\/tr>\n<tr>\n<td>Aplicaci\u00f3n<\/td>\n<td>Autom\u00e1tica industrial<\/td>\n<td>Env\u00edo<\/td>\n<td>Mar<\/td>\n<\/tr>\n<tr>\n<td>Puntos clave de venta<\/td>\n<td>Bajo coste de mantenimiento<\/td>\n<td><\/td>\n<td><\/td>\n<\/tr>\n<\/tbody>\n<\/table>\n<p>&nbsp;<\/p>\n<p>&nbsp;<\/p>","protected":false},"excerpt":{"rendered":"<p>Granite precision instrument platform, made of high-quality &#8220;Jinan Qing&#8221; stone material through mechanical processing and manual grinding. High precision no deformation, good stability, long service life, suitable for measurement work in mechanical factories and laboratories. &#8220;Jinan Qing&#8221; granite mainly consists of hornblende,ioclase, biotite, and a small amount of magnetite, with a black color, precise structure,&#8230;<\/p>","protected":false},"featured_media":1589,"template":"","meta":{"_seopress_robots_primary_cat":"","_seopress_titles_title":"","_seopress_titles_desc":"","_seopress_robots_index":"","_kad_blocks_custom_css":"","_kad_blocks_head_custom_js":"","_kad_blocks_body_custom_js":"","_kad_blocks_footer_custom_js":"","_kadence_starter_templates_imported_post":false,"_kad_post_transparent":"default","_kad_post_title":"","_kad_post_layout":"default","_kad_post_sidebar_id":"","_kad_post_content_style":"default","_kad_post_vertical_padding":"default","_kad_post_feature":"","_kad_post_feature_position":"","_kad_post_header":false,"_kad_post_footer":false,"_kad_post_classname":""},"product_brand":[],"product_cat":[38],"product_tag":[],"class_list":{"0":"post-1688","1":"product","2":"type-product","3":"status-publish","4":"has-post-thumbnail","6":"product_cat-platform","8":"first","9":"instock","10":"shipping-taxable","11":"product-type-simple","12":"entry","13":"content-bg","14":"loop-entry"},"taxonomy_info":{"product_cat":[{"value":38,"label":"Granite detection platform"}]},"featured_image_src_large":["https:\/\/jtlcnc.com\/wp-content\/uploads\/2026\/01\/\u5927\u7406\u77f3\u5e73\u53f02-1-768x1024.jpg",768,1024,true],"author_info":[],"comment_info":"","_links":{"self":[{"href":"https:\/\/jtlcnc.com\/es\/wp-json\/wp\/v2\/product\/1688","targetHints":{"allow":["GET"]}}],"collection":[{"href":"https:\/\/jtlcnc.com\/es\/wp-json\/wp\/v2\/product"}],"about":[{"href":"https:\/\/jtlcnc.com\/es\/wp-json\/wp\/v2\/types\/product"}],"wp:featuredmedia":[{"embeddable":true,"href":"https:\/\/jtlcnc.com\/es\/wp-json\/wp\/v2\/media\/1589"}],"wp:attachment":[{"href":"https:\/\/jtlcnc.com\/es\/wp-json\/wp\/v2\/media?parent=1688"}],"wp:term":[{"taxonomy":"product_brand","embeddable":true,"href":"https:\/\/jtlcnc.com\/es\/wp-json\/wp\/v2\/product_brand?post=1688"},{"taxonomy":"product_cat","embeddable":true,"href":"https:\/\/jtlcnc.com\/es\/wp-json\/wp\/v2\/product_cat?post=1688"},{"taxonomy":"product_tag","embeddable":true,"href":"https:\/\/jtlcnc.com\/es\/wp-json\/wp\/v2\/product_tag?post=1688"}],"curies":[{"name":"wp","href":"https:\/\/api.w.org\/{rel}","templated":true}]}}