{"id":1605,"date":"2026-01-21T09:28:04","date_gmt":"2026-01-21T01:28:04","guid":{"rendered":"https:\/\/jtlcnc.com\/?post_type=product&#038;p=1605"},"modified":"2026-01-21T09:28:04","modified_gmt":"2026-01-21T01:28:04","slug":"high-precision-marble-mechanical-components-machine-bed-base-guide-beam-threaded-gantry-drilling-processing-customization","status":"publish","type":"product","link":"https:\/\/jtlcnc.com\/es\/producto\/high-precision-marble-mechanical-components-machine-bed-base-guide-beam-threaded-gantry-drilling-processing-customization\/","title":{"rendered":"Alta precisi\u00f3n de m\u00e1rmol componentes mec\u00e1nicos m\u00e1quina cama base gu\u00eda viga roscada p\u00f3rtico de perforaci\u00f3n de procesamiento de personalizaci\u00f3n"},"content":{"rendered":"<p>Precision granite mechanical components, made of high-quality &#8220;Jinan Blue&#8221; stone, are processed by machinery and finely ground by hand. have high precision, no deformation, good stability and long service life.<br \/>\nWe can process various components for the user, such as granite base columns, beams, and guides for threecoordinate measuring machines. We can also process various granite bases, gantries, and slides for printed circuit board drilling, milling, and engraving machines.<br \/>\nWe can process irregular products for the user.<br \/>\nThe perfect combination of granite with metal and electronics.<\/p>\n<p>Ventajas:<br \/>\n1. High precision, good stability, and not easy to deform which can guarantee the measurement accuracy at room temperature.<br \/>\n2. Will not rust, resistant to acid and alkali, no need for special maintenance.<br \/>\n3. Good wear resistance long service life.<br \/>\n4. Los ara\u00f1azos y golpes en la superficie de trabajo no afectan a la precisi\u00f3n de la medici\u00f3n.<br \/>\n5. No hay problemas de magnetizaci\u00f3n.<br \/>\n6. It slide smoothly without any drag feeling during measurement.<\/p>","protected":false},"excerpt":{"rendered":"<p>Precision granite mechanical components, made of high-quality &#8220;Jinan Blue&#8221; stone, are processed by machinery and finely ground by hand. have high precision, no deformation, good stability and long service life. We can process various components for the user, such as granite base columns, beams, and guides for threecoordinate measuring machines. We can also process various&#8230;<\/p>","protected":false},"featured_media":1606,"template":"","meta":{"_seopress_robots_primary_cat":"","_seopress_titles_title":"","_seopress_titles_desc":"","_seopress_robots_index":"","_kad_blocks_custom_css":"","_kad_blocks_head_custom_js":"","_kad_blocks_body_custom_js":"","_kad_blocks_footer_custom_js":"","_kadence_starter_templates_imported_post":false,"_kad_post_transparent":"default","_kad_post_title":"","_kad_post_layout":"default","_kad_post_sidebar_id":"","_kad_post_content_style":"default","_kad_post_vertical_padding":"default","_kad_post_feature":"","_kad_post_feature_position":"","_kad_post_header":false,"_kad_post_footer":false,"_kad_post_classname":""},"product_brand":[],"product_cat":[39],"product_tag":[],"class_list":{"0":"post-1605","1":"product","2":"type-product","3":"status-publish","4":"has-post-thumbnail","6":"product_cat-components","8":"first","9":"instock","10":"shipping-taxable","11":"product-type-simple","12":"entry","13":"content-bg","14":"loop-entry"},"taxonomy_info":{"product_cat":[{"value":39,"label":"Granite mechanical components"}]},"featured_image_src_large":["https:\/\/jtlcnc.com\/wp-content\/uploads\/2026\/01\/\u5e73\u53f0\u5e94\u75285-1024x777.jpg",1024,777,true],"author_info":[],"comment_info":"","_links":{"self":[{"href":"https:\/\/jtlcnc.com\/es\/wp-json\/wp\/v2\/product\/1605","targetHints":{"allow":["GET"]}}],"collection":[{"href":"https:\/\/jtlcnc.com\/es\/wp-json\/wp\/v2\/product"}],"about":[{"href":"https:\/\/jtlcnc.com\/es\/wp-json\/wp\/v2\/types\/product"}],"wp:featuredmedia":[{"embeddable":true,"href":"https:\/\/jtlcnc.com\/es\/wp-json\/wp\/v2\/media\/1606"}],"wp:attachment":[{"href":"https:\/\/jtlcnc.com\/es\/wp-json\/wp\/v2\/media?parent=1605"}],"wp:term":[{"taxonomy":"product_brand","embeddable":true,"href":"https:\/\/jtlcnc.com\/es\/wp-json\/wp\/v2\/product_brand?post=1605"},{"taxonomy":"product_cat","embeddable":true,"href":"https:\/\/jtlcnc.com\/es\/wp-json\/wp\/v2\/product_cat?post=1605"},{"taxonomy":"product_tag","embeddable":true,"href":"https:\/\/jtlcnc.com\/es\/wp-json\/wp\/v2\/product_tag?post=1605"}],"curies":[{"name":"wp","href":"https:\/\/api.w.org\/{rel}","templated":true}]}}