{"id":1588,"date":"2026-01-19T10:18:41","date_gmt":"2026-01-19T02:18:41","guid":{"rendered":"https:\/\/jtlcnc.com\/?post_type=product&#038;p=1588"},"modified":"2026-01-19T10:18:41","modified_gmt":"2026-01-19T02:18:41","slug":"granite-mechanical-inspection-bench","status":"publish","type":"product","link":"https:\/\/jtlcnc.com\/es\/producto\/granite-mechanical-inspection-bench\/","title":{"rendered":"Banco de inspecci\u00f3n mec\u00e1nica de granito"},"content":{"rendered":"<p>Ventajas principales<\/p>\n<p>- Precisi\u00f3n constante, inalterable<br \/>\n- Razones fundamentales: La piedra ha sufrido un envejecimiento natural a lo largo de millones de a\u00f1os, eliminando por completo las tensiones internas y presentando una estructura tisular uniforme.<br \/>\n- Ventajas: Coeficiente de dilataci\u00f3n lineal extremadamente peque\u00f1o (alrededor de 4,61\u00d710-\u2076\/), menos afectado por la temperatura, y puede mantener una planitud ultra alta durante mucho tiempo, con grados de precisi\u00f3n que van de 000 a 1.<br \/>\n- D, resistente a las interferencias ambientales<br \/>\n- Razones fundamentales: El material en s\u00ed tiene una gran dureza (dureza Shore HS\u226570\/grado Mohs 6-7) y una estructura densa.<br \/>\n- Ventajas: Fuerte resistencia al desgaste; sin \u00f3xido, resistente a la corrosi\u00f3n \u00e1cida y alcalina; no magn\u00e9tico, no conductor; s\u00f3lo impacto de pelado local, sin afectar a la planitud general.<br \/>\n- Mantenimiento sencillo, bajo coste de funcionamiento<br \/>\n- Razones fundamentales: La superficie no se adhiere f\u00e1cilmente al polvo y es estable.<br \/>\n- Ventajas: S\u00f3lo es necesario pasar un pa\u00f1o y limpiarlo a diario, sin necesidad de un mantenimiento especial como aplicar aceite antioxidante.<\/p>\n<p>Puntos de uso y mantenimiento:<br \/>\nLas tarimas de granito son muy duraderas, pero a\u00fan as\u00ed hay que tener cuidado cuando se utilizan: evitar cualquier forma de impacto y; aunque no se oxidan por el uso prolongado en un ambiente h\u00famedo, pueden producir ligeras deformaciones, se recomienda secarlas con un pa\u00f1o despu\u00e9s de su uso; para limpiarlas, se puede utilizar un pa\u00f1o y agua limpia o un limpiador neutro, y est\u00e1 terminantemente prohibido utilizar \u00e1cidos fuertes y \u00e1lcalis fuertes.<\/p>","protected":false},"excerpt":{"rendered":"<p>Core Advantages Overview \u00b7 Consistent precision, enduring unchanged \u00b7 Key reasons: The stone has undergone natural aging over millions of years completely eliminating internal stress and having a uniform tissue structure. \u00b7 Benefits: Extremely small coefficient of linear expansion (about 4.61\u00d710\u207b\u2076\/), less affected by temperature, and can maintain ultra-high flatness for a long time, with&#8230;<\/p>","protected":false},"featured_media":1562,"template":"","meta":{"_seopress_robots_primary_cat":"","_seopress_titles_title":"","_seopress_titles_desc":"","_seopress_robots_index":"","_kad_blocks_custom_css":"","_kad_blocks_head_custom_js":"","_kad_blocks_body_custom_js":"","_kad_blocks_footer_custom_js":"","_kadence_starter_templates_imported_post":false,"_kad_post_transparent":"default","_kad_post_title":"","_kad_post_layout":"default","_kad_post_sidebar_id":"","_kad_post_content_style":"default","_kad_post_vertical_padding":"default","_kad_post_feature":"","_kad_post_feature_position":"","_kad_post_header":false,"_kad_post_footer":false,"_kad_post_classname":""},"product_brand":[],"product_cat":[38],"product_tag":[],"class_list":{"0":"post-1588","1":"product","2":"type-product","3":"status-publish","4":"has-post-thumbnail","6":"product_cat-platform","8":"first","9":"instock","10":"shipping-taxable","11":"product-type-simple","12":"entry","13":"content-bg","14":"loop-entry"},"taxonomy_info":{"product_cat":[{"value":38,"label":"Granite detection platform"}]},"featured_image_src_large":["https:\/\/jtlcnc.com\/wp-content\/uploads\/2026\/01\/\u5fae\u4fe1\u56fe\u7247_20260108100954_22_25.jpg",520,519,false],"author_info":[],"comment_info":"","_links":{"self":[{"href":"https:\/\/jtlcnc.com\/es\/wp-json\/wp\/v2\/product\/1588","targetHints":{"allow":["GET"]}}],"collection":[{"href":"https:\/\/jtlcnc.com\/es\/wp-json\/wp\/v2\/product"}],"about":[{"href":"https:\/\/jtlcnc.com\/es\/wp-json\/wp\/v2\/types\/product"}],"wp:featuredmedia":[{"embeddable":true,"href":"https:\/\/jtlcnc.com\/es\/wp-json\/wp\/v2\/media\/1562"}],"wp:attachment":[{"href":"https:\/\/jtlcnc.com\/es\/wp-json\/wp\/v2\/media?parent=1588"}],"wp:term":[{"taxonomy":"product_brand","embeddable":true,"href":"https:\/\/jtlcnc.com\/es\/wp-json\/wp\/v2\/product_brand?post=1588"},{"taxonomy":"product_cat","embeddable":true,"href":"https:\/\/jtlcnc.com\/es\/wp-json\/wp\/v2\/product_cat?post=1588"},{"taxonomy":"product_tag","embeddable":true,"href":"https:\/\/jtlcnc.com\/es\/wp-json\/wp\/v2\/product_tag?post=1588"}],"curies":[{"name":"wp","href":"https:\/\/api.w.org\/{rel}","templated":true}]}}