{"id":1551,"date":"2026-01-13T11:23:30","date_gmt":"2026-01-13T03:23:30","guid":{"rendered":"https:\/\/jtlcnc.com\/?post_type=product&#038;p=1551"},"modified":"2026-01-13T11:23:30","modified_gmt":"2026-01-13T03:23:30","slug":"granite-high-precision-platform","status":"publish","type":"product","link":"https:\/\/jtlcnc.com\/es\/producto\/granite-high-precision-platform\/","title":{"rendered":"Plataforma de granito de alta precisi\u00f3n"},"content":{"rendered":"<p><strong><b>Placas y bases de granito de precisi\u00f3n Cat\u00e1logo de especificaciones de producto<\/b><\/strong><\/p>\n<ol>\n<li><b><\/b><strong><b>Introducci\u00f3n y caracter\u00edsticas<\/b><\/strong><\/li>\n<\/ol>\n<p>Shandong JinteLai Precision Machinery Co., Ltd se especializa en la fabricaci\u00f3n de placas de superficie de granito de alta precisi\u00f3n, bases y componentes de m\u00e1quinas de granito natural seleccionado. Nuestros productos son la referencia en estabilidad, precisi\u00f3n y longevidad en medici\u00f3n de precisi\u00f3n, control de calidad y fabricaci\u00f3n avanzada.<\/p>\n<p>La empresa cuenta con condiciones de procesamiento e inspecci\u00f3n a temperatura constante, y est\u00e1 equipada con avanzados instrumentos electr\u00f3nicos de inspecci\u00f3n de precisi\u00f3n, y el proceso de inspecci\u00f3n de la producci\u00f3n y el embalaje de los productos cumplen las normas internacionales de exportaci\u00f3n La empresa siempre se ha adherido al principio de integridad y calidad ante todo, y se ha comprometido a satisfacer las necesidades de los clientes con tecnolog\u00eda avanzada y gesti\u00f3n cient\u00edfica, proporcionando a los clientes una garant\u00eda de calidad fiable,-orientada, con calidad de primera clase, precio razonable y el ciclo m\u00e1s corto, para proporcionar productos de alta calidad y servicios integrales para los clientes.<\/p>\n<p><strong><b>Ventajas fundamentales:<\/b><\/strong><\/p>\n<ul>\n<li>Ultraestable: Expansi\u00f3n t\u00e9rmica insignificante, sin tensiones, mantiene la planitud durante d\u00e9cadas.<\/li>\n<li>Precisi\u00f3n superior: Puede calibrarse para cumplir o superar las normas internacionales de Grado 00.<\/li>\n<li>Extremadamente duradero: Alta dureza (Mohs \u22656,5), resistente al desgaste, a la corrosi\u00f3n y no magn\u00e9tico.<\/li>\n<li>Bajo mantenimiento: Sin \u00f3xido, sin necesidad de revestimiento protector. F\u00e1cil de limpiar.<\/li>\n<li>Rentable: Una inversi\u00f3n \u201c\u00fanica en la vida\u201d gracias a su incomparable durabilidad.<\/li>\n<\/ul>\n<ol start=\"2\">\n<li><strong><b> L\u00ednea de productos est\u00e1ndar y especificaciones<\/b><\/strong><\/li>\n<\/ol>\n<p><strong><b>2.1 Placas de superficie de granito<\/b><\/strong>\u00a0\u3010Tama\u00f1os est\u00e1ndar (Unidad: mm)\u3011<\/p>\n<p><strong><b>Especificaciones, peso y precisi\u00f3n de la placa plana de m\u00e1rmol<\/b><\/strong><\/p>\n<table>\n<tbody>\n<tr>\n<td width=\"157\"><strong><b>Especificaciones Longitud\u00d7Ancho\u00d7Altura<\/b><\/strong><\/td>\n<td width=\"82\"><strong><b>Peso en kg<\/b><\/strong><\/td>\n<td width=\"130\"><strong><b>000<\/b><\/strong><strong><b>\u00a0<\/b><\/strong><strong><b>precisi\u00f3n de grado \u03bcm<\/b><\/strong><\/td>\n<td width=\"126\"><strong><b>00 precisi\u00f3n de grado \u03bcm<\/b><\/strong><\/td>\n<td width=\"114\"><strong><b>0<\/b><\/strong><strong><b>\u00a0<\/b><\/strong><strong><b>precisi\u00f3n de grado \u03bcm<\/b><\/strong><\/td>\n<td width=\"103\"><strong><b>1<\/b><\/strong><strong><b>\u00a0<\/b><\/strong><strong><b>grado<\/b><\/strong><strong><b>\u00a0<\/b><\/strong><strong><b>precisi\u00f3n \u03bcm<\/b><\/strong><\/td>\n<\/tr>\n<tr>\n<td width=\"157\"><strong><b>300\u00d7300\u00d750<\/b><\/strong><\/td>\n<td width=\"82\"><strong><b>19<\/b><\/strong><\/td>\n<td width=\"130\"><strong><b>1.5<\/b><\/strong><\/td>\n<td width=\"126\"><strong><b>3<\/b><\/strong><\/td>\n<td width=\"114\"><strong><b>6<\/b><\/strong><\/td>\n<td width=\"103\"><strong><b>12<\/b><\/strong><\/td>\n<\/tr>\n<tr>\n<td width=\"157\"><strong><b>400\u00d7300\u00d770<\/b><\/strong><\/td>\n<td width=\"82\"><strong><b>25<\/b><\/strong><\/td>\n<td width=\"130\"><strong><b>1.5<\/b><\/strong><\/td>\n<td width=\"126\"><strong><b>3<\/b><\/strong><\/td>\n<td width=\"114\"><strong><b>6<\/b><\/strong><\/td>\n<td width=\"103\"><strong><b>12<\/b><\/strong><\/td>\n<\/tr>\n<tr>\n<td width=\"157\"><strong><b>400\u00d7400\u00d770<\/b><\/strong><\/td>\n<td width=\"82\"><strong><b>48<\/b><\/strong><\/td>\n<td width=\"130\"><strong><b>2<\/b><\/strong><\/td>\n<td width=\"126\"><strong><b>3.5<\/b><\/strong><\/td>\n<td width=\"114\"><strong><b>6.5<\/b><\/strong><\/td>\n<td width=\"103\"><strong><b>13<\/b><\/strong><\/td>\n<\/tr>\n<tr>\n<td width=\"157\"><strong><b>630\u00d7400\u00d7100<\/b><\/strong><\/td>\n<td width=\"82\"><strong><b>76<\/b><\/strong><\/td>\n<td width=\"130\"><strong><b>2<\/b><\/strong><\/td>\n<td width=\"126\"><strong><b>3.5<\/b><\/strong><\/td>\n<td width=\"114\"><strong><b>7<\/b><\/strong><\/td>\n<td width=\"103\"><strong><b>14<\/b><\/strong><\/td>\n<\/tr>\n<tr>\n<td width=\"157\"><strong><b>630\u00d7630\u00d7100<\/b><\/strong><\/td>\n<td width=\"82\"><strong><b>155<\/b><\/strong><\/td>\n<td width=\"130\"><strong><b>2<\/b><\/strong><\/td>\n<td width=\"126\"><strong><b>4<\/b><\/strong><\/td>\n<td width=\"114\"><strong><b>8<\/b><\/strong><\/td>\n<td width=\"103\"><strong><b>16<\/b><\/strong><\/td>\n<\/tr>\n<tr>\n<td width=\"157\"><strong><b>800\u00d7600\u00d7100<\/b><\/strong><\/td>\n<td width=\"82\"><strong><b>156<\/b><\/strong><\/td>\n<td width=\"130\"><strong><b>2<\/b><\/strong><\/td>\n<td width=\"126\"><strong><b>4<\/b><\/strong><\/td>\n<td width=\"114\"><strong><b>8<\/b><\/strong><\/td>\n<td width=\"103\"><strong><b>16<\/b><\/strong><\/td>\n<\/tr>\n<tr>\n<td width=\"157\"><strong><b>1000\u00d7630\u00d7130<\/b><\/strong><\/td>\n<td width=\"82\"><strong><b>284<\/b><\/strong><\/td>\n<td width=\"130\"><strong><b>2.5<\/b><\/strong><\/td>\n<td width=\"126\"><strong><b>4.5<\/b><\/strong><\/td>\n<td width=\"114\"><strong><b>9<\/b><\/strong><\/td>\n<td width=\"103\"><strong><b>18<\/b><\/strong><\/td>\n<\/tr>\n<tr>\n<td width=\"157\"><strong><b>1000\u00d7750\u00d7150<\/b><\/strong><\/td>\n<td width=\"82\"><strong><b>338<\/b><\/strong><\/td>\n<td width=\"130\"><strong><b>2.5<\/b><\/strong><\/td>\n<td width=\"126\"><strong><b>5<\/b><\/strong><\/td>\n<td width=\"114\"><strong><b>9<\/b><\/strong><\/td>\n<td width=\"103\"><strong><b>18<\/b><\/strong><\/td>\n<\/tr>\n<tr>\n<td width=\"157\"><strong><b>1000\u00d71000\u00d7150<\/b><\/strong><\/td>\n<td width=\"82\"><strong><b>450<\/b><\/strong><\/td>\n<td width=\"130\"><strong><b>2.5<\/b><\/strong><\/td>\n<td width=\"126\"><strong><b>5<\/b><\/strong><\/td>\n<td width=\"114\"><strong><b>10<\/b><\/strong><\/td>\n<td width=\"103\"><strong><b>20<\/b><\/strong><\/td>\n<\/tr>\n<tr>\n<td width=\"157\"><strong><b>1600\u00d7100\u00d70200<\/b><\/strong><\/td>\n<td width=\"82\"><strong><b>963<\/b><\/strong><\/td>\n<td width=\"130\"><strong><b>3<\/b><\/strong><\/td>\n<td width=\"126\"><strong><b>6<\/b><\/strong><\/td>\n<td width=\"114\"><strong><b>12<\/b><\/strong><\/td>\n<td width=\"103\"><strong><b>24<\/b><\/strong><\/td>\n<\/tr>\n<tr>\n<td width=\"157\"><strong><b>2000\u00d71000\u00d7200<\/b><\/strong><\/td>\n<td width=\"82\"><strong><b>1200<\/b><\/strong><\/td>\n<td width=\"130\"><strong><b>3.5<\/b><\/strong><\/td>\n<td width=\"126\"><strong><b>6.5<\/b><\/strong><\/td>\n<td width=\"114\"><strong><b>13<\/b><\/strong><\/td>\n<td width=\"103\"><strong><b>26<\/b><\/strong><\/td>\n<\/tr>\n<tr>\n<td width=\"157\"><strong><b>1600\u00d71600\u00d7300<\/b><\/strong><\/td>\n<td width=\"82\"><strong><b>2312<\/b><\/strong><\/td>\n<td width=\"130\"><strong><b>3.5<\/b><\/strong><\/td>\n<td width=\"126\"><strong><b>6.5<\/b><\/strong><\/td>\n<td width=\"114\"><strong><b>13<\/b><\/strong><\/td>\n<td width=\"103\"><strong><b>26<\/b><\/strong><\/td>\n<\/tr>\n<tr>\n<td width=\"157\"><strong><b>2000\u00d71600\u00d7300<\/b><\/strong><\/td>\n<td width=\"82\"><strong><b>2890<\/b><\/strong><\/td>\n<td width=\"130\"><strong><b>3.5<\/b><\/strong><\/td>\n<td width=\"126\"><strong><b>7<\/b><\/strong><\/td>\n<td width=\"114\"><strong><b>14<\/b><\/strong><\/td>\n<td width=\"103\"><strong><b>28<\/b><\/strong><\/td>\n<\/tr>\n<tr>\n<td width=\"157\"><strong><b>2500\u00d71600\u00d7300<\/b><\/strong><\/td>\n<td width=\"82\"><strong><b>3612<\/b><\/strong><\/td>\n<td width=\"130\"><strong><b>4<\/b><\/strong><\/td>\n<td width=\"126\"><strong><b>8<\/b><\/strong><\/td>\n<td width=\"114\"><strong><b>16<\/b><\/strong><\/td>\n<td width=\"103\"><strong><b>32<\/b><\/strong><\/td>\n<\/tr>\n<tr>\n<td width=\"157\"><strong><b>3000\u00d72000\u00d7500<\/b><\/strong><\/td>\n<td width=\"82\"><strong><b>9030<\/b><\/strong><\/td>\n<td width=\"130\"><strong><b>4.5<\/b><\/strong><\/td>\n<td width=\"126\"><strong><b>9<\/b><\/strong><\/td>\n<td width=\"114\"><strong><b>18<\/b><\/strong><\/td>\n<td width=\"103\"><strong><b>36<\/b><\/strong><\/td>\n<\/tr>\n<tr>\n<td width=\"157\"><strong><b>4000\u00d72000\u00d7500<\/b><\/strong><\/td>\n<td width=\"82\"><strong><b>12040<\/b><\/strong><\/td>\n<td width=\"130\"><strong><b>5.5<\/b><\/strong><\/td>\n<td width=\"126\"><strong><b>11<\/b><\/strong><\/td>\n<td width=\"114\"><strong><b>22<\/b><\/strong><\/td>\n<td width=\"103\"><strong><b>44<\/b><\/strong><\/td>\n<\/tr>\n<tr>\n<td width=\"157\"><strong><b>6000\u00d72000\u00d7700<\/b><\/strong><\/td>\n<td width=\"82\"><strong><b>25284<\/b><\/strong><\/td>\n<td width=\"130\"><strong><b>7.5<\/b><\/strong><\/td>\n<td width=\"126\"><strong><b>15<\/b><\/strong><\/td>\n<td width=\"114\"><strong><b>30<\/b><\/strong><\/td>\n<td width=\"103\"><strong><b>60<\/b><\/strong><\/td>\n<\/tr>\n<\/tbody>\n<\/table>\n<p><strong><b>Nota: Se pueden fabricar a medida otros tama\u00f1os y grosores especiales.<\/b><\/strong><\/p>","protected":false},"excerpt":{"rendered":"<p>Los componentes mec\u00e1nicos de granito de precisi\u00f3n, fabricados con piedra \u201cJinan Blue\u201d de alta calidad, se mecanizan y afinan a mano. Alta precisi\u00f3n sin deformaci\u00f3n, buena estabilidad y larga vida \u00fatil.<br \/>\nPodemos procesar diversas columnas base de granito, vigas y ra\u00edles gu\u00eda para m\u00e1quinas de medici\u00f3n de tres coordenadas para usuarios. Podemos procesar diversas bases, p\u00f3rticos y placas de deslizamiento de granito para m\u00e1quinas de taladrado, fresado y grabado de placas de circuitos impresos.<br \/>\nPodemos procesar otros productos irregulares para los usuarios.La combinaci\u00f3n perfecta de granito con metal y electr\u00f3nica.<\/p>","protected":false},"featured_media":1255,"template":"","meta":{"_seopress_robots_primary_cat":"","_seopress_titles_title":"","_seopress_titles_desc":"","_seopress_robots_index":"","_kad_blocks_custom_css":"","_kad_blocks_head_custom_js":"","_kad_blocks_body_custom_js":"","_kad_blocks_footer_custom_js":"","_kadence_starter_templates_imported_post":false,"_kad_post_transparent":"default","_kad_post_title":"","_kad_post_layout":"default","_kad_post_sidebar_id":"","_kad_post_content_style":"default","_kad_post_vertical_padding":"default","_kad_post_feature":"","_kad_post_feature_position":"","_kad_post_header":false,"_kad_post_footer":false,"_kad_post_classname":""},"product_brand":[],"product_cat":[39],"product_tag":[],"class_list":{"0":"post-1551","1":"product","2":"type-product","3":"status-publish","4":"has-post-thumbnail","6":"product_cat-components","8":"first","9":"instock","10":"shipping-taxable","11":"product-type-simple","12":"entry","13":"content-bg","14":"loop-entry"},"taxonomy_info":{"product_cat":[{"value":39,"label":"Granite mechanical components"}]},"featured_image_src_large":["https:\/\/jtlcnc.com\/wp-content\/uploads\/2026\/01\/\u82b1\u5c97\u5ca9\u6784\u4ef67.jpg",1000,750,false],"author_info":[],"comment_info":"","_links":{"self":[{"href":"https:\/\/jtlcnc.com\/es\/wp-json\/wp\/v2\/product\/1551","targetHints":{"allow":["GET"]}}],"collection":[{"href":"https:\/\/jtlcnc.com\/es\/wp-json\/wp\/v2\/product"}],"about":[{"href":"https:\/\/jtlcnc.com\/es\/wp-json\/wp\/v2\/types\/product"}],"wp:featuredmedia":[{"embeddable":true,"href":"https:\/\/jtlcnc.com\/es\/wp-json\/wp\/v2\/media\/1255"}],"wp:attachment":[{"href":"https:\/\/jtlcnc.com\/es\/wp-json\/wp\/v2\/media?parent=1551"}],"wp:term":[{"taxonomy":"product_brand","embeddable":true,"href":"https:\/\/jtlcnc.com\/es\/wp-json\/wp\/v2\/product_brand?post=1551"},{"taxonomy":"product_cat","embeddable":true,"href":"https:\/\/jtlcnc.com\/es\/wp-json\/wp\/v2\/product_cat?post=1551"},{"taxonomy":"product_tag","embeddable":true,"href":"https:\/\/jtlcnc.com\/es\/wp-json\/wp\/v2\/product_tag?post=1551"}],"curies":[{"name":"wp","href":"https:\/\/api.w.org\/{rel}","templated":true}]}}