{"id":1281,"date":"2026-01-02T21:38:54","date_gmt":"2026-01-02T13:38:54","guid":{"rendered":"https:\/\/jtlcnc.com\/?post_type=product&#038;p=1281"},"modified":"2026-01-08T09:00:28","modified_gmt":"2026-01-08T01:00:28","slug":"granite-square-ruler","status":"publish","type":"product","link":"https:\/\/jtlcnc.com\/es\/producto\/granite-square-ruler\/","title":{"rendered":"Regla cuadrada de granito"},"content":{"rendered":"<p>Used for measuring parts, various spindle levels, and angles of various mother machines<br \/>\nLas herramientas de medici\u00f3n de precisi\u00f3n de granito se fabrican con piedra \u201cverde de Jinan\u201d de alta calidad mediante procesamiento mec\u00e1nico y rectificado manual de precisi\u00f3n. Alta precisi\u00f3n, sin deformaci\u00f3n, buena estabilidad y larga vida \u00fatil.<\/p>\n<p><img alt=\"\" decoding=\"async\" class=\"alignnone size-full wp-image-1287\" src=\"https:\/\/jtlcnc.com\/wp-content\/uploads\/2026\/01\/\u76f4\u89d2\u5c3a4-11.webp\" width=\"220\" height=\"220\" srcset=\"https:\/\/jtlcnc.com\/wp-content\/uploads\/2026\/01\/\u76f4\u89d2\u5c3a4-11.webp 220w, https:\/\/jtlcnc.com\/wp-content\/uploads\/2026\/01\/\u76f4\u89d2\u5c3a4-11-150x150.webp 150w, https:\/\/jtlcnc.com\/wp-content\/uploads\/2026\/01\/\u76f4\u89d2\u5c3a4-11-12x12.webp 12w, https:\/\/jtlcnc.com\/wp-content\/uploads\/2026\/01\/\u76f4\u89d2\u5c3a4-11-100x100.webp 100w\" sizes=\"(max-width: 220px) 100vw, 220px\" \/><\/p>\n<p><img alt=\"\" fetchpriority=\"high\" decoding=\"async\" class=\"alignnone size-full wp-image-1288\" src=\"https:\/\/jtlcnc.com\/wp-content\/uploads\/2026\/01\/\u76f4\u89d2\u5c3a5.jpg\" width=\"715\" height=\"376\" srcset=\"https:\/\/jtlcnc.com\/wp-content\/uploads\/2026\/01\/\u76f4\u89d2\u5c3a5.jpg 715w, https:\/\/jtlcnc.com\/wp-content\/uploads\/2026\/01\/\u76f4\u89d2\u5c3a5-300x158.jpg 300w, https:\/\/jtlcnc.com\/wp-content\/uploads\/2026\/01\/\u76f4\u89d2\u5c3a5-18x9.jpg 18w\" sizes=\"(max-width: 715px) 100vw, 715px\" \/><\/p>","protected":false},"excerpt":{"rendered":"<p>Used for measuring parts, various spindle levels, and angles of various mother machines Granite precision measuring tools are made from high-quality &#8220;Jinan green&#8221; stone through mechanical processing and manual precision grinding. High precision, no deformation, good stability, and long lifespan.<\/p>","protected":false},"featured_media":1449,"template":"","meta":{"_seopress_robots_primary_cat":"","_seopress_titles_title":"","_seopress_titles_desc":"","_seopress_robots_index":"","_kad_blocks_custom_css":"","_kad_blocks_head_custom_js":"","_kad_blocks_body_custom_js":"","_kad_blocks_footer_custom_js":"","_kadence_starter_templates_imported_post":false,"_kad_post_transparent":"default","_kad_post_title":"","_kad_post_layout":"default","_kad_post_sidebar_id":"","_kad_post_content_style":"default","_kad_post_vertical_padding":"default","_kad_post_feature":"","_kad_post_feature_position":"","_kad_post_header":false,"_kad_post_footer":false,"_kad_post_classname":""},"product_brand":[],"product_cat":[40],"product_tag":[],"class_list":{"0":"post-1281","1":"product","2":"type-product","3":"status-publish","4":"has-post-thumbnail","6":"product_cat-tool","8":"first","9":"instock","10":"shipping-taxable","11":"product-type-simple","12":"entry","13":"content-bg","14":"loop-entry"},"taxonomy_info":{"product_cat":[{"value":40,"label":"Granite precision measuring tool"}]},"featured_image_src_large":["https:\/\/jtlcnc.com\/wp-content\/uploads\/2026\/01\/zhijiaochi-1024x768.jpg",1024,768,true],"author_info":[],"comment_info":"","_links":{"self":[{"href":"https:\/\/jtlcnc.com\/es\/wp-json\/wp\/v2\/product\/1281","targetHints":{"allow":["GET"]}}],"collection":[{"href":"https:\/\/jtlcnc.com\/es\/wp-json\/wp\/v2\/product"}],"about":[{"href":"https:\/\/jtlcnc.com\/es\/wp-json\/wp\/v2\/types\/product"}],"wp:featuredmedia":[{"embeddable":true,"href":"https:\/\/jtlcnc.com\/es\/wp-json\/wp\/v2\/media\/1449"}],"wp:attachment":[{"href":"https:\/\/jtlcnc.com\/es\/wp-json\/wp\/v2\/media?parent=1281"}],"wp:term":[{"taxonomy":"product_brand","embeddable":true,"href":"https:\/\/jtlcnc.com\/es\/wp-json\/wp\/v2\/product_brand?post=1281"},{"taxonomy":"product_cat","embeddable":true,"href":"https:\/\/jtlcnc.com\/es\/wp-json\/wp\/v2\/product_cat?post=1281"},{"taxonomy":"product_tag","embeddable":true,"href":"https:\/\/jtlcnc.com\/es\/wp-json\/wp\/v2\/product_tag?post=1281"}],"curies":[{"name":"wp","href":"https:\/\/api.w.org\/{rel}","templated":true}]}}