{"id":1276,"date":"2026-01-02T21:34:59","date_gmt":"2026-01-02T13:34:59","guid":{"rendered":"https:\/\/jtlcnc.com\/?post_type=product&#038;p=1276"},"modified":"2026-01-08T08:54:44","modified_gmt":"2026-01-08T00:54:44","slug":"granite-parallel-gauge","status":"publish","type":"product","link":"https:\/\/jtlcnc.com\/es\/producto\/granite-parallel-gauge\/","title":{"rendered":"Medidor paralelo de granito"},"content":{"rendered":"<p>Puede sustituir al bloque de igual altura y utilizarse para medir el paralelismo de piezas. Suministro emparejado.<br \/>\nLas herramientas de medici\u00f3n de precisi\u00f3n de granito se fabrican con piedra \u201cverde de Jinan\u201d de alta calidad mediante procesamiento mec\u00e1nico y rectificado manual de precisi\u00f3n. Alta precisi\u00f3n, sin deformaci\u00f3n, buena estabilidad y larga vida \u00fatil.<\/p>\n<table>\n<tbody>\n<tr>\n<td rowspan=\"3\" width=\"129\">\u89c4\u683c<br \/>\nDimensi\u00f3n<\/td>\n<td colspan=\"2\" width=\"150\">\u5de5\u4f5c\u9762\u5e73\u9762\u5ea6\u76f8\u5bf9\u5e73\u884c\u5ea6Planeness o paralelismo de la superficie de trabajo<\/td>\n<td colspan=\"2\" width=\"136\">\u00a0\u5de5\u4f5c\u9762\u95f4\u5782\u76f4\u5ea6<\/p>\n<p>Perpendicularidad entre las caras de trabajo<\/p>\n<p>&nbsp;<\/td>\n<td colspan=\"2\" width=\"144\">\u6bcf\u5bf9\u5e73\u884c\u89c4\u7684\u7b49\u9ad8\u5ea6Diferencia de altura de los paralelos dentro de un par emparejado.<\/td>\n<\/tr>\n<tr>\n<td colspan=\"5\" width=\"359\">\u7cbe\u5ea6\u7b49\u7ea7Grado de precisi\u00f3n\uff08\u03bcm\uff09<\/td>\n<td width=\"70\"><\/td>\n<\/tr>\n<tr>\n<td width=\"75\">00\u7ea7<\/td>\n<td width=\"75\">0\u7ea7<\/td>\n<td width=\"73\">00\u7ea7<\/td>\n<td width=\"63\">0\u7ea7<\/td>\n<td width=\"73\">00\u7ea7<\/td>\n<td width=\"70\">0\u7ea7<\/td>\n<\/tr>\n<tr>\n<td width=\"129\">160\u00d725\u00d716<\/td>\n<td width=\"75\">1.5<\/td>\n<td width=\"75\">3<\/td>\n<td width=\"73\">20<\/td>\n<td width=\"63\">40<\/td>\n<td width=\"73\">1.5<\/td>\n<td width=\"70\">3<\/td>\n<\/tr>\n<tr>\n<td width=\"129\">250\u00d740\u00d725<\/td>\n<td width=\"75\">2<\/td>\n<td width=\"75\">4<\/td>\n<td width=\"73\">30<\/td>\n<td width=\"63\">60<\/td>\n<td width=\"73\">2<\/td>\n<td width=\"70\">4<\/td>\n<\/tr>\n<tr>\n<td width=\"129\">400\u00d763\u00d740<\/td>\n<td width=\"75\">4<\/td>\n<td width=\"75\">8<\/td>\n<td width=\"73\">40<\/td>\n<td width=\"63\">80<\/td>\n<td width=\"73\">4<\/td>\n<td width=\"70\">8<\/td>\n<\/tr>\n<tr>\n<td width=\"129\">630\u00d7100\u00d763<\/td>\n<td width=\"75\">6<\/td>\n<td width=\"75\">12<\/td>\n<td width=\"73\">50<\/td>\n<td width=\"63\">100<\/td>\n<td width=\"73\">6<\/td>\n<td width=\"70\">12<\/td>\n<\/tr>\n<\/tbody>\n<\/table>","protected":false},"excerpt":{"rendered":"<p>Can replace the equal height block and be used to measure the parallelism of parts. Paired supply. Granite precision measuring tools are made from high-quality &#8220;Jinan green&#8221; stone through mechanical processing and manual precision grinding. High precision, no deformation, good stability, and long lifespan. \u89c4\u683c Dimension \u5de5\u4f5c\u9762\u5e73\u9762\u5ea6\u76f8\u5bf9\u5e73\u884c\u5ea6Planeness or parallelism of the working surface \u00a0\u5de5\u4f5c\u9762\u95f4\u5782\u76f4\u5ea6 Perpendicularity&#8230;<\/p>","protected":false},"featured_media":1448,"template":"","meta":{"_seopress_robots_primary_cat":"","_seopress_titles_title":"","_seopress_titles_desc":"","_seopress_robots_index":"","_kad_blocks_custom_css":"","_kad_blocks_head_custom_js":"","_kad_blocks_body_custom_js":"","_kad_blocks_footer_custom_js":"","_kadence_starter_templates_imported_post":false,"_kad_post_transparent":"default","_kad_post_title":"","_kad_post_layout":"default","_kad_post_sidebar_id":"","_kad_post_content_style":"default","_kad_post_vertical_padding":"default","_kad_post_feature":"","_kad_post_feature_position":"","_kad_post_header":false,"_kad_post_footer":false,"_kad_post_classname":""},"product_brand":[],"product_cat":[40],"product_tag":[],"class_list":{"0":"post-1276","1":"product","2":"type-product","3":"status-publish","4":"has-post-thumbnail","6":"product_cat-tool","8":"first","9":"instock","10":"shipping-taxable","11":"product-type-simple","12":"entry","13":"content-bg","14":"loop-entry"},"taxonomy_info":{"product_cat":[{"value":40,"label":"Granite precision measuring tool"}]},"featured_image_src_large":["https:\/\/jtlcnc.com\/wp-content\/uploads\/2026\/01\/pingxingui2-1024x768.jpg",1024,768,true],"author_info":[],"comment_info":"","_links":{"self":[{"href":"https:\/\/jtlcnc.com\/es\/wp-json\/wp\/v2\/product\/1276","targetHints":{"allow":["GET"]}}],"collection":[{"href":"https:\/\/jtlcnc.com\/es\/wp-json\/wp\/v2\/product"}],"about":[{"href":"https:\/\/jtlcnc.com\/es\/wp-json\/wp\/v2\/types\/product"}],"wp:featuredmedia":[{"embeddable":true,"href":"https:\/\/jtlcnc.com\/es\/wp-json\/wp\/v2\/media\/1448"}],"wp:attachment":[{"href":"https:\/\/jtlcnc.com\/es\/wp-json\/wp\/v2\/media?parent=1276"}],"wp:term":[{"taxonomy":"product_brand","embeddable":true,"href":"https:\/\/jtlcnc.com\/es\/wp-json\/wp\/v2\/product_brand?post=1276"},{"taxonomy":"product_cat","embeddable":true,"href":"https:\/\/jtlcnc.com\/es\/wp-json\/wp\/v2\/product_cat?post=1276"},{"taxonomy":"product_tag","embeddable":true,"href":"https:\/\/jtlcnc.com\/es\/wp-json\/wp\/v2\/product_tag?post=1276"}],"curies":[{"name":"wp","href":"https:\/\/api.w.org\/{rel}","templated":true}]}}