{"id":1270,"date":"2026-01-02T21:32:12","date_gmt":"2026-01-02T13:32:12","guid":{"rendered":"https:\/\/jtlcnc.com\/?post_type=product&#038;p=1270"},"modified":"2026-01-07T17:38:08","modified_gmt":"2026-01-07T09:38:08","slug":"granite-ruler","status":"publish","type":"product","link":"https:\/\/jtlcnc.com\/es\/producto\/granite-ruler\/","title":{"rendered":"Regla de granito"},"content":{"rendered":"<p>Used for measuring straightness and flatness.<br \/>\nLas herramientas de medici\u00f3n de precisi\u00f3n de granito se fabrican con piedra \u201cverde de Jinan\u201d de alta calidad mediante procesamiento mec\u00e1nico y rectificado manual de precisi\u00f3n. Alta precisi\u00f3n, sin deformaci\u00f3n, buena estabilidad y larga vida \u00fatil.<\/p>\n<table>\n<tbody>\n<tr>\n<td rowspan=\"3\" width=\"129\">\u89c4\u683c<br \/>\nDimensi\u00f3n<\/td>\n<td colspan=\"2\" width=\"150\">\u5de5\u4f5c\u9762\u76f4\u7ebf\u5ea6\u6216\u5e73\u9762\u5ea6Straightness or flatness of the working surface<\/td>\n<td colspan=\"2\" width=\"136\">\u00a0\u5de5\u4f5c\u9762\u95f4\u5e73\u884c\u5ea6Parallelism between working faces<\/td>\n<td colspan=\"2\" width=\"144\">\u4fa7\u9762\u5bf9\u5de5\u4f5c\u9762\u5782\u76f4\u5ea6Squareness between working surface\u00a0and surface<\/td>\n<\/tr>\n<tr>\n<td colspan=\"5\" width=\"359\">\u7cbe\u5ea6\u7b49\u7ea7Grado de precisi\u00f3n\uff08\u03bcm\uff09<\/td>\n<td width=\"70\"><\/td>\n<\/tr>\n<tr>\n<td width=\"75\">00\u7ea7<\/td>\n<td width=\"75\">0\u7ea7<\/td>\n<td width=\"73\">00\u7ea7<\/td>\n<td width=\"63\">0\u7ea7<\/td>\n<td width=\"73\">00\u7ea7<\/td>\n<td width=\"70\">0\u7ea7<\/td>\n<\/tr>\n<tr>\n<td width=\"129\">400\u00d760\u00d725<\/td>\n<td width=\"75\">1.6<\/td>\n<td width=\"75\">2.6<\/td>\n<td width=\"73\">2.4<\/td>\n<td width=\"63\">3.9<\/td>\n<td width=\"73\">8.0<\/td>\n<td width=\"70\">13<\/td>\n<\/tr>\n<tr>\n<td width=\"129\">630\u00d7100\u00d735<\/td>\n<td width=\"75\">2.1<\/td>\n<td width=\"75\">3.5<\/td>\n<td width=\"73\">3.2<\/td>\n<td width=\"63\">5.3<\/td>\n<td width=\"73\">10.5<\/td>\n<td width=\"70\">18<\/td>\n<\/tr>\n<tr>\n<td width=\"129\">1000\u00d7160\u00d750<\/td>\n<td width=\"75\">3.0<\/td>\n<td width=\"75\">5.0<\/td>\n<td width=\"73\">4.5<\/td>\n<td width=\"63\">7.5<\/td>\n<td width=\"73\">15<\/td>\n<td width=\"70\">25<\/td>\n<\/tr>\n<tr>\n<td width=\"129\">1600\u00d7250\u00d780<\/td>\n<td width=\"75\">4.4<\/td>\n<td width=\"75\">7.4<\/td>\n<td width=\"73\">6.6<\/td>\n<td width=\"63\">11.1<\/td>\n<td width=\"73\">22<\/td>\n<td width=\"70\">37<\/td>\n<\/tr>\n<tr>\n<td width=\"129\">2000\u00d7300\u00d7100<\/td>\n<td width=\"75\">5.4<\/td>\n<td width=\"75\">10.0<\/td>\n<td width=\"73\">8.1<\/td>\n<td width=\"63\">13.5<\/td>\n<td width=\"73\">27<\/td>\n<td width=\"70\">45<\/td>\n<\/tr>\n<\/tbody>\n<\/table>","protected":false},"excerpt":{"rendered":"<p>Used for measuring straightness and flatness. Granite precision measuring tools are made from high-quality &#8220;Jinan green&#8221; stone through mechanical processing and manual precision grinding. High precision, no deformation, good stability, and long lifespan. \u89c4\u683c Dimension \u5de5\u4f5c\u9762\u76f4\u7ebf\u5ea6\u6216\u5e73\u9762\u5ea6Straightness or flatness of the working surface \u00a0\u5de5\u4f5c\u9762\u95f4\u5e73\u884c\u5ea6Parallelism between working faces \u4fa7\u9762\u5bf9\u5de5\u4f5c\u9762\u5782\u76f4\u5ea6Squareness between working surface\u00a0and surface \u7cbe\u5ea6\u7b49\u7ea7Precision grade\uff08\u03bcm\uff09 00\u7ea7 0\u7ea7&#8230;<\/p>","protected":false},"featured_media":1441,"template":"","meta":{"_seopress_robots_primary_cat":"","_seopress_titles_title":"","_seopress_titles_desc":"","_seopress_robots_index":"","_kad_blocks_custom_css":"","_kad_blocks_head_custom_js":"","_kad_blocks_body_custom_js":"","_kad_blocks_footer_custom_js":"","_kadence_starter_templates_imported_post":false,"_kad_post_transparent":"default","_kad_post_title":"","_kad_post_layout":"default","_kad_post_sidebar_id":"","_kad_post_content_style":"default","_kad_post_vertical_padding":"default","_kad_post_feature":"","_kad_post_feature_position":"","_kad_post_header":false,"_kad_post_footer":false,"_kad_post_classname":""},"product_brand":[],"product_cat":[40],"product_tag":[],"class_list":{"0":"post-1270","1":"product","2":"type-product","3":"status-publish","4":"has-post-thumbnail","6":"product_cat-tool","8":"first","9":"instock","10":"shipping-taxable","11":"product-type-simple","12":"entry","13":"content-bg","14":"loop-entry"},"taxonomy_info":{"product_cat":[{"value":40,"label":"Granite precision measuring tool"}]},"featured_image_src_large":["https:\/\/jtlcnc.com\/wp-content\/uploads\/2026\/01\/pingchixiu-1024x768.jpg",1024,768,true],"author_info":[],"comment_info":"","_links":{"self":[{"href":"https:\/\/jtlcnc.com\/es\/wp-json\/wp\/v2\/product\/1270","targetHints":{"allow":["GET"]}}],"collection":[{"href":"https:\/\/jtlcnc.com\/es\/wp-json\/wp\/v2\/product"}],"about":[{"href":"https:\/\/jtlcnc.com\/es\/wp-json\/wp\/v2\/types\/product"}],"wp:featuredmedia":[{"embeddable":true,"href":"https:\/\/jtlcnc.com\/es\/wp-json\/wp\/v2\/media\/1441"}],"wp:attachment":[{"href":"https:\/\/jtlcnc.com\/es\/wp-json\/wp\/v2\/media?parent=1270"}],"wp:term":[{"taxonomy":"product_brand","embeddable":true,"href":"https:\/\/jtlcnc.com\/es\/wp-json\/wp\/v2\/product_brand?post=1270"},{"taxonomy":"product_cat","embeddable":true,"href":"https:\/\/jtlcnc.com\/es\/wp-json\/wp\/v2\/product_cat?post=1270"},{"taxonomy":"product_tag","embeddable":true,"href":"https:\/\/jtlcnc.com\/es\/wp-json\/wp\/v2\/product_tag?post=1270"}],"curies":[{"name":"wp","href":"https:\/\/api.w.org\/{rel}","templated":true}]}}